{"id":6419,"date":"2018-07-28T18:08:03","date_gmt":"2018-07-28T18:08:03","guid":{"rendered":"https:\/\/accesbeaute.ca\/achat\/underarm-deodorant-spray-gerlasan-range-gehwol\/"},"modified":"2018-07-28T18:08:03","modified_gmt":"2018-07-28T18:08:03","slug":"underarm-deodorant-spray-gerlasan-range-gehwol","status":"publish","type":"product","link":"https:\/\/accesbeaute.ca\/en\/buy\/underarm-deodorant-spray-gerlasan-range-gehwol\/","title":{"rendered":"Underarm deodorant spray- Gerlasan range &#8211; Gehwol"},"content":{"rendered":"<ul>\n<li>Intensive dual action deodorant for the armpits<\/li>\n<li>Limits the formation and spread of bacteria<\/li>\n<li>Fights the effect of enzymes and unpleasant odors<\/li>\n<li>Regulates excessive sweating<\/li>\n<li>Soft, skin-friendly and non-irritating formula<\/li>\n<li>Environmentally friendly dermatological protective substances<\/li>\n<li>Delicate fragrance<\/li>\n<li>Long lasting effect<\/li>\n<li>Doesn&#8217;t stain the clothes<\/li>\n<li>Provides a feeling of freshness and cleanliness<\/li>\n<li>Size: 150 ml<\/li>\n<\/ul>\n<p>Formulated with dermatological protective substances respecting the environment, Gehwol Deodorant Spray intensively treats the sweating of the armpits by a technology combining a double action.<\/p>\n<p><span class=\"text-black\">Deodorant active ingredients prevent the formation of bacteria causing odors. On the one hand, this long-lasting body care prevents decomposition of sweat effectively limiting the spread of bacteria. <\/span><span class=\"text-black\">On the other hand, it regulates excessive sweating by counteracting the effect of enzymes.<\/span><\/p>\n<p>Very soft and perfectly compatible with the skin, the intensive deodorant of the Gerlasan range does not irritate the epidermis or stain clothing.<\/p>\n<p class=\"lead\"><span class=\"text-black\">Its delicate fragrance provides a feeling of freshness and cleanliness to the skin. <\/span><span class=\"text-black\">Much more than a deodorant that masks odors, this performance care treats the problem at the source.<\/span><\/p>\n","protected":false},"excerpt":{"rendered":"<hr class=\"ligne-grise\" \/>\n<p><strong>Brand:<\/strong> <a href=\"\/acheter\/gehwol\">Gehwol<\/a><\/p>\n<p>With its intensive, long-lasting and highly effective formula, the deodorant combines a dual action to neutralize the spread of bacteria and regulate perspiration.<\/p>\n","protected":false},"featured_media":6420,"template":"","meta":{"_et_pb_use_builder":"","_et_pb_old_content":"","_et_gb_content_width":""},"product_brand":[],"product_cat":[197,214],"product_tag":[203],"class_list":{"0":"post-6419","1":"product","2":"type-product","3":"status-publish","4":"has-post-thumbnail","6":"product_cat-gehwol-en","7":"product_cat-produit-de-beaute-soin-du-corps-en","8":"product_tag-gehwol-en","10":"first","11":"instock","12":"taxable","13":"shipping-taxable","14":"purchasable","15":"product-type-simple"},"yoast_head":"<!-- This site is optimized with the Yoast SEO plugin v27.3 - https:\/\/yoast.com\/product\/yoast-seo-wordpress\/ -->\n<title>Underarm deodorant spray- Gerlasan range - Gehwol  - Achat en ligne<\/title>\n<meta name=\"description\" content=\"%\" \/>\n<meta name=\"robots\" content=\"index, follow, max-snippet:-1, max-image-preview:large, max-video-preview:-1\" \/>\n<link rel=\"canonical\" href=\"https:\/\/accesbeaute.ca\/en\/buy\/underarm-deodorant-spray-gerlasan-range-gehwol\/\" \/>\n<meta property=\"og:locale\" content=\"en_US\" \/>\n<meta property=\"og:type\" content=\"article\" \/>\n<meta property=\"og:title\" content=\"Underarm deodorant spray- Gerlasan range - Gehwol  - Achat en ligne\" \/>\n<meta property=\"og:description\" content=\"%\" \/>\n<meta property=\"og:url\" content=\"https:\/\/accesbeaute.ca\/en\/buy\/underarm-deodorant-spray-gerlasan-range-gehwol\/\" \/>\n<meta property=\"og:site_name\" content=\"Acc\u00e8s Beaut\u00e9\" \/>\n<meta property=\"og:image\" content=\"https:\/\/accesbeaute.ca\/wp-content\/uploads\/2018\/07\/deodorant-en-vaporisateur-previent-les-bacteries-gehwol-gerlasan.jpg\" \/>\n\t<meta property=\"og:image:width\" content=\"1045\" \/>\n\t<meta property=\"og:image:height\" content=\"1045\" \/>\n\t<meta property=\"og:image:type\" content=\"image\/jpeg\" \/>\n<meta name=\"twitter:card\" content=\"summary_large_image\" \/>\n<meta name=\"twitter:label1\" content=\"Est. reading time\" \/>\n\t<meta name=\"twitter:data1\" content=\"1 minute\" \/>\n<script type=\"application\/ld+json\" class=\"yoast-schema-graph\">{\"@context\":\"https:\\\/\\\/schema.org\",\"@graph\":[{\"@type\":\"WebPage\",\"@id\":\"https:\\\/\\\/accesbeaute.ca\\\/en\\\/buy\\\/underarm-deodorant-spray-gerlasan-range-gehwol\\\/\",\"url\":\"https:\\\/\\\/accesbeaute.ca\\\/en\\\/buy\\\/underarm-deodorant-spray-gerlasan-range-gehwol\\\/\",\"name\":\"Underarm deodorant spray- Gerlasan range - Gehwol - Achat en ligne\",\"isPartOf\":{\"@id\":\"https:\\\/\\\/accesbeaute.ca\\\/en\\\/#website\"},\"primaryImageOfPage\":{\"@id\":\"https:\\\/\\\/accesbeaute.ca\\\/en\\\/buy\\\/underarm-deodorant-spray-gerlasan-range-gehwol\\\/#primaryimage\"},\"image\":{\"@id\":\"https:\\\/\\\/accesbeaute.ca\\\/en\\\/buy\\\/underarm-deodorant-spray-gerlasan-range-gehwol\\\/#primaryimage\"},\"thumbnailUrl\":\"https:\\\/\\\/accesbeaute.ca\\\/wp-content\\\/uploads\\\/2018\\\/07\\\/deodorant-en-vaporisateur-previent-les-bacteries-gehwol-gerlasan.jpg\",\"datePublished\":\"2018-07-28T18:08:03+00:00\",\"description\":\"%\",\"breadcrumb\":{\"@id\":\"https:\\\/\\\/accesbeaute.ca\\\/en\\\/buy\\\/underarm-deodorant-spray-gerlasan-range-gehwol\\\/#breadcrumb\"},\"inLanguage\":\"en-US\",\"potentialAction\":[{\"@type\":\"ReadAction\",\"target\":[\"https:\\\/\\\/accesbeaute.ca\\\/en\\\/buy\\\/underarm-deodorant-spray-gerlasan-range-gehwol\\\/\"]}]},{\"@type\":\"ImageObject\",\"inLanguage\":\"en-US\",\"@id\":\"https:\\\/\\\/accesbeaute.ca\\\/en\\\/buy\\\/underarm-deodorant-spray-gerlasan-range-gehwol\\\/#primaryimage\",\"url\":\"https:\\\/\\\/accesbeaute.ca\\\/wp-content\\\/uploads\\\/2018\\\/07\\\/deodorant-en-vaporisateur-previent-les-bacteries-gehwol-gerlasan.jpg\",\"contentUrl\":\"https:\\\/\\\/accesbeaute.ca\\\/wp-content\\\/uploads\\\/2018\\\/07\\\/deodorant-en-vaporisateur-previent-les-bacteries-gehwol-gerlasan.jpg\",\"width\":1045,\"height\":1045},{\"@type\":\"BreadcrumbList\",\"@id\":\"https:\\\/\\\/accesbeaute.ca\\\/en\\\/buy\\\/underarm-deodorant-spray-gerlasan-range-gehwol\\\/#breadcrumb\",\"itemListElement\":[{\"@type\":\"ListItem\",\"position\":1,\"name\":\"Accueil\",\"item\":\"https:\\\/\\\/accesbeaute.ca\\\/en\\\/\"},{\"@type\":\"ListItem\",\"position\":2,\"name\":\"Boutique\",\"item\":\"https:\\\/\\\/accesbeaute.ca\\\/boutique\\\/\"},{\"@type\":\"ListItem\",\"position\":3,\"name\":\"Gehwol\",\"item\":\"https:\\\/\\\/accesbeaute.ca\\\/en\\\/acheter\\\/gehwol-en\\\/\"},{\"@type\":\"ListItem\",\"position\":4,\"name\":\"Underarm deodorant spray- Gerlasan range &#8211; Gehwol\"}]},{\"@type\":\"WebSite\",\"@id\":\"https:\\\/\\\/accesbeaute.ca\\\/en\\\/#website\",\"url\":\"https:\\\/\\\/accesbeaute.ca\\\/en\\\/\",\"name\":\"Acc\u00e8s Beaut\u00e9\",\"description\":\"Achat de produits de beaut\u00e9 en ligne\",\"potentialAction\":[{\"@type\":\"SearchAction\",\"target\":{\"@type\":\"EntryPoint\",\"urlTemplate\":\"https:\\\/\\\/accesbeaute.ca\\\/en\\\/?s={search_term_string}\"},\"query-input\":{\"@type\":\"PropertyValueSpecification\",\"valueRequired\":true,\"valueName\":\"search_term_string\"}}],\"inLanguage\":\"en-US\"}]}<\/script>\n<!-- \/ Yoast SEO plugin. -->","yoast_head_json":{"title":"Underarm deodorant spray- Gerlasan range - Gehwol  - Achat en ligne","description":"%","robots":{"index":"index","follow":"follow","max-snippet":"max-snippet:-1","max-image-preview":"max-image-preview:large","max-video-preview":"max-video-preview:-1"},"canonical":"https:\/\/accesbeaute.ca\/en\/buy\/underarm-deodorant-spray-gerlasan-range-gehwol\/","og_locale":"en_US","og_type":"article","og_title":"Underarm deodorant spray- Gerlasan range - Gehwol  - Achat en ligne","og_description":"%","og_url":"https:\/\/accesbeaute.ca\/en\/buy\/underarm-deodorant-spray-gerlasan-range-gehwol\/","og_site_name":"Acc\u00e8s Beaut\u00e9","og_image":[{"width":1045,"height":1045,"url":"https:\/\/accesbeaute.ca\/wp-content\/uploads\/2018\/07\/deodorant-en-vaporisateur-previent-les-bacteries-gehwol-gerlasan.jpg","type":"image\/jpeg"}],"twitter_card":"summary_large_image","twitter_misc":{"Est. reading time":"1 minute"},"schema":{"@context":"https:\/\/schema.org","@graph":[{"@type":"WebPage","@id":"https:\/\/accesbeaute.ca\/en\/buy\/underarm-deodorant-spray-gerlasan-range-gehwol\/","url":"https:\/\/accesbeaute.ca\/en\/buy\/underarm-deodorant-spray-gerlasan-range-gehwol\/","name":"Underarm deodorant spray- Gerlasan range - Gehwol - Achat en ligne","isPartOf":{"@id":"https:\/\/accesbeaute.ca\/en\/#website"},"primaryImageOfPage":{"@id":"https:\/\/accesbeaute.ca\/en\/buy\/underarm-deodorant-spray-gerlasan-range-gehwol\/#primaryimage"},"image":{"@id":"https:\/\/accesbeaute.ca\/en\/buy\/underarm-deodorant-spray-gerlasan-range-gehwol\/#primaryimage"},"thumbnailUrl":"https:\/\/accesbeaute.ca\/wp-content\/uploads\/2018\/07\/deodorant-en-vaporisateur-previent-les-bacteries-gehwol-gerlasan.jpg","datePublished":"2018-07-28T18:08:03+00:00","description":"%","breadcrumb":{"@id":"https:\/\/accesbeaute.ca\/en\/buy\/underarm-deodorant-spray-gerlasan-range-gehwol\/#breadcrumb"},"inLanguage":"en-US","potentialAction":[{"@type":"ReadAction","target":["https:\/\/accesbeaute.ca\/en\/buy\/underarm-deodorant-spray-gerlasan-range-gehwol\/"]}]},{"@type":"ImageObject","inLanguage":"en-US","@id":"https:\/\/accesbeaute.ca\/en\/buy\/underarm-deodorant-spray-gerlasan-range-gehwol\/#primaryimage","url":"https:\/\/accesbeaute.ca\/wp-content\/uploads\/2018\/07\/deodorant-en-vaporisateur-previent-les-bacteries-gehwol-gerlasan.jpg","contentUrl":"https:\/\/accesbeaute.ca\/wp-content\/uploads\/2018\/07\/deodorant-en-vaporisateur-previent-les-bacteries-gehwol-gerlasan.jpg","width":1045,"height":1045},{"@type":"BreadcrumbList","@id":"https:\/\/accesbeaute.ca\/en\/buy\/underarm-deodorant-spray-gerlasan-range-gehwol\/#breadcrumb","itemListElement":[{"@type":"ListItem","position":1,"name":"Accueil","item":"https:\/\/accesbeaute.ca\/en\/"},{"@type":"ListItem","position":2,"name":"Boutique","item":"https:\/\/accesbeaute.ca\/boutique\/"},{"@type":"ListItem","position":3,"name":"Gehwol","item":"https:\/\/accesbeaute.ca\/en\/acheter\/gehwol-en\/"},{"@type":"ListItem","position":4,"name":"Underarm deodorant spray- Gerlasan range &#8211; Gehwol"}]},{"@type":"WebSite","@id":"https:\/\/accesbeaute.ca\/en\/#website","url":"https:\/\/accesbeaute.ca\/en\/","name":"Acc\u00e8s Beaut\u00e9","description":"Achat de produits de beaut\u00e9 en ligne","potentialAction":[{"@type":"SearchAction","target":{"@type":"EntryPoint","urlTemplate":"https:\/\/accesbeaute.ca\/en\/?s={search_term_string}"},"query-input":{"@type":"PropertyValueSpecification","valueRequired":true,"valueName":"search_term_string"}}],"inLanguage":"en-US"}]}},"_links":{"self":[{"href":"https:\/\/accesbeaute.ca\/en\/wp-json\/wp\/v2\/product\/6419","targetHints":{"allow":["GET"]}}],"collection":[{"href":"https:\/\/accesbeaute.ca\/en\/wp-json\/wp\/v2\/product"}],"about":[{"href":"https:\/\/accesbeaute.ca\/en\/wp-json\/wp\/v2\/types\/product"}],"wp:featuredmedia":[{"embeddable":true,"href":"https:\/\/accesbeaute.ca\/en\/wp-json\/wp\/v2\/media\/6420"}],"wp:attachment":[{"href":"https:\/\/accesbeaute.ca\/en\/wp-json\/wp\/v2\/media?parent=6419"}],"wp:term":[{"taxonomy":"product_brand","embeddable":true,"href":"https:\/\/accesbeaute.ca\/en\/wp-json\/wp\/v2\/product_brand?post=6419"},{"taxonomy":"product_cat","embeddable":true,"href":"https:\/\/accesbeaute.ca\/en\/wp-json\/wp\/v2\/product_cat?post=6419"},{"taxonomy":"product_tag","embeddable":true,"href":"https:\/\/accesbeaute.ca\/en\/wp-json\/wp\/v2\/product_tag?post=6419"}],"curies":[{"name":"wp","href":"https:\/\/api.w.org\/{rel}","templated":true}]}}