{"id":6421,"date":"2018-07-28T18:08:02","date_gmt":"2018-07-28T18:08:02","guid":{"rendered":"https:\/\/accesbeaute.ca\/achat\/deodorant-foot-cream-24h-protection-med-range-gehwol\/"},"modified":"2026-04-07T00:03:18","modified_gmt":"2026-04-07T00:03:18","slug":"deodorant-foot-cream-24h-protection-med-range-gehwol","status":"publish","type":"product","link":"https:\/\/accesbeaute.ca\/en\/buy\/deodorant-foot-cream-24h-protection-med-range-gehwol\/","title":{"rendered":"Deodorant foot cream &#8211; 24h protection &#8211; Med range &#8211; Gehwol"},"content":{"rendered":"<ul>\n<li>Deodorant and antiseptic foot cream<\/li>\n<li>Eliminates strong foot odors for at least 24 hours<\/li>\n<li>Contains highly concentrated extracts of manuka oil and micronized zinc oxide for complete disinfection<\/li>\n<li>Intensely combats bacteria, fungus and mildew<\/li>\n<li>Nourishes, moisturizes, softens and regenerates sensitive skin<\/li>\n<li>Promotes excellent foot hygiene<\/li>\n<li>Sweet, tangy, refreshing fragrance<\/li>\n<li>Size: 75 ml<\/li>\n<\/ul>\n<p><span class=\"text-gamma\">Deodorant foot cream<\/span>\u00a0with its pleasant odour combines the highly concentrated active substance extract of Manuka oil with micronised zinc oxide to remove strong foot odour for at least 24 hours in a nourishing cream base with jojoba oil and aloe vera.<\/p>\n<p>The extract, which is being used in foot care for the first time, contains all the active substances of the well-known. Manuka oil and is particularly suitable for foot hygiene due to its excellent effects against bacteria and fungi. Zinc oxide in its highly effective micronised form is an active substance that is extremely well-proven in the care of sensitive skin, with antimicrobial and skin-protecting properties. Aloe vera has a bacteriostatic, anti-inflammatory, regenerating and moisturising effect. As a natural liquid wax, jojoba oil is rapidly absorbed by the skin. It contains valuable unsaturated fatty acids and supports the natural functions of the skin.<\/p>\n<p>Regular use of the mildly moisturising cream gives you odourless feet, softens your skin and protects against fungal infections.<\/p>\n","protected":false},"excerpt":{"rendered":"<hr class=\"ligne-grise\" \/>\n<p><strong>Brand:<\/strong> <a href=\"\/acheter\/gehwol\">Gehwol<\/a><\/p>\n<p>Highly concentrated in manuka oil and zinc oxide, the deodorant cream eliminates strong odors for 24 hours while regenerating, refreshing and moisturizing feet.<\/p>\n","protected":false},"featured_media":6422,"template":"","meta":{"_et_pb_use_builder":"","_et_pb_old_content":"","_et_gb_content_width":""},"product_brand":[],"product_cat":[197,251,250,243],"product_tag":[203],"class_list":{"0":"post-6421","1":"product","2":"type-product","3":"status-publish","4":"has-post-thumbnail","6":"product_cat-gehwol-en","7":"product_cat-soins-pour-la-transpiration-des-pieds-en","8":"product_cat-soins-pour-les-odeurs-des-pieds-en","9":"product_cat-soins-revitalisants-pour-les-pieds-en","10":"product_tag-gehwol-en","12":"first","13":"instock","14":"taxable","15":"shipping-taxable","16":"purchasable","17":"product-type-simple"},"yoast_head":"<!-- This site is optimized with the Yoast SEO plugin v27.3 - https:\/\/yoast.com\/product\/yoast-seo-wordpress\/ -->\n<title>Deodorant foot cream - 24h protection - Med range - Gehwol  - Achat en ligne<\/title>\n<meta name=\"description\" content=\"%\" \/>\n<meta name=\"robots\" content=\"index, follow, max-snippet:-1, max-image-preview:large, max-video-preview:-1\" \/>\n<link rel=\"canonical\" href=\"https:\/\/accesbeaute.ca\/en\/buy\/deodorant-foot-cream-24h-protection-med-range-gehwol\/\" \/>\n<meta property=\"og:locale\" content=\"en_US\" \/>\n<meta property=\"og:type\" content=\"article\" \/>\n<meta property=\"og:title\" content=\"Deodorant foot cream - 24h protection - Med range - Gehwol  - Achat en ligne\" \/>\n<meta property=\"og:description\" content=\"%\" \/>\n<meta property=\"og:url\" content=\"https:\/\/accesbeaute.ca\/en\/buy\/deodorant-foot-cream-24h-protection-med-range-gehwol\/\" \/>\n<meta property=\"og:site_name\" content=\"Acc\u00e8s Beaut\u00e9\" \/>\n<meta property=\"article:modified_time\" content=\"2026-04-07T00:03:18+00:00\" \/>\n<meta property=\"og:image\" content=\"https:\/\/accesbeaute.ca\/wp-content\/uploads\/2018\/07\/deodorant-creme-pour-les-pieds-gehwol-med-pieds-frais-24h.jpg\" \/>\n\t<meta property=\"og:image:width\" content=\"1200\" \/>\n\t<meta property=\"og:image:height\" content=\"1200\" \/>\n\t<meta property=\"og:image:type\" content=\"image\/jpeg\" \/>\n<meta name=\"twitter:card\" content=\"summary_large_image\" \/>\n<meta name=\"twitter:label1\" content=\"Est. reading time\" \/>\n\t<meta name=\"twitter:data1\" content=\"1 minute\" \/>\n<script type=\"application\/ld+json\" class=\"yoast-schema-graph\">{\"@context\":\"https:\\\/\\\/schema.org\",\"@graph\":[{\"@type\":\"WebPage\",\"@id\":\"https:\\\/\\\/accesbeaute.ca\\\/en\\\/buy\\\/deodorant-foot-cream-24h-protection-med-range-gehwol\\\/\",\"url\":\"https:\\\/\\\/accesbeaute.ca\\\/en\\\/buy\\\/deodorant-foot-cream-24h-protection-med-range-gehwol\\\/\",\"name\":\"Deodorant foot cream - 24h protection - Med range - Gehwol - Achat en ligne\",\"isPartOf\":{\"@id\":\"https:\\\/\\\/accesbeaute.ca\\\/en\\\/#website\"},\"primaryImageOfPage\":{\"@id\":\"https:\\\/\\\/accesbeaute.ca\\\/en\\\/buy\\\/deodorant-foot-cream-24h-protection-med-range-gehwol\\\/#primaryimage\"},\"image\":{\"@id\":\"https:\\\/\\\/accesbeaute.ca\\\/en\\\/buy\\\/deodorant-foot-cream-24h-protection-med-range-gehwol\\\/#primaryimage\"},\"thumbnailUrl\":\"https:\\\/\\\/accesbeaute.ca\\\/wp-content\\\/uploads\\\/2018\\\/07\\\/deodorant-creme-pour-les-pieds-gehwol-med-pieds-frais-24h.jpg\",\"datePublished\":\"2018-07-28T18:08:02+00:00\",\"dateModified\":\"2026-04-07T00:03:18+00:00\",\"description\":\"%\",\"breadcrumb\":{\"@id\":\"https:\\\/\\\/accesbeaute.ca\\\/en\\\/buy\\\/deodorant-foot-cream-24h-protection-med-range-gehwol\\\/#breadcrumb\"},\"inLanguage\":\"en-US\",\"potentialAction\":[{\"@type\":\"ReadAction\",\"target\":[\"https:\\\/\\\/accesbeaute.ca\\\/en\\\/buy\\\/deodorant-foot-cream-24h-protection-med-range-gehwol\\\/\"]}]},{\"@type\":\"ImageObject\",\"inLanguage\":\"en-US\",\"@id\":\"https:\\\/\\\/accesbeaute.ca\\\/en\\\/buy\\\/deodorant-foot-cream-24h-protection-med-range-gehwol\\\/#primaryimage\",\"url\":\"https:\\\/\\\/accesbeaute.ca\\\/wp-content\\\/uploads\\\/2018\\\/07\\\/deodorant-creme-pour-les-pieds-gehwol-med-pieds-frais-24h.jpg\",\"contentUrl\":\"https:\\\/\\\/accesbeaute.ca\\\/wp-content\\\/uploads\\\/2018\\\/07\\\/deodorant-creme-pour-les-pieds-gehwol-med-pieds-frais-24h.jpg\",\"width\":1200,\"height\":1200},{\"@type\":\"BreadcrumbList\",\"@id\":\"https:\\\/\\\/accesbeaute.ca\\\/en\\\/buy\\\/deodorant-foot-cream-24h-protection-med-range-gehwol\\\/#breadcrumb\",\"itemListElement\":[{\"@type\":\"ListItem\",\"position\":1,\"name\":\"Accueil\",\"item\":\"https:\\\/\\\/accesbeaute.ca\\\/en\\\/\"},{\"@type\":\"ListItem\",\"position\":2,\"name\":\"Boutique\",\"item\":\"https:\\\/\\\/accesbeaute.ca\\\/boutique\\\/\"},{\"@type\":\"ListItem\",\"position\":3,\"name\":\"Soins pour les odeurs des pieds\",\"item\":\"https:\\\/\\\/accesbeaute.ca\\\/en\\\/acheter\\\/soins-pour-les-odeurs-des-pieds-en\\\/\"},{\"@type\":\"ListItem\",\"position\":4,\"name\":\"Deodorant foot cream &#8211; 24h protection &#8211; Med range &#8211; Gehwol\"}]},{\"@type\":\"WebSite\",\"@id\":\"https:\\\/\\\/accesbeaute.ca\\\/en\\\/#website\",\"url\":\"https:\\\/\\\/accesbeaute.ca\\\/en\\\/\",\"name\":\"Acc\u00e8s Beaut\u00e9\",\"description\":\"Achat de produits de beaut\u00e9 en ligne\",\"potentialAction\":[{\"@type\":\"SearchAction\",\"target\":{\"@type\":\"EntryPoint\",\"urlTemplate\":\"https:\\\/\\\/accesbeaute.ca\\\/en\\\/?s={search_term_string}\"},\"query-input\":{\"@type\":\"PropertyValueSpecification\",\"valueRequired\":true,\"valueName\":\"search_term_string\"}}],\"inLanguage\":\"en-US\"}]}<\/script>\n<!-- \/ Yoast SEO plugin. -->","yoast_head_json":{"title":"Deodorant foot cream - 24h protection - Med range - Gehwol  - Achat en ligne","description":"%","robots":{"index":"index","follow":"follow","max-snippet":"max-snippet:-1","max-image-preview":"max-image-preview:large","max-video-preview":"max-video-preview:-1"},"canonical":"https:\/\/accesbeaute.ca\/en\/buy\/deodorant-foot-cream-24h-protection-med-range-gehwol\/","og_locale":"en_US","og_type":"article","og_title":"Deodorant foot cream - 24h protection - Med range - Gehwol  - Achat en ligne","og_description":"%","og_url":"https:\/\/accesbeaute.ca\/en\/buy\/deodorant-foot-cream-24h-protection-med-range-gehwol\/","og_site_name":"Acc\u00e8s Beaut\u00e9","article_modified_time":"2026-04-07T00:03:18+00:00","og_image":[{"width":1200,"height":1200,"url":"https:\/\/accesbeaute.ca\/wp-content\/uploads\/2018\/07\/deodorant-creme-pour-les-pieds-gehwol-med-pieds-frais-24h.jpg","type":"image\/jpeg"}],"twitter_card":"summary_large_image","twitter_misc":{"Est. reading time":"1 minute"},"schema":{"@context":"https:\/\/schema.org","@graph":[{"@type":"WebPage","@id":"https:\/\/accesbeaute.ca\/en\/buy\/deodorant-foot-cream-24h-protection-med-range-gehwol\/","url":"https:\/\/accesbeaute.ca\/en\/buy\/deodorant-foot-cream-24h-protection-med-range-gehwol\/","name":"Deodorant foot cream - 24h protection - Med range - Gehwol - Achat en ligne","isPartOf":{"@id":"https:\/\/accesbeaute.ca\/en\/#website"},"primaryImageOfPage":{"@id":"https:\/\/accesbeaute.ca\/en\/buy\/deodorant-foot-cream-24h-protection-med-range-gehwol\/#primaryimage"},"image":{"@id":"https:\/\/accesbeaute.ca\/en\/buy\/deodorant-foot-cream-24h-protection-med-range-gehwol\/#primaryimage"},"thumbnailUrl":"https:\/\/accesbeaute.ca\/wp-content\/uploads\/2018\/07\/deodorant-creme-pour-les-pieds-gehwol-med-pieds-frais-24h.jpg","datePublished":"2018-07-28T18:08:02+00:00","dateModified":"2026-04-07T00:03:18+00:00","description":"%","breadcrumb":{"@id":"https:\/\/accesbeaute.ca\/en\/buy\/deodorant-foot-cream-24h-protection-med-range-gehwol\/#breadcrumb"},"inLanguage":"en-US","potentialAction":[{"@type":"ReadAction","target":["https:\/\/accesbeaute.ca\/en\/buy\/deodorant-foot-cream-24h-protection-med-range-gehwol\/"]}]},{"@type":"ImageObject","inLanguage":"en-US","@id":"https:\/\/accesbeaute.ca\/en\/buy\/deodorant-foot-cream-24h-protection-med-range-gehwol\/#primaryimage","url":"https:\/\/accesbeaute.ca\/wp-content\/uploads\/2018\/07\/deodorant-creme-pour-les-pieds-gehwol-med-pieds-frais-24h.jpg","contentUrl":"https:\/\/accesbeaute.ca\/wp-content\/uploads\/2018\/07\/deodorant-creme-pour-les-pieds-gehwol-med-pieds-frais-24h.jpg","width":1200,"height":1200},{"@type":"BreadcrumbList","@id":"https:\/\/accesbeaute.ca\/en\/buy\/deodorant-foot-cream-24h-protection-med-range-gehwol\/#breadcrumb","itemListElement":[{"@type":"ListItem","position":1,"name":"Accueil","item":"https:\/\/accesbeaute.ca\/en\/"},{"@type":"ListItem","position":2,"name":"Boutique","item":"https:\/\/accesbeaute.ca\/boutique\/"},{"@type":"ListItem","position":3,"name":"Soins pour les odeurs des pieds","item":"https:\/\/accesbeaute.ca\/en\/acheter\/soins-pour-les-odeurs-des-pieds-en\/"},{"@type":"ListItem","position":4,"name":"Deodorant foot cream &#8211; 24h protection &#8211; Med range &#8211; Gehwol"}]},{"@type":"WebSite","@id":"https:\/\/accesbeaute.ca\/en\/#website","url":"https:\/\/accesbeaute.ca\/en\/","name":"Acc\u00e8s Beaut\u00e9","description":"Achat de produits de beaut\u00e9 en ligne","potentialAction":[{"@type":"SearchAction","target":{"@type":"EntryPoint","urlTemplate":"https:\/\/accesbeaute.ca\/en\/?s={search_term_string}"},"query-input":{"@type":"PropertyValueSpecification","valueRequired":true,"valueName":"search_term_string"}}],"inLanguage":"en-US"}]}},"_links":{"self":[{"href":"https:\/\/accesbeaute.ca\/en\/wp-json\/wp\/v2\/product\/6421","targetHints":{"allow":["GET"]}}],"collection":[{"href":"https:\/\/accesbeaute.ca\/en\/wp-json\/wp\/v2\/product"}],"about":[{"href":"https:\/\/accesbeaute.ca\/en\/wp-json\/wp\/v2\/types\/product"}],"wp:featuredmedia":[{"embeddable":true,"href":"https:\/\/accesbeaute.ca\/en\/wp-json\/wp\/v2\/media\/6422"}],"wp:attachment":[{"href":"https:\/\/accesbeaute.ca\/en\/wp-json\/wp\/v2\/media?parent=6421"}],"wp:term":[{"taxonomy":"product_brand","embeddable":true,"href":"https:\/\/accesbeaute.ca\/en\/wp-json\/wp\/v2\/product_brand?post=6421"},{"taxonomy":"product_cat","embeddable":true,"href":"https:\/\/accesbeaute.ca\/en\/wp-json\/wp\/v2\/product_cat?post=6421"},{"taxonomy":"product_tag","embeddable":true,"href":"https:\/\/accesbeaute.ca\/en\/wp-json\/wp\/v2\/product_tag?post=6421"}],"curies":[{"name":"wp","href":"https:\/\/api.w.org\/{rel}","templated":true}]}}