{"id":6426,"date":"2018-07-28T18:08:02","date_gmt":"2018-07-28T18:08:02","guid":{"rendered":"https:\/\/accesbeaute.ca\/achat\/nail-softener-prevents-ingrown-toenails-med-range-gehwol\/"},"modified":"2026-04-07T00:03:19","modified_gmt":"2026-04-07T00:03:19","slug":"nail-softener-prevents-ingrown-toenails-med-range-gehwol","status":"publish","type":"product","link":"https:\/\/accesbeaute.ca\/en\/buy\/nail-softener-prevents-ingrown-toenails-med-range-gehwol\/","title":{"rendered":"Nail Softener &#8211; Prevents ingrown toenails &#8211; Med range &#8211; Gehwol"},"content":{"rendered":"<ul>\n<li>Softening lotion for toenails and surrounding skin<\/li>\n<li>Protects against excessive horn formation<\/li>\n<li>Prevents and\/or treats ingrown toenails<\/li>\n<li>Quickly softens nail contour<\/li>\n<li>Makes the cuticle more elastic, allowing it to grow back easily<\/li>\n<li>Relieves painful pressure of nail on skin tissue<\/li>\n<li>Size: 15 ml<\/li>\n<\/ul>\n<p>With its nourishing and highly moisturizing properties, Gehwol Med&#8217;s nail softener prevents the formation of corns and ingrown toenails.<\/p>\n<p>Its intensely softening action loosens and softens the nail contour. Once the solution has been absorbed, rough, dry cuticles quickly become more supple and can be easily pushed back.<\/p>\n<p>The antiseptic and healing properties of chamomile extract (bisabobol) effectively treat inflammation and chapping. This treatment relieves the painful pressure of the nail on the skin tissue, providing a sense of well-being.<\/p>\n","protected":false},"excerpt":{"rendered":"<hr class=\"ligne-grise\" \/>\n<p><strong>Brand:<\/strong> <a href=\"\/acheter\/gehwol\">Gehwol<\/a><\/p>\n<p>Enriched with glycerine and chamomile extract, the softener prevents horn formation and relieves the painful pressure of ingrown toenails by softening the skin.<\/p>\n","protected":false},"featured_media":6427,"template":"","meta":{"_et_pb_use_builder":"","_et_pb_old_content":"","_et_gb_content_width":""},"product_brand":[],"product_cat":[197,199],"product_tag":[203],"class_list":{"0":"post-6426","1":"product","2":"type-product","3":"status-publish","4":"has-post-thumbnail","6":"product_cat-gehwol-en","7":"product_cat-soins-pour-les-ongles-d-orteils-en","8":"product_tag-gehwol-en","10":"first","11":"instock","12":"taxable","13":"shipping-taxable","14":"purchasable","15":"product-type-simple"},"yoast_head":"<!-- This site is optimized with the Yoast SEO plugin v27.3 - https:\/\/yoast.com\/product\/yoast-seo-wordpress\/ -->\n<title>Nail Softener - Prevents ingrown toenails - Med range - Gehwol  - Achat en ligne<\/title>\n<meta name=\"description\" content=\"%\" \/>\n<meta name=\"robots\" content=\"index, follow, max-snippet:-1, max-image-preview:large, max-video-preview:-1\" \/>\n<link rel=\"canonical\" href=\"https:\/\/accesbeaute.ca\/en\/buy\/nail-softener-prevents-ingrown-toenails-med-range-gehwol\/\" \/>\n<meta property=\"og:locale\" content=\"en_US\" \/>\n<meta property=\"og:type\" content=\"article\" \/>\n<meta property=\"og:title\" content=\"Nail Softener - Prevents ingrown toenails - Med range - Gehwol  - Achat en ligne\" \/>\n<meta property=\"og:description\" content=\"%\" \/>\n<meta property=\"og:url\" content=\"https:\/\/accesbeaute.ca\/en\/buy\/nail-softener-prevents-ingrown-toenails-med-range-gehwol\/\" \/>\n<meta property=\"og:site_name\" content=\"Acc\u00e8s Beaut\u00e9\" \/>\n<meta property=\"article:modified_time\" content=\"2026-04-07T00:03:19+00:00\" \/>\n<meta property=\"og:image\" content=\"https:\/\/accesbeaute.ca\/wp-content\/uploads\/2018\/07\/emollient-pour-ongles-orteils-gehwol-med-reduit-corne-et-ongles-incarnes.jpg\" \/>\n\t<meta property=\"og:image:width\" content=\"1200\" \/>\n\t<meta property=\"og:image:height\" content=\"1200\" \/>\n\t<meta property=\"og:image:type\" content=\"image\/jpeg\" \/>\n<meta name=\"twitter:card\" content=\"summary_large_image\" \/>\n<meta name=\"twitter:label1\" content=\"Est. reading time\" \/>\n\t<meta name=\"twitter:data1\" content=\"1 minute\" \/>\n<script type=\"application\/ld+json\" class=\"yoast-schema-graph\">{\"@context\":\"https:\\\/\\\/schema.org\",\"@graph\":[{\"@type\":\"WebPage\",\"@id\":\"https:\\\/\\\/accesbeaute.ca\\\/en\\\/buy\\\/nail-softener-prevents-ingrown-toenails-med-range-gehwol\\\/\",\"url\":\"https:\\\/\\\/accesbeaute.ca\\\/en\\\/buy\\\/nail-softener-prevents-ingrown-toenails-med-range-gehwol\\\/\",\"name\":\"Nail Softener - Prevents ingrown toenails - Med range - Gehwol - Achat en ligne\",\"isPartOf\":{\"@id\":\"https:\\\/\\\/accesbeaute.ca\\\/en\\\/#website\"},\"primaryImageOfPage\":{\"@id\":\"https:\\\/\\\/accesbeaute.ca\\\/en\\\/buy\\\/nail-softener-prevents-ingrown-toenails-med-range-gehwol\\\/#primaryimage\"},\"image\":{\"@id\":\"https:\\\/\\\/accesbeaute.ca\\\/en\\\/buy\\\/nail-softener-prevents-ingrown-toenails-med-range-gehwol\\\/#primaryimage\"},\"thumbnailUrl\":\"https:\\\/\\\/accesbeaute.ca\\\/wp-content\\\/uploads\\\/2018\\\/07\\\/emollient-pour-ongles-orteils-gehwol-med-reduit-corne-et-ongles-incarnes.jpg\",\"datePublished\":\"2018-07-28T18:08:02+00:00\",\"dateModified\":\"2026-04-07T00:03:19+00:00\",\"description\":\"%\",\"breadcrumb\":{\"@id\":\"https:\\\/\\\/accesbeaute.ca\\\/en\\\/buy\\\/nail-softener-prevents-ingrown-toenails-med-range-gehwol\\\/#breadcrumb\"},\"inLanguage\":\"en-US\",\"potentialAction\":[{\"@type\":\"ReadAction\",\"target\":[\"https:\\\/\\\/accesbeaute.ca\\\/en\\\/buy\\\/nail-softener-prevents-ingrown-toenails-med-range-gehwol\\\/\"]}]},{\"@type\":\"ImageObject\",\"inLanguage\":\"en-US\",\"@id\":\"https:\\\/\\\/accesbeaute.ca\\\/en\\\/buy\\\/nail-softener-prevents-ingrown-toenails-med-range-gehwol\\\/#primaryimage\",\"url\":\"https:\\\/\\\/accesbeaute.ca\\\/wp-content\\\/uploads\\\/2018\\\/07\\\/emollient-pour-ongles-orteils-gehwol-med-reduit-corne-et-ongles-incarnes.jpg\",\"contentUrl\":\"https:\\\/\\\/accesbeaute.ca\\\/wp-content\\\/uploads\\\/2018\\\/07\\\/emollient-pour-ongles-orteils-gehwol-med-reduit-corne-et-ongles-incarnes.jpg\",\"width\":1200,\"height\":1200},{\"@type\":\"BreadcrumbList\",\"@id\":\"https:\\\/\\\/accesbeaute.ca\\\/en\\\/buy\\\/nail-softener-prevents-ingrown-toenails-med-range-gehwol\\\/#breadcrumb\",\"itemListElement\":[{\"@type\":\"ListItem\",\"position\":1,\"name\":\"Accueil\",\"item\":\"https:\\\/\\\/accesbeaute.ca\\\/en\\\/\"},{\"@type\":\"ListItem\",\"position\":2,\"name\":\"Boutique\",\"item\":\"https:\\\/\\\/accesbeaute.ca\\\/boutique\\\/\"},{\"@type\":\"ListItem\",\"position\":3,\"name\":\"Produits de beaut\u00e9\",\"item\":\"https:\\\/\\\/accesbeaute.ca\\\/acheter\\\/produits-de-beaute\\\/\"},{\"@type\":\"ListItem\",\"position\":4,\"name\":\"Soins des pieds\",\"item\":\"https:\\\/\\\/accesbeaute.ca\\\/acheter\\\/soin-des-pieds\\\/\"},{\"@type\":\"ListItem\",\"position\":5,\"name\":\"Soins pour les ongles d&rsquo;orteils\",\"item\":\"https:\\\/\\\/accesbeaute.ca\\\/en\\\/acheter\\\/soins-pour-les-ongles-d-orteils-en\\\/\"},{\"@type\":\"ListItem\",\"position\":6,\"name\":\"Nail Softener &#8211; Prevents ingrown toenails &#8211; Med range &#8211; Gehwol\"}]},{\"@type\":\"WebSite\",\"@id\":\"https:\\\/\\\/accesbeaute.ca\\\/en\\\/#website\",\"url\":\"https:\\\/\\\/accesbeaute.ca\\\/en\\\/\",\"name\":\"Acc\u00e8s Beaut\u00e9\",\"description\":\"Achat de produits de beaut\u00e9 en ligne\",\"potentialAction\":[{\"@type\":\"SearchAction\",\"target\":{\"@type\":\"EntryPoint\",\"urlTemplate\":\"https:\\\/\\\/accesbeaute.ca\\\/en\\\/?s={search_term_string}\"},\"query-input\":{\"@type\":\"PropertyValueSpecification\",\"valueRequired\":true,\"valueName\":\"search_term_string\"}}],\"inLanguage\":\"en-US\"}]}<\/script>\n<!-- \/ Yoast SEO plugin. -->","yoast_head_json":{"title":"Nail Softener - Prevents ingrown toenails - Med range - Gehwol  - Achat en ligne","description":"%","robots":{"index":"index","follow":"follow","max-snippet":"max-snippet:-1","max-image-preview":"max-image-preview:large","max-video-preview":"max-video-preview:-1"},"canonical":"https:\/\/accesbeaute.ca\/en\/buy\/nail-softener-prevents-ingrown-toenails-med-range-gehwol\/","og_locale":"en_US","og_type":"article","og_title":"Nail Softener - Prevents ingrown toenails - Med range - Gehwol  - Achat en ligne","og_description":"%","og_url":"https:\/\/accesbeaute.ca\/en\/buy\/nail-softener-prevents-ingrown-toenails-med-range-gehwol\/","og_site_name":"Acc\u00e8s Beaut\u00e9","article_modified_time":"2026-04-07T00:03:19+00:00","og_image":[{"width":1200,"height":1200,"url":"https:\/\/accesbeaute.ca\/wp-content\/uploads\/2018\/07\/emollient-pour-ongles-orteils-gehwol-med-reduit-corne-et-ongles-incarnes.jpg","type":"image\/jpeg"}],"twitter_card":"summary_large_image","twitter_misc":{"Est. reading time":"1 minute"},"schema":{"@context":"https:\/\/schema.org","@graph":[{"@type":"WebPage","@id":"https:\/\/accesbeaute.ca\/en\/buy\/nail-softener-prevents-ingrown-toenails-med-range-gehwol\/","url":"https:\/\/accesbeaute.ca\/en\/buy\/nail-softener-prevents-ingrown-toenails-med-range-gehwol\/","name":"Nail Softener - Prevents ingrown toenails - Med range - Gehwol - Achat en ligne","isPartOf":{"@id":"https:\/\/accesbeaute.ca\/en\/#website"},"primaryImageOfPage":{"@id":"https:\/\/accesbeaute.ca\/en\/buy\/nail-softener-prevents-ingrown-toenails-med-range-gehwol\/#primaryimage"},"image":{"@id":"https:\/\/accesbeaute.ca\/en\/buy\/nail-softener-prevents-ingrown-toenails-med-range-gehwol\/#primaryimage"},"thumbnailUrl":"https:\/\/accesbeaute.ca\/wp-content\/uploads\/2018\/07\/emollient-pour-ongles-orteils-gehwol-med-reduit-corne-et-ongles-incarnes.jpg","datePublished":"2018-07-28T18:08:02+00:00","dateModified":"2026-04-07T00:03:19+00:00","description":"%","breadcrumb":{"@id":"https:\/\/accesbeaute.ca\/en\/buy\/nail-softener-prevents-ingrown-toenails-med-range-gehwol\/#breadcrumb"},"inLanguage":"en-US","potentialAction":[{"@type":"ReadAction","target":["https:\/\/accesbeaute.ca\/en\/buy\/nail-softener-prevents-ingrown-toenails-med-range-gehwol\/"]}]},{"@type":"ImageObject","inLanguage":"en-US","@id":"https:\/\/accesbeaute.ca\/en\/buy\/nail-softener-prevents-ingrown-toenails-med-range-gehwol\/#primaryimage","url":"https:\/\/accesbeaute.ca\/wp-content\/uploads\/2018\/07\/emollient-pour-ongles-orteils-gehwol-med-reduit-corne-et-ongles-incarnes.jpg","contentUrl":"https:\/\/accesbeaute.ca\/wp-content\/uploads\/2018\/07\/emollient-pour-ongles-orteils-gehwol-med-reduit-corne-et-ongles-incarnes.jpg","width":1200,"height":1200},{"@type":"BreadcrumbList","@id":"https:\/\/accesbeaute.ca\/en\/buy\/nail-softener-prevents-ingrown-toenails-med-range-gehwol\/#breadcrumb","itemListElement":[{"@type":"ListItem","position":1,"name":"Accueil","item":"https:\/\/accesbeaute.ca\/en\/"},{"@type":"ListItem","position":2,"name":"Boutique","item":"https:\/\/accesbeaute.ca\/boutique\/"},{"@type":"ListItem","position":3,"name":"Produits de beaut\u00e9","item":"https:\/\/accesbeaute.ca\/acheter\/produits-de-beaute\/"},{"@type":"ListItem","position":4,"name":"Soins des pieds","item":"https:\/\/accesbeaute.ca\/acheter\/soin-des-pieds\/"},{"@type":"ListItem","position":5,"name":"Soins pour les ongles d&rsquo;orteils","item":"https:\/\/accesbeaute.ca\/en\/acheter\/soins-pour-les-ongles-d-orteils-en\/"},{"@type":"ListItem","position":6,"name":"Nail Softener &#8211; Prevents ingrown toenails &#8211; Med range &#8211; Gehwol"}]},{"@type":"WebSite","@id":"https:\/\/accesbeaute.ca\/en\/#website","url":"https:\/\/accesbeaute.ca\/en\/","name":"Acc\u00e8s Beaut\u00e9","description":"Achat de produits de beaut\u00e9 en ligne","potentialAction":[{"@type":"SearchAction","target":{"@type":"EntryPoint","urlTemplate":"https:\/\/accesbeaute.ca\/en\/?s={search_term_string}"},"query-input":{"@type":"PropertyValueSpecification","valueRequired":true,"valueName":"search_term_string"}}],"inLanguage":"en-US"}]}},"_links":{"self":[{"href":"https:\/\/accesbeaute.ca\/en\/wp-json\/wp\/v2\/product\/6426","targetHints":{"allow":["GET"]}}],"collection":[{"href":"https:\/\/accesbeaute.ca\/en\/wp-json\/wp\/v2\/product"}],"about":[{"href":"https:\/\/accesbeaute.ca\/en\/wp-json\/wp\/v2\/types\/product"}],"wp:featuredmedia":[{"embeddable":true,"href":"https:\/\/accesbeaute.ca\/en\/wp-json\/wp\/v2\/media\/6427"}],"wp:attachment":[{"href":"https:\/\/accesbeaute.ca\/en\/wp-json\/wp\/v2\/media?parent=6426"}],"wp:term":[{"taxonomy":"product_brand","embeddable":true,"href":"https:\/\/accesbeaute.ca\/en\/wp-json\/wp\/v2\/product_brand?post=6426"},{"taxonomy":"product_cat","embeddable":true,"href":"https:\/\/accesbeaute.ca\/en\/wp-json\/wp\/v2\/product_cat?post=6426"},{"taxonomy":"product_tag","embeddable":true,"href":"https:\/\/accesbeaute.ca\/en\/wp-json\/wp\/v2\/product_tag?post=6426"}],"curies":[{"name":"wp","href":"https:\/\/api.w.org\/{rel}","templated":true}]}}