{"id":6428,"date":"2018-07-28T18:08:01","date_gmt":"2018-07-28T18:08:01","guid":{"rendered":"https:\/\/accesbeaute.ca\/achat\/nail-care-cracks-and-brittles-feet-and-hands-gehwol\/"},"modified":"2026-04-07T00:03:19","modified_gmt":"2026-04-07T00:03:19","slug":"nail-care-cracks-and-brittles-feet-and-hands-gehwol","status":"publish","type":"product","link":"https:\/\/accesbeaute.ca\/en\/buy\/nail-care-cracks-and-brittles-feet-and-hands-gehwol\/","title":{"rendered":"Nail care &#8211; Cracks and brittles &#8211; Feet and hands &#8211; Gehwol"},"content":{"rendered":"<ul>\n<li>Care for brittle and cracked nails on feet and hands<\/li>\n<li>Promotes healthy nail growth<\/li>\n<li>Stimulates blood circulation<\/li>\n<li>High concentration of wheat germ oil<\/li>\n<li>Enriched with vitamin E and chamomile essential oil<\/li>\n<li>Anti-inflammatory, antiseptic and healing properties<\/li>\n<li>Protects against infections<\/li>\n<li>Gives nails suppleness, shine and strength<\/li>\n<li>Size: 15 ml<\/li>\n<\/ul>\n<p>Developed with high-performance natural active ingredients, Gehwol Nail Care helps regenerate brittle and cracked nails on feet and hands.<\/p>\n<p>Its high concentration of wheat germ oil with vitamin E revitalizes, nourishes and stimulates healthy nail growth.<\/p>\n<p>Also containing chamomile extract, this curative treatment has anti-inflammatory, antiseptic and healing properties.<\/p>\n<p>Reinforcing protection against infection, this intensive treatment improves nail suppleness, shine and strength with daily application.<\/p>\n","protected":false},"excerpt":{"rendered":"<hr class=\"ligne-grise\" \/>\n<p><strong>Brand:<\/strong> <a href=\"\/acheter\/gehwol\">Gehwol<\/a><\/p>\n<p>Rich in wheat germ oil and chamomile, nail care for brittle nails promotes regeneration, strength and healthy nail growth.<\/p>\n","protected":false},"featured_media":6429,"template":"","meta":{"_et_pb_use_builder":"","_et_pb_old_content":"","_et_gb_content_width":""},"product_brand":[],"product_cat":[197,216,199],"product_tag":[203],"class_list":{"0":"post-6428","1":"product","2":"type-product","3":"status-publish","4":"has-post-thumbnail","6":"product_cat-gehwol-en","7":"product_cat-soin-pour-les-mains-en","8":"product_cat-soins-pour-les-ongles-d-orteils-en","9":"product_tag-gehwol-en","11":"first","12":"instock","13":"taxable","14":"shipping-taxable","15":"purchasable","16":"product-type-simple"},"yoast_head":"<!-- This site is optimized with the Yoast SEO plugin v27.3 - https:\/\/yoast.com\/product\/yoast-seo-wordpress\/ -->\n<title>Nail care - Cracks and brittles - Feet and hands - Gehwol  - Achat en ligne<\/title>\n<meta name=\"description\" content=\"%\" \/>\n<meta name=\"robots\" content=\"index, follow, max-snippet:-1, max-image-preview:large, max-video-preview:-1\" \/>\n<link rel=\"canonical\" href=\"https:\/\/accesbeaute.ca\/en\/buy\/nail-care-cracks-and-brittles-feet-and-hands-gehwol\/\" \/>\n<meta property=\"og:locale\" content=\"en_US\" \/>\n<meta property=\"og:type\" content=\"article\" \/>\n<meta property=\"og:title\" content=\"Nail care - Cracks and brittles - Feet and hands - Gehwol  - Achat en ligne\" \/>\n<meta property=\"og:description\" content=\"%\" \/>\n<meta property=\"og:url\" content=\"https:\/\/accesbeaute.ca\/en\/buy\/nail-care-cracks-and-brittles-feet-and-hands-gehwol\/\" \/>\n<meta property=\"og:site_name\" content=\"Acc\u00e8s Beaut\u00e9\" \/>\n<meta property=\"article:modified_time\" content=\"2026-04-07T00:03:19+00:00\" \/>\n<meta property=\"og:image\" content=\"https:\/\/accesbeaute.ca\/wp-content\/uploads\/2018\/07\/soins-des-ongles-professionnels-pour-ongles-cassants-pieds-et-main-par-gehwol.jpg\" \/>\n\t<meta property=\"og:image:width\" content=\"1200\" \/>\n\t<meta property=\"og:image:height\" content=\"1200\" \/>\n\t<meta property=\"og:image:type\" content=\"image\/jpeg\" \/>\n<meta name=\"twitter:card\" content=\"summary_large_image\" \/>\n<meta name=\"twitter:label1\" content=\"Est. reading time\" \/>\n\t<meta name=\"twitter:data1\" content=\"1 minute\" \/>\n<script type=\"application\/ld+json\" class=\"yoast-schema-graph\">{\"@context\":\"https:\\\/\\\/schema.org\",\"@graph\":[{\"@type\":\"WebPage\",\"@id\":\"https:\\\/\\\/accesbeaute.ca\\\/en\\\/buy\\\/nail-care-cracks-and-brittles-feet-and-hands-gehwol\\\/\",\"url\":\"https:\\\/\\\/accesbeaute.ca\\\/en\\\/buy\\\/nail-care-cracks-and-brittles-feet-and-hands-gehwol\\\/\",\"name\":\"Nail care - Cracks and brittles - Feet and hands - Gehwol - Achat en ligne\",\"isPartOf\":{\"@id\":\"https:\\\/\\\/accesbeaute.ca\\\/en\\\/#website\"},\"primaryImageOfPage\":{\"@id\":\"https:\\\/\\\/accesbeaute.ca\\\/en\\\/buy\\\/nail-care-cracks-and-brittles-feet-and-hands-gehwol\\\/#primaryimage\"},\"image\":{\"@id\":\"https:\\\/\\\/accesbeaute.ca\\\/en\\\/buy\\\/nail-care-cracks-and-brittles-feet-and-hands-gehwol\\\/#primaryimage\"},\"thumbnailUrl\":\"https:\\\/\\\/accesbeaute.ca\\\/wp-content\\\/uploads\\\/2018\\\/07\\\/soins-des-ongles-professionnels-pour-ongles-cassants-pieds-et-main-par-gehwol.jpg\",\"datePublished\":\"2018-07-28T18:08:01+00:00\",\"dateModified\":\"2026-04-07T00:03:19+00:00\",\"description\":\"%\",\"breadcrumb\":{\"@id\":\"https:\\\/\\\/accesbeaute.ca\\\/en\\\/buy\\\/nail-care-cracks-and-brittles-feet-and-hands-gehwol\\\/#breadcrumb\"},\"inLanguage\":\"en-US\",\"potentialAction\":[{\"@type\":\"ReadAction\",\"target\":[\"https:\\\/\\\/accesbeaute.ca\\\/en\\\/buy\\\/nail-care-cracks-and-brittles-feet-and-hands-gehwol\\\/\"]}]},{\"@type\":\"ImageObject\",\"inLanguage\":\"en-US\",\"@id\":\"https:\\\/\\\/accesbeaute.ca\\\/en\\\/buy\\\/nail-care-cracks-and-brittles-feet-and-hands-gehwol\\\/#primaryimage\",\"url\":\"https:\\\/\\\/accesbeaute.ca\\\/wp-content\\\/uploads\\\/2018\\\/07\\\/soins-des-ongles-professionnels-pour-ongles-cassants-pieds-et-main-par-gehwol.jpg\",\"contentUrl\":\"https:\\\/\\\/accesbeaute.ca\\\/wp-content\\\/uploads\\\/2018\\\/07\\\/soins-des-ongles-professionnels-pour-ongles-cassants-pieds-et-main-par-gehwol.jpg\",\"width\":1200,\"height\":1200},{\"@type\":\"BreadcrumbList\",\"@id\":\"https:\\\/\\\/accesbeaute.ca\\\/en\\\/buy\\\/nail-care-cracks-and-brittles-feet-and-hands-gehwol\\\/#breadcrumb\",\"itemListElement\":[{\"@type\":\"ListItem\",\"position\":1,\"name\":\"Accueil\",\"item\":\"https:\\\/\\\/accesbeaute.ca\\\/en\\\/\"},{\"@type\":\"ListItem\",\"position\":2,\"name\":\"Boutique\",\"item\":\"https:\\\/\\\/accesbeaute.ca\\\/boutique\\\/\"},{\"@type\":\"ListItem\",\"position\":3,\"name\":\"Soins pour les ongles d&rsquo;orteils\",\"item\":\"https:\\\/\\\/accesbeaute.ca\\\/en\\\/acheter\\\/soins-pour-les-ongles-d-orteils-en\\\/\"},{\"@type\":\"ListItem\",\"position\":4,\"name\":\"Nail care &#8211; Cracks and brittles &#8211; Feet and hands &#8211; Gehwol\"}]},{\"@type\":\"WebSite\",\"@id\":\"https:\\\/\\\/accesbeaute.ca\\\/en\\\/#website\",\"url\":\"https:\\\/\\\/accesbeaute.ca\\\/en\\\/\",\"name\":\"Acc\u00e8s Beaut\u00e9\",\"description\":\"Achat de produits de beaut\u00e9 en ligne\",\"potentialAction\":[{\"@type\":\"SearchAction\",\"target\":{\"@type\":\"EntryPoint\",\"urlTemplate\":\"https:\\\/\\\/accesbeaute.ca\\\/en\\\/?s={search_term_string}\"},\"query-input\":{\"@type\":\"PropertyValueSpecification\",\"valueRequired\":true,\"valueName\":\"search_term_string\"}}],\"inLanguage\":\"en-US\"}]}<\/script>\n<!-- \/ Yoast SEO plugin. -->","yoast_head_json":{"title":"Nail care - Cracks and brittles - Feet and hands - Gehwol  - Achat en ligne","description":"%","robots":{"index":"index","follow":"follow","max-snippet":"max-snippet:-1","max-image-preview":"max-image-preview:large","max-video-preview":"max-video-preview:-1"},"canonical":"https:\/\/accesbeaute.ca\/en\/buy\/nail-care-cracks-and-brittles-feet-and-hands-gehwol\/","og_locale":"en_US","og_type":"article","og_title":"Nail care - Cracks and brittles - Feet and hands - Gehwol  - Achat en ligne","og_description":"%","og_url":"https:\/\/accesbeaute.ca\/en\/buy\/nail-care-cracks-and-brittles-feet-and-hands-gehwol\/","og_site_name":"Acc\u00e8s Beaut\u00e9","article_modified_time":"2026-04-07T00:03:19+00:00","og_image":[{"width":1200,"height":1200,"url":"https:\/\/accesbeaute.ca\/wp-content\/uploads\/2018\/07\/soins-des-ongles-professionnels-pour-ongles-cassants-pieds-et-main-par-gehwol.jpg","type":"image\/jpeg"}],"twitter_card":"summary_large_image","twitter_misc":{"Est. reading time":"1 minute"},"schema":{"@context":"https:\/\/schema.org","@graph":[{"@type":"WebPage","@id":"https:\/\/accesbeaute.ca\/en\/buy\/nail-care-cracks-and-brittles-feet-and-hands-gehwol\/","url":"https:\/\/accesbeaute.ca\/en\/buy\/nail-care-cracks-and-brittles-feet-and-hands-gehwol\/","name":"Nail care - Cracks and brittles - Feet and hands - Gehwol - Achat en ligne","isPartOf":{"@id":"https:\/\/accesbeaute.ca\/en\/#website"},"primaryImageOfPage":{"@id":"https:\/\/accesbeaute.ca\/en\/buy\/nail-care-cracks-and-brittles-feet-and-hands-gehwol\/#primaryimage"},"image":{"@id":"https:\/\/accesbeaute.ca\/en\/buy\/nail-care-cracks-and-brittles-feet-and-hands-gehwol\/#primaryimage"},"thumbnailUrl":"https:\/\/accesbeaute.ca\/wp-content\/uploads\/2018\/07\/soins-des-ongles-professionnels-pour-ongles-cassants-pieds-et-main-par-gehwol.jpg","datePublished":"2018-07-28T18:08:01+00:00","dateModified":"2026-04-07T00:03:19+00:00","description":"%","breadcrumb":{"@id":"https:\/\/accesbeaute.ca\/en\/buy\/nail-care-cracks-and-brittles-feet-and-hands-gehwol\/#breadcrumb"},"inLanguage":"en-US","potentialAction":[{"@type":"ReadAction","target":["https:\/\/accesbeaute.ca\/en\/buy\/nail-care-cracks-and-brittles-feet-and-hands-gehwol\/"]}]},{"@type":"ImageObject","inLanguage":"en-US","@id":"https:\/\/accesbeaute.ca\/en\/buy\/nail-care-cracks-and-brittles-feet-and-hands-gehwol\/#primaryimage","url":"https:\/\/accesbeaute.ca\/wp-content\/uploads\/2018\/07\/soins-des-ongles-professionnels-pour-ongles-cassants-pieds-et-main-par-gehwol.jpg","contentUrl":"https:\/\/accesbeaute.ca\/wp-content\/uploads\/2018\/07\/soins-des-ongles-professionnels-pour-ongles-cassants-pieds-et-main-par-gehwol.jpg","width":1200,"height":1200},{"@type":"BreadcrumbList","@id":"https:\/\/accesbeaute.ca\/en\/buy\/nail-care-cracks-and-brittles-feet-and-hands-gehwol\/#breadcrumb","itemListElement":[{"@type":"ListItem","position":1,"name":"Accueil","item":"https:\/\/accesbeaute.ca\/en\/"},{"@type":"ListItem","position":2,"name":"Boutique","item":"https:\/\/accesbeaute.ca\/boutique\/"},{"@type":"ListItem","position":3,"name":"Soins pour les ongles d&rsquo;orteils","item":"https:\/\/accesbeaute.ca\/en\/acheter\/soins-pour-les-ongles-d-orteils-en\/"},{"@type":"ListItem","position":4,"name":"Nail care &#8211; Cracks and brittles &#8211; Feet and hands &#8211; Gehwol"}]},{"@type":"WebSite","@id":"https:\/\/accesbeaute.ca\/en\/#website","url":"https:\/\/accesbeaute.ca\/en\/","name":"Acc\u00e8s Beaut\u00e9","description":"Achat de produits de beaut\u00e9 en ligne","potentialAction":[{"@type":"SearchAction","target":{"@type":"EntryPoint","urlTemplate":"https:\/\/accesbeaute.ca\/en\/?s={search_term_string}"},"query-input":{"@type":"PropertyValueSpecification","valueRequired":true,"valueName":"search_term_string"}}],"inLanguage":"en-US"}]}},"_links":{"self":[{"href":"https:\/\/accesbeaute.ca\/en\/wp-json\/wp\/v2\/product\/6428","targetHints":{"allow":["GET"]}}],"collection":[{"href":"https:\/\/accesbeaute.ca\/en\/wp-json\/wp\/v2\/product"}],"about":[{"href":"https:\/\/accesbeaute.ca\/en\/wp-json\/wp\/v2\/types\/product"}],"wp:featuredmedia":[{"embeddable":true,"href":"https:\/\/accesbeaute.ca\/en\/wp-json\/wp\/v2\/media\/6429"}],"wp:attachment":[{"href":"https:\/\/accesbeaute.ca\/en\/wp-json\/wp\/v2\/media?parent=6428"}],"wp:term":[{"taxonomy":"product_brand","embeddable":true,"href":"https:\/\/accesbeaute.ca\/en\/wp-json\/wp\/v2\/product_brand?post=6428"},{"taxonomy":"product_cat","embeddable":true,"href":"https:\/\/accesbeaute.ca\/en\/wp-json\/wp\/v2\/product_cat?post=6428"},{"taxonomy":"product_tag","embeddable":true,"href":"https:\/\/accesbeaute.ca\/en\/wp-json\/wp\/v2\/product_tag?post=6428"}],"curies":[{"name":"wp","href":"https:\/\/api.w.org\/{rel}","templated":true}]}}