{"id":6455,"date":"2023-01-27T20:28:17","date_gmt":"2023-01-27T20:28:17","guid":{"rendered":"https:\/\/accesbeaute.ca\/achat\/authentik-fundamental-mask-dual-phase-mask-hydrating-nourishing-by-matis\/"},"modified":"2023-01-27T20:28:17","modified_gmt":"2023-01-27T20:28:17","slug":"authentik-fundamental-mask-dual-phase-mask-hydrating-nourishing-by-matis","status":"publish","type":"product","link":"https:\/\/accesbeaute.ca\/en\/buy\/authentik-fundamental-mask-dual-phase-mask-hydrating-nourishing-by-matis\/","title":{"rendered":"Authentik-Fundamental Mask \u2013 Dual-phase mask, hydrating, nourishing by Matis"},"content":{"rendered":"<ul>\n<li>Hydrating and nourishing mask<\/li>\n<li>Size: 50 ml<\/li>\n<\/ul>\n<p>Containing a comforting cream with a velvety texture coated with a transparent replenishing gel, this mask provides synergistic dual hydrating and nourishing action. The skin is left soft, comfortable and revitalized and its moisture level is replenished. Dermatologically tested.<\/p>\n","protected":false},"excerpt":{"rendered":"<hr class=\"ligne-grise\" \/>\n<p><strong>Brand:<\/strong> <a href=\"\/acheter\/matis\">Matis<\/a><\/p>\n<p>This essential mask is the perfect secret weapon for all dehydrated and undernourished skin types.<\/p>\n","protected":false},"featured_media":4643,"template":"","meta":{"_et_pb_use_builder":"","_et_pb_old_content":"","_et_gb_content_width":""},"product_brand":[],"product_cat":[230,218,219],"product_tag":[],"class_list":{"0":"post-6455","1":"product","2":"type-product","3":"status-publish","4":"has-post-thumbnail","6":"product_cat-masques-specifiques-en","7":"product_cat-soins-cremes-antirides","8":"product_cat-soins-anti-age","10":"first","11":"instock","12":"sale","13":"taxable","14":"shipping-taxable","15":"purchasable","16":"product-type-simple"},"yoast_head":"<!-- This site is optimized with the Yoast SEO plugin v27.3 - https:\/\/yoast.com\/product\/yoast-seo-wordpress\/ -->\n<title>Authentik-Fundamental Mask \u2013 Dual-phase mask, hydrating, nourishing by Matis  - Achat en ligne<\/title>\n<meta name=\"description\" content=\"%\" \/>\n<meta name=\"robots\" content=\"index, follow, max-snippet:-1, max-image-preview:large, max-video-preview:-1\" \/>\n<link rel=\"canonical\" href=\"https:\/\/accesbeaute.ca\/en\/buy\/authentik-fundamental-mask-dual-phase-mask-hydrating-nourishing-by-matis\/\" \/>\n<meta property=\"og:locale\" content=\"en_US\" \/>\n<meta property=\"og:type\" content=\"article\" \/>\n<meta property=\"og:title\" content=\"Authentik-Fundamental Mask \u2013 Dual-phase mask, hydrating, nourishing by Matis  - Achat en ligne\" \/>\n<meta property=\"og:description\" content=\"%\" \/>\n<meta property=\"og:url\" content=\"https:\/\/accesbeaute.ca\/en\/buy\/authentik-fundamental-mask-dual-phase-mask-hydrating-nourishing-by-matis\/\" \/>\n<meta property=\"og:site_name\" content=\"Acc\u00e8s Beaut\u00e9\" \/>\n<meta property=\"og:image\" content=\"https:\/\/accesbeaute.ca\/wp-content\/uploads\/2023\/01\/authentik-fundamental-mask-masque-bi-phase-par-matis.jpg\" \/>\n\t<meta property=\"og:image:width\" content=\"900\" \/>\n\t<meta property=\"og:image:height\" content=\"900\" \/>\n\t<meta property=\"og:image:type\" content=\"image\/jpeg\" \/>\n<meta name=\"twitter:card\" content=\"summary_large_image\" \/>\n<script type=\"application\/ld+json\" class=\"yoast-schema-graph\">{\"@context\":\"https:\\\/\\\/schema.org\",\"@graph\":[{\"@type\":\"WebPage\",\"@id\":\"https:\\\/\\\/accesbeaute.ca\\\/en\\\/buy\\\/authentik-fundamental-mask-dual-phase-mask-hydrating-nourishing-by-matis\\\/\",\"url\":\"https:\\\/\\\/accesbeaute.ca\\\/en\\\/buy\\\/authentik-fundamental-mask-dual-phase-mask-hydrating-nourishing-by-matis\\\/\",\"name\":\"Authentik-Fundamental Mask \u2013 Dual-phase mask, hydrating, nourishing by Matis - Achat en ligne\",\"isPartOf\":{\"@id\":\"https:\\\/\\\/accesbeaute.ca\\\/en\\\/#website\"},\"primaryImageOfPage\":{\"@id\":\"https:\\\/\\\/accesbeaute.ca\\\/en\\\/buy\\\/authentik-fundamental-mask-dual-phase-mask-hydrating-nourishing-by-matis\\\/#primaryimage\"},\"image\":{\"@id\":\"https:\\\/\\\/accesbeaute.ca\\\/en\\\/buy\\\/authentik-fundamental-mask-dual-phase-mask-hydrating-nourishing-by-matis\\\/#primaryimage\"},\"thumbnailUrl\":\"https:\\\/\\\/accesbeaute.ca\\\/wp-content\\\/uploads\\\/2023\\\/01\\\/authentik-fundamental-mask-masque-bi-phase-par-matis.jpg\",\"datePublished\":\"2023-01-27T20:28:17+00:00\",\"description\":\"%\",\"breadcrumb\":{\"@id\":\"https:\\\/\\\/accesbeaute.ca\\\/en\\\/buy\\\/authentik-fundamental-mask-dual-phase-mask-hydrating-nourishing-by-matis\\\/#breadcrumb\"},\"inLanguage\":\"en-US\",\"potentialAction\":[{\"@type\":\"ReadAction\",\"target\":[\"https:\\\/\\\/accesbeaute.ca\\\/en\\\/buy\\\/authentik-fundamental-mask-dual-phase-mask-hydrating-nourishing-by-matis\\\/\"]}]},{\"@type\":\"ImageObject\",\"inLanguage\":\"en-US\",\"@id\":\"https:\\\/\\\/accesbeaute.ca\\\/en\\\/buy\\\/authentik-fundamental-mask-dual-phase-mask-hydrating-nourishing-by-matis\\\/#primaryimage\",\"url\":\"https:\\\/\\\/accesbeaute.ca\\\/wp-content\\\/uploads\\\/2023\\\/01\\\/authentik-fundamental-mask-masque-bi-phase-par-matis.jpg\",\"contentUrl\":\"https:\\\/\\\/accesbeaute.ca\\\/wp-content\\\/uploads\\\/2023\\\/01\\\/authentik-fundamental-mask-masque-bi-phase-par-matis.jpg\",\"width\":900,\"height\":900},{\"@type\":\"BreadcrumbList\",\"@id\":\"https:\\\/\\\/accesbeaute.ca\\\/en\\\/buy\\\/authentik-fundamental-mask-dual-phase-mask-hydrating-nourishing-by-matis\\\/#breadcrumb\",\"itemListElement\":[{\"@type\":\"ListItem\",\"position\":1,\"name\":\"Accueil\",\"item\":\"https:\\\/\\\/accesbeaute.ca\\\/en\\\/\"},{\"@type\":\"ListItem\",\"position\":2,\"name\":\"Boutique\",\"item\":\"https:\\\/\\\/accesbeaute.ca\\\/boutique\\\/\"},{\"@type\":\"ListItem\",\"position\":3,\"name\":\"Masques sp\u00e9cifiques\",\"item\":\"https:\\\/\\\/accesbeaute.ca\\\/en\\\/acheter\\\/masques-specifiques-en\\\/\"},{\"@type\":\"ListItem\",\"position\":4,\"name\":\"Authentik-Fundamental Mask \u2013 Dual-phase mask, hydrating, nourishing by Matis\"}]},{\"@type\":\"WebSite\",\"@id\":\"https:\\\/\\\/accesbeaute.ca\\\/en\\\/#website\",\"url\":\"https:\\\/\\\/accesbeaute.ca\\\/en\\\/\",\"name\":\"Acc\u00e8s Beaut\u00e9\",\"description\":\"Achat de produits de beaut\u00e9 en ligne\",\"potentialAction\":[{\"@type\":\"SearchAction\",\"target\":{\"@type\":\"EntryPoint\",\"urlTemplate\":\"https:\\\/\\\/accesbeaute.ca\\\/en\\\/?s={search_term_string}\"},\"query-input\":{\"@type\":\"PropertyValueSpecification\",\"valueRequired\":true,\"valueName\":\"search_term_string\"}}],\"inLanguage\":\"en-US\"}]}<\/script>\n<!-- \/ Yoast SEO plugin. -->","yoast_head_json":{"title":"Authentik-Fundamental Mask \u2013 Dual-phase mask, hydrating, nourishing by Matis  - Achat en ligne","description":"%","robots":{"index":"index","follow":"follow","max-snippet":"max-snippet:-1","max-image-preview":"max-image-preview:large","max-video-preview":"max-video-preview:-1"},"canonical":"https:\/\/accesbeaute.ca\/en\/buy\/authentik-fundamental-mask-dual-phase-mask-hydrating-nourishing-by-matis\/","og_locale":"en_US","og_type":"article","og_title":"Authentik-Fundamental Mask \u2013 Dual-phase mask, hydrating, nourishing by Matis  - Achat en ligne","og_description":"%","og_url":"https:\/\/accesbeaute.ca\/en\/buy\/authentik-fundamental-mask-dual-phase-mask-hydrating-nourishing-by-matis\/","og_site_name":"Acc\u00e8s Beaut\u00e9","og_image":[{"width":900,"height":900,"url":"https:\/\/accesbeaute.ca\/wp-content\/uploads\/2023\/01\/authentik-fundamental-mask-masque-bi-phase-par-matis.jpg","type":"image\/jpeg"}],"twitter_card":"summary_large_image","schema":{"@context":"https:\/\/schema.org","@graph":[{"@type":"WebPage","@id":"https:\/\/accesbeaute.ca\/en\/buy\/authentik-fundamental-mask-dual-phase-mask-hydrating-nourishing-by-matis\/","url":"https:\/\/accesbeaute.ca\/en\/buy\/authentik-fundamental-mask-dual-phase-mask-hydrating-nourishing-by-matis\/","name":"Authentik-Fundamental Mask \u2013 Dual-phase mask, hydrating, nourishing by Matis - Achat en ligne","isPartOf":{"@id":"https:\/\/accesbeaute.ca\/en\/#website"},"primaryImageOfPage":{"@id":"https:\/\/accesbeaute.ca\/en\/buy\/authentik-fundamental-mask-dual-phase-mask-hydrating-nourishing-by-matis\/#primaryimage"},"image":{"@id":"https:\/\/accesbeaute.ca\/en\/buy\/authentik-fundamental-mask-dual-phase-mask-hydrating-nourishing-by-matis\/#primaryimage"},"thumbnailUrl":"https:\/\/accesbeaute.ca\/wp-content\/uploads\/2023\/01\/authentik-fundamental-mask-masque-bi-phase-par-matis.jpg","datePublished":"2023-01-27T20:28:17+00:00","description":"%","breadcrumb":{"@id":"https:\/\/accesbeaute.ca\/en\/buy\/authentik-fundamental-mask-dual-phase-mask-hydrating-nourishing-by-matis\/#breadcrumb"},"inLanguage":"en-US","potentialAction":[{"@type":"ReadAction","target":["https:\/\/accesbeaute.ca\/en\/buy\/authentik-fundamental-mask-dual-phase-mask-hydrating-nourishing-by-matis\/"]}]},{"@type":"ImageObject","inLanguage":"en-US","@id":"https:\/\/accesbeaute.ca\/en\/buy\/authentik-fundamental-mask-dual-phase-mask-hydrating-nourishing-by-matis\/#primaryimage","url":"https:\/\/accesbeaute.ca\/wp-content\/uploads\/2023\/01\/authentik-fundamental-mask-masque-bi-phase-par-matis.jpg","contentUrl":"https:\/\/accesbeaute.ca\/wp-content\/uploads\/2023\/01\/authentik-fundamental-mask-masque-bi-phase-par-matis.jpg","width":900,"height":900},{"@type":"BreadcrumbList","@id":"https:\/\/accesbeaute.ca\/en\/buy\/authentik-fundamental-mask-dual-phase-mask-hydrating-nourishing-by-matis\/#breadcrumb","itemListElement":[{"@type":"ListItem","position":1,"name":"Accueil","item":"https:\/\/accesbeaute.ca\/en\/"},{"@type":"ListItem","position":2,"name":"Boutique","item":"https:\/\/accesbeaute.ca\/boutique\/"},{"@type":"ListItem","position":3,"name":"Masques sp\u00e9cifiques","item":"https:\/\/accesbeaute.ca\/en\/acheter\/masques-specifiques-en\/"},{"@type":"ListItem","position":4,"name":"Authentik-Fundamental Mask \u2013 Dual-phase mask, hydrating, nourishing by Matis"}]},{"@type":"WebSite","@id":"https:\/\/accesbeaute.ca\/en\/#website","url":"https:\/\/accesbeaute.ca\/en\/","name":"Acc\u00e8s Beaut\u00e9","description":"Achat de produits de beaut\u00e9 en ligne","potentialAction":[{"@type":"SearchAction","target":{"@type":"EntryPoint","urlTemplate":"https:\/\/accesbeaute.ca\/en\/?s={search_term_string}"},"query-input":{"@type":"PropertyValueSpecification","valueRequired":true,"valueName":"search_term_string"}}],"inLanguage":"en-US"}]}},"_links":{"self":[{"href":"https:\/\/accesbeaute.ca\/en\/wp-json\/wp\/v2\/product\/6455","targetHints":{"allow":["GET"]}}],"collection":[{"href":"https:\/\/accesbeaute.ca\/en\/wp-json\/wp\/v2\/product"}],"about":[{"href":"https:\/\/accesbeaute.ca\/en\/wp-json\/wp\/v2\/types\/product"}],"wp:featuredmedia":[{"embeddable":true,"href":"https:\/\/accesbeaute.ca\/en\/wp-json\/wp\/v2\/media\/4643"}],"wp:attachment":[{"href":"https:\/\/accesbeaute.ca\/en\/wp-json\/wp\/v2\/media?parent=6455"}],"wp:term":[{"taxonomy":"product_brand","embeddable":true,"href":"https:\/\/accesbeaute.ca\/en\/wp-json\/wp\/v2\/product_brand?post=6455"},{"taxonomy":"product_cat","embeddable":true,"href":"https:\/\/accesbeaute.ca\/en\/wp-json\/wp\/v2\/product_cat?post=6455"},{"taxonomy":"product_tag","embeddable":true,"href":"https:\/\/accesbeaute.ca\/en\/wp-json\/wp\/v2\/product_tag?post=6455"}],"curies":[{"name":"wp","href":"https:\/\/api.w.org\/{rel}","templated":true}]}}