{"id":6457,"date":"2021-10-30T12:37:33","date_gmt":"2021-10-30T12:37:33","guid":{"rendered":"https:\/\/accesbeaute.ca\/achat\/imprinting-hydrogel-face-mask-bioeffect\/"},"modified":"2025-06-04T21:37:55","modified_gmt":"2025-06-04T21:37:55","slug":"imprinting-hydrogel-face-mask-bioeffect","status":"publish","type":"product","link":"https:\/\/accesbeaute.ca\/en\/buy\/imprinting-hydrogel-face-mask-bioeffect\/","title":{"rendered":"Imprinting hydrogel face mask &#8211; Bioeffect"},"content":{"rendered":"<ul>\n<li>Rehydrates and replenishes skin thanks to hyaluronic acid<\/li>\n<li>Boosts the efficacy of BIOEFFECT serums<\/li>\n<li>Combined with EGF SERUM: increases collagen intensity by 33 and reduces the appearance of wrinkles by 30%<\/li>\n<li>Suitable for all skin types<\/li>\n<li>Fragrance-, alcohol-, and oil-free<\/li>\n<li>Regenerating care for natural radiance<\/li>\n<li>2-part mask that adjusts perfectly to the shape of the face<\/li>\n<li>Contains only 13 ingredients<\/li>\n<li>Size: 1 box\/6 units<\/li>\n<\/ul>\n<p>*Internal efficacy study of Imprinting hydrogel face mask combined with EGF SERUM over a 3-month period.<\/p>\n<p>BIOEFFECT IMPRINTING HYDROGEL MASK provides deep hydration. Specifically designed to maximize the efficacy of EGF in BIOEFFECT serums and formulated with ingredients that minimize interference with growth factor activity. It contains only 13 ingredients carefully selected not to interfere with EGF action.<\/p>\n","protected":false},"excerpt":{"rendered":"<hr class=\"ligne-grise\" \/>\n<p><strong>Brand:<\/strong> <a href=\"\/acheter\/bioeffect\">Bioeffect<\/a><\/p>\n<p>2-part, high-quality hydrogel facial mask with hyaluronic acid, and glycerin to provide deep hydration, a fresh complexion and maximum comfort.<\/p>\n","protected":false},"featured_media":3777,"template":"","meta":{"_et_pb_use_builder":"","_et_pb_old_content":"","_et_gb_content_width":""},"product_brand":[],"product_cat":[230,227,222,218,219],"product_tag":[],"class_list":{"0":"post-6457","1":"product","2":"type-product","3":"status-publish","4":"has-post-thumbnail","6":"product_cat-masques-specifiques-en","7":"product_cat-produits-pour-soins-des-yeux","8":"product_cat-serums-rajeunissants","9":"product_cat-soins-cremes-antirides","10":"product_cat-soins-anti-age","12":"first","13":"instock","14":"taxable","15":"shipping-taxable","16":"purchasable","17":"product-type-simple"},"yoast_head":"<!-- This site is optimized with the Yoast SEO plugin v27.3 - https:\/\/yoast.com\/product\/yoast-seo-wordpress\/ -->\n<title>Imprinting hydrogel face mask - Bioeffect  - Achat en ligne<\/title>\n<meta name=\"description\" content=\"%\" \/>\n<meta name=\"robots\" content=\"index, follow, max-snippet:-1, max-image-preview:large, max-video-preview:-1\" \/>\n<link rel=\"canonical\" href=\"https:\/\/accesbeaute.ca\/en\/buy\/imprinting-hydrogel-face-mask-bioeffect\/\" \/>\n<meta property=\"og:locale\" content=\"en_US\" \/>\n<meta property=\"og:type\" content=\"article\" \/>\n<meta property=\"og:title\" content=\"Imprinting hydrogel face mask - Bioeffect  - Achat en ligne\" \/>\n<meta property=\"og:description\" content=\"%\" \/>\n<meta property=\"og:url\" content=\"https:\/\/accesbeaute.ca\/en\/buy\/imprinting-hydrogel-face-mask-bioeffect\/\" \/>\n<meta property=\"og:site_name\" content=\"Acc\u00e8s Beaut\u00e9\" \/>\n<meta property=\"article:modified_time\" content=\"2025-06-04T21:37:55+00:00\" \/>\n<meta property=\"og:image\" content=\"https:\/\/accesbeaute.ca\/wp-content\/uploads\/2021\/10\/masque-empreinte-bioeffect.jpg\" \/>\n\t<meta property=\"og:image:width\" content=\"1000\" \/>\n\t<meta property=\"og:image:height\" content=\"1000\" \/>\n\t<meta property=\"og:image:type\" content=\"image\/jpeg\" \/>\n<meta name=\"twitter:card\" content=\"summary_large_image\" \/>\n<meta name=\"twitter:label1\" content=\"Est. reading time\" \/>\n\t<meta name=\"twitter:data1\" content=\"1 minute\" \/>\n<script type=\"application\/ld+json\" class=\"yoast-schema-graph\">{\"@context\":\"https:\\\/\\\/schema.org\",\"@graph\":[{\"@type\":\"WebPage\",\"@id\":\"https:\\\/\\\/accesbeaute.ca\\\/en\\\/buy\\\/imprinting-hydrogel-face-mask-bioeffect\\\/\",\"url\":\"https:\\\/\\\/accesbeaute.ca\\\/en\\\/buy\\\/imprinting-hydrogel-face-mask-bioeffect\\\/\",\"name\":\"Imprinting hydrogel face mask - Bioeffect - Achat en ligne\",\"isPartOf\":{\"@id\":\"https:\\\/\\\/accesbeaute.ca\\\/en\\\/#website\"},\"primaryImageOfPage\":{\"@id\":\"https:\\\/\\\/accesbeaute.ca\\\/en\\\/buy\\\/imprinting-hydrogel-face-mask-bioeffect\\\/#primaryimage\"},\"image\":{\"@id\":\"https:\\\/\\\/accesbeaute.ca\\\/en\\\/buy\\\/imprinting-hydrogel-face-mask-bioeffect\\\/#primaryimage\"},\"thumbnailUrl\":\"https:\\\/\\\/accesbeaute.ca\\\/wp-content\\\/uploads\\\/2021\\\/10\\\/masque-empreinte-bioeffect.jpg\",\"datePublished\":\"2021-10-30T12:37:33+00:00\",\"dateModified\":\"2025-06-04T21:37:55+00:00\",\"description\":\"%\",\"breadcrumb\":{\"@id\":\"https:\\\/\\\/accesbeaute.ca\\\/en\\\/buy\\\/imprinting-hydrogel-face-mask-bioeffect\\\/#breadcrumb\"},\"inLanguage\":\"en-US\",\"potentialAction\":[{\"@type\":\"ReadAction\",\"target\":[\"https:\\\/\\\/accesbeaute.ca\\\/en\\\/buy\\\/imprinting-hydrogel-face-mask-bioeffect\\\/\"]}]},{\"@type\":\"ImageObject\",\"inLanguage\":\"en-US\",\"@id\":\"https:\\\/\\\/accesbeaute.ca\\\/en\\\/buy\\\/imprinting-hydrogel-face-mask-bioeffect\\\/#primaryimage\",\"url\":\"https:\\\/\\\/accesbeaute.ca\\\/wp-content\\\/uploads\\\/2021\\\/10\\\/masque-empreinte-bioeffect.jpg\",\"contentUrl\":\"https:\\\/\\\/accesbeaute.ca\\\/wp-content\\\/uploads\\\/2021\\\/10\\\/masque-empreinte-bioeffect.jpg\",\"width\":1000,\"height\":1000},{\"@type\":\"BreadcrumbList\",\"@id\":\"https:\\\/\\\/accesbeaute.ca\\\/en\\\/buy\\\/imprinting-hydrogel-face-mask-bioeffect\\\/#breadcrumb\",\"itemListElement\":[{\"@type\":\"ListItem\",\"position\":1,\"name\":\"Accueil\",\"item\":\"https:\\\/\\\/accesbeaute.ca\\\/en\\\/\"},{\"@type\":\"ListItem\",\"position\":2,\"name\":\"Boutique\",\"item\":\"https:\\\/\\\/accesbeaute.ca\\\/boutique\\\/\"},{\"@type\":\"ListItem\",\"position\":3,\"name\":\"Masques sp\u00e9cifiques\",\"item\":\"https:\\\/\\\/accesbeaute.ca\\\/en\\\/acheter\\\/masques-specifiques-en\\\/\"},{\"@type\":\"ListItem\",\"position\":4,\"name\":\"Imprinting hydrogel face mask &#8211; Bioeffect\"}]},{\"@type\":\"WebSite\",\"@id\":\"https:\\\/\\\/accesbeaute.ca\\\/en\\\/#website\",\"url\":\"https:\\\/\\\/accesbeaute.ca\\\/en\\\/\",\"name\":\"Acc\u00e8s Beaut\u00e9\",\"description\":\"Achat de produits de beaut\u00e9 en ligne\",\"potentialAction\":[{\"@type\":\"SearchAction\",\"target\":{\"@type\":\"EntryPoint\",\"urlTemplate\":\"https:\\\/\\\/accesbeaute.ca\\\/en\\\/?s={search_term_string}\"},\"query-input\":{\"@type\":\"PropertyValueSpecification\",\"valueRequired\":true,\"valueName\":\"search_term_string\"}}],\"inLanguage\":\"en-US\"}]}<\/script>\n<!-- \/ Yoast SEO plugin. -->","yoast_head_json":{"title":"Imprinting hydrogel face mask - Bioeffect  - Achat en ligne","description":"%","robots":{"index":"index","follow":"follow","max-snippet":"max-snippet:-1","max-image-preview":"max-image-preview:large","max-video-preview":"max-video-preview:-1"},"canonical":"https:\/\/accesbeaute.ca\/en\/buy\/imprinting-hydrogel-face-mask-bioeffect\/","og_locale":"en_US","og_type":"article","og_title":"Imprinting hydrogel face mask - Bioeffect  - Achat en ligne","og_description":"%","og_url":"https:\/\/accesbeaute.ca\/en\/buy\/imprinting-hydrogel-face-mask-bioeffect\/","og_site_name":"Acc\u00e8s Beaut\u00e9","article_modified_time":"2025-06-04T21:37:55+00:00","og_image":[{"width":1000,"height":1000,"url":"https:\/\/accesbeaute.ca\/wp-content\/uploads\/2021\/10\/masque-empreinte-bioeffect.jpg","type":"image\/jpeg"}],"twitter_card":"summary_large_image","twitter_misc":{"Est. reading time":"1 minute"},"schema":{"@context":"https:\/\/schema.org","@graph":[{"@type":"WebPage","@id":"https:\/\/accesbeaute.ca\/en\/buy\/imprinting-hydrogel-face-mask-bioeffect\/","url":"https:\/\/accesbeaute.ca\/en\/buy\/imprinting-hydrogel-face-mask-bioeffect\/","name":"Imprinting hydrogel face mask - Bioeffect - Achat en ligne","isPartOf":{"@id":"https:\/\/accesbeaute.ca\/en\/#website"},"primaryImageOfPage":{"@id":"https:\/\/accesbeaute.ca\/en\/buy\/imprinting-hydrogel-face-mask-bioeffect\/#primaryimage"},"image":{"@id":"https:\/\/accesbeaute.ca\/en\/buy\/imprinting-hydrogel-face-mask-bioeffect\/#primaryimage"},"thumbnailUrl":"https:\/\/accesbeaute.ca\/wp-content\/uploads\/2021\/10\/masque-empreinte-bioeffect.jpg","datePublished":"2021-10-30T12:37:33+00:00","dateModified":"2025-06-04T21:37:55+00:00","description":"%","breadcrumb":{"@id":"https:\/\/accesbeaute.ca\/en\/buy\/imprinting-hydrogel-face-mask-bioeffect\/#breadcrumb"},"inLanguage":"en-US","potentialAction":[{"@type":"ReadAction","target":["https:\/\/accesbeaute.ca\/en\/buy\/imprinting-hydrogel-face-mask-bioeffect\/"]}]},{"@type":"ImageObject","inLanguage":"en-US","@id":"https:\/\/accesbeaute.ca\/en\/buy\/imprinting-hydrogel-face-mask-bioeffect\/#primaryimage","url":"https:\/\/accesbeaute.ca\/wp-content\/uploads\/2021\/10\/masque-empreinte-bioeffect.jpg","contentUrl":"https:\/\/accesbeaute.ca\/wp-content\/uploads\/2021\/10\/masque-empreinte-bioeffect.jpg","width":1000,"height":1000},{"@type":"BreadcrumbList","@id":"https:\/\/accesbeaute.ca\/en\/buy\/imprinting-hydrogel-face-mask-bioeffect\/#breadcrumb","itemListElement":[{"@type":"ListItem","position":1,"name":"Accueil","item":"https:\/\/accesbeaute.ca\/en\/"},{"@type":"ListItem","position":2,"name":"Boutique","item":"https:\/\/accesbeaute.ca\/boutique\/"},{"@type":"ListItem","position":3,"name":"Masques sp\u00e9cifiques","item":"https:\/\/accesbeaute.ca\/en\/acheter\/masques-specifiques-en\/"},{"@type":"ListItem","position":4,"name":"Imprinting hydrogel face mask &#8211; Bioeffect"}]},{"@type":"WebSite","@id":"https:\/\/accesbeaute.ca\/en\/#website","url":"https:\/\/accesbeaute.ca\/en\/","name":"Acc\u00e8s Beaut\u00e9","description":"Achat de produits de beaut\u00e9 en ligne","potentialAction":[{"@type":"SearchAction","target":{"@type":"EntryPoint","urlTemplate":"https:\/\/accesbeaute.ca\/en\/?s={search_term_string}"},"query-input":{"@type":"PropertyValueSpecification","valueRequired":true,"valueName":"search_term_string"}}],"inLanguage":"en-US"}]}},"_links":{"self":[{"href":"https:\/\/accesbeaute.ca\/en\/wp-json\/wp\/v2\/product\/6457","targetHints":{"allow":["GET"]}}],"collection":[{"href":"https:\/\/accesbeaute.ca\/en\/wp-json\/wp\/v2\/product"}],"about":[{"href":"https:\/\/accesbeaute.ca\/en\/wp-json\/wp\/v2\/types\/product"}],"wp:featuredmedia":[{"embeddable":true,"href":"https:\/\/accesbeaute.ca\/en\/wp-json\/wp\/v2\/media\/3777"}],"wp:attachment":[{"href":"https:\/\/accesbeaute.ca\/en\/wp-json\/wp\/v2\/media?parent=6457"}],"wp:term":[{"taxonomy":"product_brand","embeddable":true,"href":"https:\/\/accesbeaute.ca\/en\/wp-json\/wp\/v2\/product_brand?post=6457"},{"taxonomy":"product_cat","embeddable":true,"href":"https:\/\/accesbeaute.ca\/en\/wp-json\/wp\/v2\/product_cat?post=6457"},{"taxonomy":"product_tag","embeddable":true,"href":"https:\/\/accesbeaute.ca\/en\/wp-json\/wp\/v2\/product_tag?post=6457"}],"curies":[{"name":"wp","href":"https:\/\/api.w.org\/{rel}","templated":true}]}}