{"id":6462,"date":"2021-10-30T12:16:30","date_gmt":"2021-10-30T12:16:30","guid":{"rendered":"https:\/\/accesbeaute.ca\/achat\/efg-power-cream-bioeffect\/"},"modified":"2025-06-04T21:40:56","modified_gmt":"2025-06-04T21:40:56","slug":"efg-power-cream-bioeffect","status":"publish","type":"product","link":"https:\/\/accesbeaute.ca\/en\/buy\/efg-power-cream-bioeffect\/","title":{"rendered":"EFG Power Cream &#8211; Bioeffect"},"content":{"rendered":"<ul>\n<li>Up to 53% reduction in the appearance of fine lines and wrinkles*<\/li>\n<li>Up to 36% reduction in age spots and brown spots*<\/li>\n<li>Up to 60% increase in skin density, visibly plumper skin<\/li>\n<li>Up to 58% increase in skin elasticity, visibly firmer<\/li>\n<li>Up to 56% reduction in dilated pores<\/li>\n<li>Regenerates and revitalizes the skin<\/li>\n<li>Contains only 23 ingredients<\/li>\n<li>Suitable for all skin types, ideal for dry and mature skin<\/li>\n<li>Contains no ingredients of animal origin<\/li>\n<li>Fragrance-free, paraben-free, silicone-free and gluten-free<\/li>\n<li>Hypoallergenic<\/li>\n<li>Size: 50 ml \/ 1.7 fl. oz<\/li>\n<\/ul>\n<p>*Results of a 3-month internal efficacy study using the VISIA skin analysis system. In the process, 50 participants applied EGF Power Cream twice a day.<\/p>\n<p>Discover a new-generation anti-aging face cream. This innovative treatment with unrivalled power combats wrinkles, age spots, loss of firmness and density, as well as dehydration. Its anti-aging formula of just 23 ingredients contains our flagship plant-derived EGF and an exceptional new ingredient: our barley-derived beta-glucan.<\/p>\n<p>This unique formula is fragrance-, paraben-, silicone- and gluten-free.<\/p>\n","protected":false},"excerpt":{"rendered":"<hr class=\"ligne-grise\" \/>\n<p><strong>Brand:<\/strong> <a href=\"\/acheter\/bioeffect\">Bioeffect<\/a><\/p>\n<p>A rich, luxurious cream with plant-based EGF, whose innovative formula is specially designed to simultaneously combat a variety of factors responsible for skin aging.<\/p>\n","protected":false},"featured_media":3765,"template":"","meta":{"_et_pb_use_builder":"","_et_pb_old_content":"","_et_gb_content_width":""},"product_brand":[],"product_cat":[209,218,219],"product_tag":[],"class_list":{"0":"post-6462","1":"product","2":"type-product","3":"status-publish","4":"has-post-thumbnail","6":"product_cat-creme-hydratante-en","7":"product_cat-soins-cremes-antirides","8":"product_cat-soins-anti-age","10":"first","11":"instock","12":"sale","13":"taxable","14":"shipping-taxable","15":"purchasable","16":"product-type-simple"},"yoast_head":"<!-- This site is optimized with the Yoast SEO plugin v27.3 - https:\/\/yoast.com\/product\/yoast-seo-wordpress\/ -->\n<title>EFG Power Cream - Bioeffect  - Achat en ligne<\/title>\n<meta name=\"description\" content=\"%\" \/>\n<meta name=\"robots\" content=\"index, follow, max-snippet:-1, max-image-preview:large, max-video-preview:-1\" \/>\n<link rel=\"canonical\" href=\"https:\/\/accesbeaute.ca\/en\/buy\/efg-power-cream-bioeffect\/\" \/>\n<meta property=\"og:locale\" content=\"en_US\" \/>\n<meta property=\"og:type\" content=\"article\" \/>\n<meta property=\"og:title\" content=\"EFG Power Cream - Bioeffect  - Achat en ligne\" \/>\n<meta property=\"og:description\" content=\"%\" \/>\n<meta property=\"og:url\" content=\"https:\/\/accesbeaute.ca\/en\/buy\/efg-power-cream-bioeffect\/\" \/>\n<meta property=\"og:site_name\" content=\"Acc\u00e8s Beaut\u00e9\" \/>\n<meta property=\"article:modified_time\" content=\"2025-06-04T21:40:56+00:00\" \/>\n<meta property=\"og:image\" content=\"https:\/\/accesbeaute.ca\/wp-content\/uploads\/2021\/10\/creme-puissante-bioeffect.jpg\" \/>\n\t<meta property=\"og:image:width\" content=\"1408\" \/>\n\t<meta property=\"og:image:height\" content=\"1408\" \/>\n\t<meta property=\"og:image:type\" content=\"image\/jpeg\" \/>\n<meta name=\"twitter:card\" content=\"summary_large_image\" \/>\n<meta name=\"twitter:label1\" content=\"Est. reading time\" \/>\n\t<meta name=\"twitter:data1\" content=\"1 minute\" \/>\n<script type=\"application\/ld+json\" class=\"yoast-schema-graph\">{\"@context\":\"https:\\\/\\\/schema.org\",\"@graph\":[{\"@type\":\"WebPage\",\"@id\":\"https:\\\/\\\/accesbeaute.ca\\\/en\\\/buy\\\/efg-power-cream-bioeffect\\\/\",\"url\":\"https:\\\/\\\/accesbeaute.ca\\\/en\\\/buy\\\/efg-power-cream-bioeffect\\\/\",\"name\":\"EFG Power Cream - Bioeffect - Achat en ligne\",\"isPartOf\":{\"@id\":\"https:\\\/\\\/accesbeaute.ca\\\/en\\\/#website\"},\"primaryImageOfPage\":{\"@id\":\"https:\\\/\\\/accesbeaute.ca\\\/en\\\/buy\\\/efg-power-cream-bioeffect\\\/#primaryimage\"},\"image\":{\"@id\":\"https:\\\/\\\/accesbeaute.ca\\\/en\\\/buy\\\/efg-power-cream-bioeffect\\\/#primaryimage\"},\"thumbnailUrl\":\"https:\\\/\\\/accesbeaute.ca\\\/wp-content\\\/uploads\\\/2021\\\/10\\\/creme-puissante-bioeffect.jpg\",\"datePublished\":\"2021-10-30T12:16:30+00:00\",\"dateModified\":\"2025-06-04T21:40:56+00:00\",\"description\":\"%\",\"breadcrumb\":{\"@id\":\"https:\\\/\\\/accesbeaute.ca\\\/en\\\/buy\\\/efg-power-cream-bioeffect\\\/#breadcrumb\"},\"inLanguage\":\"en-US\",\"potentialAction\":[{\"@type\":\"ReadAction\",\"target\":[\"https:\\\/\\\/accesbeaute.ca\\\/en\\\/buy\\\/efg-power-cream-bioeffect\\\/\"]}]},{\"@type\":\"ImageObject\",\"inLanguage\":\"en-US\",\"@id\":\"https:\\\/\\\/accesbeaute.ca\\\/en\\\/buy\\\/efg-power-cream-bioeffect\\\/#primaryimage\",\"url\":\"https:\\\/\\\/accesbeaute.ca\\\/wp-content\\\/uploads\\\/2021\\\/10\\\/creme-puissante-bioeffect.jpg\",\"contentUrl\":\"https:\\\/\\\/accesbeaute.ca\\\/wp-content\\\/uploads\\\/2021\\\/10\\\/creme-puissante-bioeffect.jpg\",\"width\":1408,\"height\":1408},{\"@type\":\"BreadcrumbList\",\"@id\":\"https:\\\/\\\/accesbeaute.ca\\\/en\\\/buy\\\/efg-power-cream-bioeffect\\\/#breadcrumb\",\"itemListElement\":[{\"@type\":\"ListItem\",\"position\":1,\"name\":\"Accueil\",\"item\":\"https:\\\/\\\/accesbeaute.ca\\\/en\\\/\"},{\"@type\":\"ListItem\",\"position\":2,\"name\":\"Boutique\",\"item\":\"https:\\\/\\\/accesbeaute.ca\\\/boutique\\\/\"},{\"@type\":\"ListItem\",\"position\":3,\"name\":\"Cr\u00e8mes hydratantes\",\"item\":\"https:\\\/\\\/accesbeaute.ca\\\/en\\\/acheter\\\/creme-hydratante-en\\\/\"},{\"@type\":\"ListItem\",\"position\":4,\"name\":\"EFG Power Cream &#8211; Bioeffect\"}]},{\"@type\":\"WebSite\",\"@id\":\"https:\\\/\\\/accesbeaute.ca\\\/en\\\/#website\",\"url\":\"https:\\\/\\\/accesbeaute.ca\\\/en\\\/\",\"name\":\"Acc\u00e8s Beaut\u00e9\",\"description\":\"Achat de produits de beaut\u00e9 en ligne\",\"potentialAction\":[{\"@type\":\"SearchAction\",\"target\":{\"@type\":\"EntryPoint\",\"urlTemplate\":\"https:\\\/\\\/accesbeaute.ca\\\/en\\\/?s={search_term_string}\"},\"query-input\":{\"@type\":\"PropertyValueSpecification\",\"valueRequired\":true,\"valueName\":\"search_term_string\"}}],\"inLanguage\":\"en-US\"}]}<\/script>\n<!-- \/ Yoast SEO plugin. -->","yoast_head_json":{"title":"EFG Power Cream - Bioeffect  - Achat en ligne","description":"%","robots":{"index":"index","follow":"follow","max-snippet":"max-snippet:-1","max-image-preview":"max-image-preview:large","max-video-preview":"max-video-preview:-1"},"canonical":"https:\/\/accesbeaute.ca\/en\/buy\/efg-power-cream-bioeffect\/","og_locale":"en_US","og_type":"article","og_title":"EFG Power Cream - Bioeffect  - Achat en ligne","og_description":"%","og_url":"https:\/\/accesbeaute.ca\/en\/buy\/efg-power-cream-bioeffect\/","og_site_name":"Acc\u00e8s Beaut\u00e9","article_modified_time":"2025-06-04T21:40:56+00:00","og_image":[{"width":1408,"height":1408,"url":"https:\/\/accesbeaute.ca\/wp-content\/uploads\/2021\/10\/creme-puissante-bioeffect.jpg","type":"image\/jpeg"}],"twitter_card":"summary_large_image","twitter_misc":{"Est. reading time":"1 minute"},"schema":{"@context":"https:\/\/schema.org","@graph":[{"@type":"WebPage","@id":"https:\/\/accesbeaute.ca\/en\/buy\/efg-power-cream-bioeffect\/","url":"https:\/\/accesbeaute.ca\/en\/buy\/efg-power-cream-bioeffect\/","name":"EFG Power Cream - Bioeffect - Achat en ligne","isPartOf":{"@id":"https:\/\/accesbeaute.ca\/en\/#website"},"primaryImageOfPage":{"@id":"https:\/\/accesbeaute.ca\/en\/buy\/efg-power-cream-bioeffect\/#primaryimage"},"image":{"@id":"https:\/\/accesbeaute.ca\/en\/buy\/efg-power-cream-bioeffect\/#primaryimage"},"thumbnailUrl":"https:\/\/accesbeaute.ca\/wp-content\/uploads\/2021\/10\/creme-puissante-bioeffect.jpg","datePublished":"2021-10-30T12:16:30+00:00","dateModified":"2025-06-04T21:40:56+00:00","description":"%","breadcrumb":{"@id":"https:\/\/accesbeaute.ca\/en\/buy\/efg-power-cream-bioeffect\/#breadcrumb"},"inLanguage":"en-US","potentialAction":[{"@type":"ReadAction","target":["https:\/\/accesbeaute.ca\/en\/buy\/efg-power-cream-bioeffect\/"]}]},{"@type":"ImageObject","inLanguage":"en-US","@id":"https:\/\/accesbeaute.ca\/en\/buy\/efg-power-cream-bioeffect\/#primaryimage","url":"https:\/\/accesbeaute.ca\/wp-content\/uploads\/2021\/10\/creme-puissante-bioeffect.jpg","contentUrl":"https:\/\/accesbeaute.ca\/wp-content\/uploads\/2021\/10\/creme-puissante-bioeffect.jpg","width":1408,"height":1408},{"@type":"BreadcrumbList","@id":"https:\/\/accesbeaute.ca\/en\/buy\/efg-power-cream-bioeffect\/#breadcrumb","itemListElement":[{"@type":"ListItem","position":1,"name":"Accueil","item":"https:\/\/accesbeaute.ca\/en\/"},{"@type":"ListItem","position":2,"name":"Boutique","item":"https:\/\/accesbeaute.ca\/boutique\/"},{"@type":"ListItem","position":3,"name":"Cr\u00e8mes hydratantes","item":"https:\/\/accesbeaute.ca\/en\/acheter\/creme-hydratante-en\/"},{"@type":"ListItem","position":4,"name":"EFG Power Cream &#8211; Bioeffect"}]},{"@type":"WebSite","@id":"https:\/\/accesbeaute.ca\/en\/#website","url":"https:\/\/accesbeaute.ca\/en\/","name":"Acc\u00e8s Beaut\u00e9","description":"Achat de produits de beaut\u00e9 en ligne","potentialAction":[{"@type":"SearchAction","target":{"@type":"EntryPoint","urlTemplate":"https:\/\/accesbeaute.ca\/en\/?s={search_term_string}"},"query-input":{"@type":"PropertyValueSpecification","valueRequired":true,"valueName":"search_term_string"}}],"inLanguage":"en-US"}]}},"_links":{"self":[{"href":"https:\/\/accesbeaute.ca\/en\/wp-json\/wp\/v2\/product\/6462","targetHints":{"allow":["GET"]}}],"collection":[{"href":"https:\/\/accesbeaute.ca\/en\/wp-json\/wp\/v2\/product"}],"about":[{"href":"https:\/\/accesbeaute.ca\/en\/wp-json\/wp\/v2\/types\/product"}],"wp:featuredmedia":[{"embeddable":true,"href":"https:\/\/accesbeaute.ca\/en\/wp-json\/wp\/v2\/media\/3765"}],"wp:attachment":[{"href":"https:\/\/accesbeaute.ca\/en\/wp-json\/wp\/v2\/media?parent=6462"}],"wp:term":[{"taxonomy":"product_brand","embeddable":true,"href":"https:\/\/accesbeaute.ca\/en\/wp-json\/wp\/v2\/product_brand?post=6462"},{"taxonomy":"product_cat","embeddable":true,"href":"https:\/\/accesbeaute.ca\/en\/wp-json\/wp\/v2\/product_cat?post=6462"},{"taxonomy":"product_tag","embeddable":true,"href":"https:\/\/accesbeaute.ca\/en\/wp-json\/wp\/v2\/product_tag?post=6462"}],"curies":[{"name":"wp","href":"https:\/\/api.w.org\/{rel}","templated":true}]}}