{"id":6463,"date":"2021-10-30T12:10:56","date_gmt":"2021-10-30T12:10:56","guid":{"rendered":"https:\/\/accesbeaute.ca\/achat\/egf-eye-serum-bioeffect\/"},"modified":"2025-06-04T21:41:22","modified_gmt":"2025-06-04T21:41:22","slug":"egf-eye-serum-bioeffect","status":"publish","type":"product","link":"https:\/\/accesbeaute.ca\/en\/buy\/egf-eye-serum-bioeffect\/","title":{"rendered":"EGF Eye Serum &#8211; Bioeffect"},"content":{"rendered":"<ul>\n<li>Increases skin hydration by 30%*<\/li>\n<li>Reduces the appearance of fine lines and wrinkles by 19%*<\/li>\n<li>Improves skin density and thickness, reducing the appearance of dark circles<\/li>\n<li>Refreshes and revitalizes the eyes<\/li>\n<li>Reduces signs of fatigue and under-eye puffiness<\/li>\n<li>Provides radiance and firmness<\/li>\n<li>Easy to apply with stainless steel roller applicator<\/li>\n<li>Suitable for all skin types<\/li>\n<li>Fragrance-, alcohol-, and oil-free<\/li>\n<li>Size: 6 ml \/ 0.20 oz.<\/li>\n<\/ul>\n<p>*12-week, double-blind, placebo-controlled internal study with BIOEFFECT EYE SERUM<\/p>\n<p>EGF EYE SERUM is a revitalizing anti-aging serum, specially designed to target the sensitive eye contour area. It minimizes the appearance of fine lines and wrinkles, reduces puffiness, deeply moisturizes and restores skin&#8217;s radiance and firmness.<\/p>\n","protected":false},"excerpt":{"rendered":"<hr class=\"ligne-grise\" \/>\n<p><strong>Brand:<\/strong> <a href=\"\/acheter\/bioeffect\">Bioeffect<\/a><\/p>\n<p>Our light, toning eye contour serum rehydrates, decongests, reduces wrinkles and brightens the eyes.<\/p>\n","protected":false},"featured_media":3762,"template":"","meta":{"_et_pb_use_builder":"","_et_pb_old_content":"","_et_gb_content_width":""},"product_brand":[],"product_cat":[227,222],"product_tag":[],"class_list":{"0":"post-6463","1":"product","2":"type-product","3":"status-publish","4":"has-post-thumbnail","6":"product_cat-produits-pour-soins-des-yeux","7":"product_cat-serums-rajeunissants","9":"first","10":"instock","11":"taxable","12":"shipping-taxable","13":"purchasable","14":"product-type-simple"},"yoast_head":"<!-- This site is optimized with the Yoast SEO plugin v27.3 - https:\/\/yoast.com\/product\/yoast-seo-wordpress\/ -->\n<title>EGF Eye Serum - Bioeffect  - Achat en ligne<\/title>\n<meta name=\"description\" content=\"%\" \/>\n<meta name=\"robots\" content=\"index, follow, max-snippet:-1, max-image-preview:large, max-video-preview:-1\" \/>\n<link rel=\"canonical\" href=\"https:\/\/accesbeaute.ca\/en\/buy\/egf-eye-serum-bioeffect\/\" \/>\n<meta property=\"og:locale\" content=\"en_US\" \/>\n<meta property=\"og:type\" content=\"article\" \/>\n<meta property=\"og:title\" content=\"EGF Eye Serum - Bioeffect  - Achat en ligne\" \/>\n<meta property=\"og:description\" content=\"%\" \/>\n<meta property=\"og:url\" content=\"https:\/\/accesbeaute.ca\/en\/buy\/egf-eye-serum-bioeffect\/\" \/>\n<meta property=\"og:site_name\" content=\"Acc\u00e8s Beaut\u00e9\" \/>\n<meta property=\"article:modified_time\" content=\"2025-06-04T21:41:22+00:00\" \/>\n<meta property=\"og:image\" content=\"https:\/\/accesbeaute.ca\/wp-content\/uploads\/2021\/10\/serum-yeux-par-bioeffect.jpg\" \/>\n\t<meta property=\"og:image:width\" content=\"911\" \/>\n\t<meta property=\"og:image:height\" content=\"911\" \/>\n\t<meta property=\"og:image:type\" content=\"image\/jpeg\" \/>\n<meta name=\"twitter:card\" content=\"summary_large_image\" \/>\n<meta name=\"twitter:label1\" content=\"Est. reading time\" \/>\n\t<meta name=\"twitter:data1\" content=\"1 minute\" \/>\n<script type=\"application\/ld+json\" class=\"yoast-schema-graph\">{\"@context\":\"https:\\\/\\\/schema.org\",\"@graph\":[{\"@type\":\"WebPage\",\"@id\":\"https:\\\/\\\/accesbeaute.ca\\\/en\\\/buy\\\/egf-eye-serum-bioeffect\\\/\",\"url\":\"https:\\\/\\\/accesbeaute.ca\\\/en\\\/buy\\\/egf-eye-serum-bioeffect\\\/\",\"name\":\"EGF Eye Serum - Bioeffect - Achat en ligne\",\"isPartOf\":{\"@id\":\"https:\\\/\\\/accesbeaute.ca\\\/en\\\/#website\"},\"primaryImageOfPage\":{\"@id\":\"https:\\\/\\\/accesbeaute.ca\\\/en\\\/buy\\\/egf-eye-serum-bioeffect\\\/#primaryimage\"},\"image\":{\"@id\":\"https:\\\/\\\/accesbeaute.ca\\\/en\\\/buy\\\/egf-eye-serum-bioeffect\\\/#primaryimage\"},\"thumbnailUrl\":\"https:\\\/\\\/accesbeaute.ca\\\/wp-content\\\/uploads\\\/2021\\\/10\\\/serum-yeux-par-bioeffect.jpg\",\"datePublished\":\"2021-10-30T12:10:56+00:00\",\"dateModified\":\"2025-06-04T21:41:22+00:00\",\"description\":\"%\",\"breadcrumb\":{\"@id\":\"https:\\\/\\\/accesbeaute.ca\\\/en\\\/buy\\\/egf-eye-serum-bioeffect\\\/#breadcrumb\"},\"inLanguage\":\"en-US\",\"potentialAction\":[{\"@type\":\"ReadAction\",\"target\":[\"https:\\\/\\\/accesbeaute.ca\\\/en\\\/buy\\\/egf-eye-serum-bioeffect\\\/\"]}]},{\"@type\":\"ImageObject\",\"inLanguage\":\"en-US\",\"@id\":\"https:\\\/\\\/accesbeaute.ca\\\/en\\\/buy\\\/egf-eye-serum-bioeffect\\\/#primaryimage\",\"url\":\"https:\\\/\\\/accesbeaute.ca\\\/wp-content\\\/uploads\\\/2021\\\/10\\\/serum-yeux-par-bioeffect.jpg\",\"contentUrl\":\"https:\\\/\\\/accesbeaute.ca\\\/wp-content\\\/uploads\\\/2021\\\/10\\\/serum-yeux-par-bioeffect.jpg\",\"width\":911,\"height\":911},{\"@type\":\"BreadcrumbList\",\"@id\":\"https:\\\/\\\/accesbeaute.ca\\\/en\\\/buy\\\/egf-eye-serum-bioeffect\\\/#breadcrumb\",\"itemListElement\":[{\"@type\":\"ListItem\",\"position\":1,\"name\":\"Accueil\",\"item\":\"https:\\\/\\\/accesbeaute.ca\\\/en\\\/\"},{\"@type\":\"ListItem\",\"position\":2,\"name\":\"Boutique\",\"item\":\"https:\\\/\\\/accesbeaute.ca\\\/boutique\\\/\"},{\"@type\":\"ListItem\",\"position\":3,\"name\":\"Produits pour soins des yeux\",\"item\":\"https:\\\/\\\/accesbeaute.ca\\\/en\\\/acheter\\\/produits-pour-soins-des-yeux\\\/\"},{\"@type\":\"ListItem\",\"position\":4,\"name\":\"EGF Eye Serum &#8211; Bioeffect\"}]},{\"@type\":\"WebSite\",\"@id\":\"https:\\\/\\\/accesbeaute.ca\\\/en\\\/#website\",\"url\":\"https:\\\/\\\/accesbeaute.ca\\\/en\\\/\",\"name\":\"Acc\u00e8s Beaut\u00e9\",\"description\":\"Achat de produits de beaut\u00e9 en ligne\",\"potentialAction\":[{\"@type\":\"SearchAction\",\"target\":{\"@type\":\"EntryPoint\",\"urlTemplate\":\"https:\\\/\\\/accesbeaute.ca\\\/en\\\/?s={search_term_string}\"},\"query-input\":{\"@type\":\"PropertyValueSpecification\",\"valueRequired\":true,\"valueName\":\"search_term_string\"}}],\"inLanguage\":\"en-US\"}]}<\/script>\n<!-- \/ Yoast SEO plugin. -->","yoast_head_json":{"title":"EGF Eye Serum - Bioeffect  - Achat en ligne","description":"%","robots":{"index":"index","follow":"follow","max-snippet":"max-snippet:-1","max-image-preview":"max-image-preview:large","max-video-preview":"max-video-preview:-1"},"canonical":"https:\/\/accesbeaute.ca\/en\/buy\/egf-eye-serum-bioeffect\/","og_locale":"en_US","og_type":"article","og_title":"EGF Eye Serum - Bioeffect  - Achat en ligne","og_description":"%","og_url":"https:\/\/accesbeaute.ca\/en\/buy\/egf-eye-serum-bioeffect\/","og_site_name":"Acc\u00e8s Beaut\u00e9","article_modified_time":"2025-06-04T21:41:22+00:00","og_image":[{"width":911,"height":911,"url":"https:\/\/accesbeaute.ca\/wp-content\/uploads\/2021\/10\/serum-yeux-par-bioeffect.jpg","type":"image\/jpeg"}],"twitter_card":"summary_large_image","twitter_misc":{"Est. reading time":"1 minute"},"schema":{"@context":"https:\/\/schema.org","@graph":[{"@type":"WebPage","@id":"https:\/\/accesbeaute.ca\/en\/buy\/egf-eye-serum-bioeffect\/","url":"https:\/\/accesbeaute.ca\/en\/buy\/egf-eye-serum-bioeffect\/","name":"EGF Eye Serum - Bioeffect - Achat en ligne","isPartOf":{"@id":"https:\/\/accesbeaute.ca\/en\/#website"},"primaryImageOfPage":{"@id":"https:\/\/accesbeaute.ca\/en\/buy\/egf-eye-serum-bioeffect\/#primaryimage"},"image":{"@id":"https:\/\/accesbeaute.ca\/en\/buy\/egf-eye-serum-bioeffect\/#primaryimage"},"thumbnailUrl":"https:\/\/accesbeaute.ca\/wp-content\/uploads\/2021\/10\/serum-yeux-par-bioeffect.jpg","datePublished":"2021-10-30T12:10:56+00:00","dateModified":"2025-06-04T21:41:22+00:00","description":"%","breadcrumb":{"@id":"https:\/\/accesbeaute.ca\/en\/buy\/egf-eye-serum-bioeffect\/#breadcrumb"},"inLanguage":"en-US","potentialAction":[{"@type":"ReadAction","target":["https:\/\/accesbeaute.ca\/en\/buy\/egf-eye-serum-bioeffect\/"]}]},{"@type":"ImageObject","inLanguage":"en-US","@id":"https:\/\/accesbeaute.ca\/en\/buy\/egf-eye-serum-bioeffect\/#primaryimage","url":"https:\/\/accesbeaute.ca\/wp-content\/uploads\/2021\/10\/serum-yeux-par-bioeffect.jpg","contentUrl":"https:\/\/accesbeaute.ca\/wp-content\/uploads\/2021\/10\/serum-yeux-par-bioeffect.jpg","width":911,"height":911},{"@type":"BreadcrumbList","@id":"https:\/\/accesbeaute.ca\/en\/buy\/egf-eye-serum-bioeffect\/#breadcrumb","itemListElement":[{"@type":"ListItem","position":1,"name":"Accueil","item":"https:\/\/accesbeaute.ca\/en\/"},{"@type":"ListItem","position":2,"name":"Boutique","item":"https:\/\/accesbeaute.ca\/boutique\/"},{"@type":"ListItem","position":3,"name":"Produits pour soins des yeux","item":"https:\/\/accesbeaute.ca\/en\/acheter\/produits-pour-soins-des-yeux\/"},{"@type":"ListItem","position":4,"name":"EGF Eye Serum &#8211; Bioeffect"}]},{"@type":"WebSite","@id":"https:\/\/accesbeaute.ca\/en\/#website","url":"https:\/\/accesbeaute.ca\/en\/","name":"Acc\u00e8s Beaut\u00e9","description":"Achat de produits de beaut\u00e9 en ligne","potentialAction":[{"@type":"SearchAction","target":{"@type":"EntryPoint","urlTemplate":"https:\/\/accesbeaute.ca\/en\/?s={search_term_string}"},"query-input":{"@type":"PropertyValueSpecification","valueRequired":true,"valueName":"search_term_string"}}],"inLanguage":"en-US"}]}},"_links":{"self":[{"href":"https:\/\/accesbeaute.ca\/en\/wp-json\/wp\/v2\/product\/6463","targetHints":{"allow":["GET"]}}],"collection":[{"href":"https:\/\/accesbeaute.ca\/en\/wp-json\/wp\/v2\/product"}],"about":[{"href":"https:\/\/accesbeaute.ca\/en\/wp-json\/wp\/v2\/types\/product"}],"wp:featuredmedia":[{"embeddable":true,"href":"https:\/\/accesbeaute.ca\/en\/wp-json\/wp\/v2\/media\/3762"}],"wp:attachment":[{"href":"https:\/\/accesbeaute.ca\/en\/wp-json\/wp\/v2\/media?parent=6463"}],"wp:term":[{"taxonomy":"product_brand","embeddable":true,"href":"https:\/\/accesbeaute.ca\/en\/wp-json\/wp\/v2\/product_brand?post=6463"},{"taxonomy":"product_cat","embeddable":true,"href":"https:\/\/accesbeaute.ca\/en\/wp-json\/wp\/v2\/product_cat?post=6463"},{"taxonomy":"product_tag","embeddable":true,"href":"https:\/\/accesbeaute.ca\/en\/wp-json\/wp\/v2\/product_tag?post=6463"}],"curies":[{"name":"wp","href":"https:\/\/api.w.org\/{rel}","templated":true}]}}