{"id":6466,"date":"2021-10-29T20:44:51","date_gmt":"2021-10-29T20:44:51","guid":{"rendered":"https:\/\/accesbeaute.ca\/achat\/volcanic-exfoliator-bioeffect\/"},"modified":"2026-04-07T00:03:17","modified_gmt":"2026-04-07T00:03:17","slug":"volcanic-exfoliator-bioeffect","status":"publish","type":"product","link":"https:\/\/accesbeaute.ca\/en\/buy\/volcanic-exfoliator-bioeffect\/","title":{"rendered":"Volcanic exfoliator &#8211; Bioeffect"},"content":{"rendered":"<ul>\n<li>Gentle yet thorough exfoliation<\/li>\n<li>Eliminates dead skin cells<\/li>\n<li>Leaves skin soft and refreshed<\/li>\n<li>Enhances the effectiveness of EGF cell activator<\/li>\n<li>Contains no nanoparticles or micro-plastics<\/li>\n<li>Fragrance-free, oil-free, alcohol-free<\/li>\n<li>Suitable for all skin types<\/li>\n<li>Size: 60 ml\/ 2.03 oz.<\/li>\n<\/ul>\n<p>VOLCANIC EXFOLIATOR effectively eliminates dead skin cells, revealing a radiant, healthy complexion. This peel prepares the skin perfectly for the application of EGF cell activator, present in all BIOEFFECT skincare products, and increases its effectiveness tenfold.<\/p>\n","protected":false},"excerpt":{"rendered":"<hr class=\"ligne-grise\" \/>\n<p><strong>Brand:<\/strong> <a href=\"\/acheter\/bioeffect\">Bioeffect<\/a><\/p>\n<p>Gentle, natural scrub with Icelandic lava microcrystals, refreshes and cleanses the skin. Microplastic-free.<\/p>\n","protected":false},"featured_media":3746,"template":"","meta":{"_et_pb_use_builder":"","_et_pb_old_content":"","_et_gb_content_width":""},"product_brand":[],"product_cat":[221],"product_tag":[],"class_list":{"0":"post-6466","1":"product","2":"type-product","3":"status-publish","4":"has-post-thumbnail","6":"product_cat-exfoliants-et-gommages","8":"first","9":"instock","10":"taxable","11":"shipping-taxable","12":"purchasable","13":"product-type-simple"},"yoast_head":"<!-- This site is optimized with the Yoast SEO plugin v27.3 - https:\/\/yoast.com\/product\/yoast-seo-wordpress\/ -->\n<title>Volcanic exfoliator - Bioeffect  - Achat en ligne<\/title>\n<meta name=\"description\" content=\"%\" \/>\n<meta name=\"robots\" content=\"index, follow, max-snippet:-1, max-image-preview:large, max-video-preview:-1\" \/>\n<link rel=\"canonical\" href=\"https:\/\/accesbeaute.ca\/en\/buy\/volcanic-exfoliator-bioeffect\/\" \/>\n<meta property=\"og:locale\" content=\"en_US\" \/>\n<meta property=\"og:type\" content=\"article\" \/>\n<meta property=\"og:title\" content=\"Volcanic exfoliator - Bioeffect  - Achat en ligne\" \/>\n<meta property=\"og:description\" content=\"%\" \/>\n<meta property=\"og:url\" content=\"https:\/\/accesbeaute.ca\/en\/buy\/volcanic-exfoliator-bioeffect\/\" \/>\n<meta property=\"og:site_name\" content=\"Acc\u00e8s Beaut\u00e9\" \/>\n<meta property=\"article:modified_time\" content=\"2026-04-07T00:03:17+00:00\" \/>\n<meta property=\"og:image\" content=\"https:\/\/accesbeaute.ca\/wp-content\/uploads\/2021\/10\/exfoliant-volcanique-bioeffect.jpg\" \/>\n\t<meta property=\"og:image:width\" content=\"1000\" \/>\n\t<meta property=\"og:image:height\" content=\"1000\" \/>\n\t<meta property=\"og:image:type\" content=\"image\/jpeg\" \/>\n<meta name=\"twitter:card\" content=\"summary_large_image\" \/>\n<script type=\"application\/ld+json\" class=\"yoast-schema-graph\">{\"@context\":\"https:\\\/\\\/schema.org\",\"@graph\":[{\"@type\":\"WebPage\",\"@id\":\"https:\\\/\\\/accesbeaute.ca\\\/en\\\/buy\\\/volcanic-exfoliator-bioeffect\\\/\",\"url\":\"https:\\\/\\\/accesbeaute.ca\\\/en\\\/buy\\\/volcanic-exfoliator-bioeffect\\\/\",\"name\":\"Volcanic exfoliator - Bioeffect - Achat en ligne\",\"isPartOf\":{\"@id\":\"https:\\\/\\\/accesbeaute.ca\\\/en\\\/#website\"},\"primaryImageOfPage\":{\"@id\":\"https:\\\/\\\/accesbeaute.ca\\\/en\\\/buy\\\/volcanic-exfoliator-bioeffect\\\/#primaryimage\"},\"image\":{\"@id\":\"https:\\\/\\\/accesbeaute.ca\\\/en\\\/buy\\\/volcanic-exfoliator-bioeffect\\\/#primaryimage\"},\"thumbnailUrl\":\"https:\\\/\\\/accesbeaute.ca\\\/wp-content\\\/uploads\\\/2021\\\/10\\\/exfoliant-volcanique-bioeffect.jpg\",\"datePublished\":\"2021-10-29T20:44:51+00:00\",\"dateModified\":\"2026-04-07T00:03:17+00:00\",\"description\":\"%\",\"breadcrumb\":{\"@id\":\"https:\\\/\\\/accesbeaute.ca\\\/en\\\/buy\\\/volcanic-exfoliator-bioeffect\\\/#breadcrumb\"},\"inLanguage\":\"en-US\",\"potentialAction\":[{\"@type\":\"ReadAction\",\"target\":[\"https:\\\/\\\/accesbeaute.ca\\\/en\\\/buy\\\/volcanic-exfoliator-bioeffect\\\/\"]}]},{\"@type\":\"ImageObject\",\"inLanguage\":\"en-US\",\"@id\":\"https:\\\/\\\/accesbeaute.ca\\\/en\\\/buy\\\/volcanic-exfoliator-bioeffect\\\/#primaryimage\",\"url\":\"https:\\\/\\\/accesbeaute.ca\\\/wp-content\\\/uploads\\\/2021\\\/10\\\/exfoliant-volcanique-bioeffect.jpg\",\"contentUrl\":\"https:\\\/\\\/accesbeaute.ca\\\/wp-content\\\/uploads\\\/2021\\\/10\\\/exfoliant-volcanique-bioeffect.jpg\",\"width\":1000,\"height\":1000},{\"@type\":\"BreadcrumbList\",\"@id\":\"https:\\\/\\\/accesbeaute.ca\\\/en\\\/buy\\\/volcanic-exfoliator-bioeffect\\\/#breadcrumb\",\"itemListElement\":[{\"@type\":\"ListItem\",\"position\":1,\"name\":\"Accueil\",\"item\":\"https:\\\/\\\/accesbeaute.ca\\\/en\\\/\"},{\"@type\":\"ListItem\",\"position\":2,\"name\":\"Boutique\",\"item\":\"https:\\\/\\\/accesbeaute.ca\\\/boutique\\\/\"},{\"@type\":\"ListItem\",\"position\":3,\"name\":\"Produits de beaut\u00e9\",\"item\":\"https:\\\/\\\/accesbeaute.ca\\\/acheter\\\/produits-de-beaute\\\/\"},{\"@type\":\"ListItem\",\"position\":4,\"name\":\"Soins de beaut\u00e9\",\"item\":\"https:\\\/\\\/accesbeaute.ca\\\/acheter\\\/soin-de-beaute\\\/\"},{\"@type\":\"ListItem\",\"position\":5,\"name\":\"Exfoliants et gommages\",\"item\":\"https:\\\/\\\/accesbeaute.ca\\\/en\\\/acheter\\\/exfoliants-et-gommages\\\/\"},{\"@type\":\"ListItem\",\"position\":6,\"name\":\"Volcanic exfoliator &#8211; Bioeffect\"}]},{\"@type\":\"WebSite\",\"@id\":\"https:\\\/\\\/accesbeaute.ca\\\/en\\\/#website\",\"url\":\"https:\\\/\\\/accesbeaute.ca\\\/en\\\/\",\"name\":\"Acc\u00e8s Beaut\u00e9\",\"description\":\"Achat de produits de beaut\u00e9 en ligne\",\"potentialAction\":[{\"@type\":\"SearchAction\",\"target\":{\"@type\":\"EntryPoint\",\"urlTemplate\":\"https:\\\/\\\/accesbeaute.ca\\\/en\\\/?s={search_term_string}\"},\"query-input\":{\"@type\":\"PropertyValueSpecification\",\"valueRequired\":true,\"valueName\":\"search_term_string\"}}],\"inLanguage\":\"en-US\"}]}<\/script>\n<!-- \/ Yoast SEO plugin. -->","yoast_head_json":{"title":"Volcanic exfoliator - Bioeffect  - Achat en ligne","description":"%","robots":{"index":"index","follow":"follow","max-snippet":"max-snippet:-1","max-image-preview":"max-image-preview:large","max-video-preview":"max-video-preview:-1"},"canonical":"https:\/\/accesbeaute.ca\/en\/buy\/volcanic-exfoliator-bioeffect\/","og_locale":"en_US","og_type":"article","og_title":"Volcanic exfoliator - Bioeffect  - Achat en ligne","og_description":"%","og_url":"https:\/\/accesbeaute.ca\/en\/buy\/volcanic-exfoliator-bioeffect\/","og_site_name":"Acc\u00e8s Beaut\u00e9","article_modified_time":"2026-04-07T00:03:17+00:00","og_image":[{"width":1000,"height":1000,"url":"https:\/\/accesbeaute.ca\/wp-content\/uploads\/2021\/10\/exfoliant-volcanique-bioeffect.jpg","type":"image\/jpeg"}],"twitter_card":"summary_large_image","schema":{"@context":"https:\/\/schema.org","@graph":[{"@type":"WebPage","@id":"https:\/\/accesbeaute.ca\/en\/buy\/volcanic-exfoliator-bioeffect\/","url":"https:\/\/accesbeaute.ca\/en\/buy\/volcanic-exfoliator-bioeffect\/","name":"Volcanic exfoliator - Bioeffect - Achat en ligne","isPartOf":{"@id":"https:\/\/accesbeaute.ca\/en\/#website"},"primaryImageOfPage":{"@id":"https:\/\/accesbeaute.ca\/en\/buy\/volcanic-exfoliator-bioeffect\/#primaryimage"},"image":{"@id":"https:\/\/accesbeaute.ca\/en\/buy\/volcanic-exfoliator-bioeffect\/#primaryimage"},"thumbnailUrl":"https:\/\/accesbeaute.ca\/wp-content\/uploads\/2021\/10\/exfoliant-volcanique-bioeffect.jpg","datePublished":"2021-10-29T20:44:51+00:00","dateModified":"2026-04-07T00:03:17+00:00","description":"%","breadcrumb":{"@id":"https:\/\/accesbeaute.ca\/en\/buy\/volcanic-exfoliator-bioeffect\/#breadcrumb"},"inLanguage":"en-US","potentialAction":[{"@type":"ReadAction","target":["https:\/\/accesbeaute.ca\/en\/buy\/volcanic-exfoliator-bioeffect\/"]}]},{"@type":"ImageObject","inLanguage":"en-US","@id":"https:\/\/accesbeaute.ca\/en\/buy\/volcanic-exfoliator-bioeffect\/#primaryimage","url":"https:\/\/accesbeaute.ca\/wp-content\/uploads\/2021\/10\/exfoliant-volcanique-bioeffect.jpg","contentUrl":"https:\/\/accesbeaute.ca\/wp-content\/uploads\/2021\/10\/exfoliant-volcanique-bioeffect.jpg","width":1000,"height":1000},{"@type":"BreadcrumbList","@id":"https:\/\/accesbeaute.ca\/en\/buy\/volcanic-exfoliator-bioeffect\/#breadcrumb","itemListElement":[{"@type":"ListItem","position":1,"name":"Accueil","item":"https:\/\/accesbeaute.ca\/en\/"},{"@type":"ListItem","position":2,"name":"Boutique","item":"https:\/\/accesbeaute.ca\/boutique\/"},{"@type":"ListItem","position":3,"name":"Produits de beaut\u00e9","item":"https:\/\/accesbeaute.ca\/acheter\/produits-de-beaute\/"},{"@type":"ListItem","position":4,"name":"Soins de beaut\u00e9","item":"https:\/\/accesbeaute.ca\/acheter\/soin-de-beaute\/"},{"@type":"ListItem","position":5,"name":"Exfoliants et gommages","item":"https:\/\/accesbeaute.ca\/en\/acheter\/exfoliants-et-gommages\/"},{"@type":"ListItem","position":6,"name":"Volcanic exfoliator &#8211; Bioeffect"}]},{"@type":"WebSite","@id":"https:\/\/accesbeaute.ca\/en\/#website","url":"https:\/\/accesbeaute.ca\/en\/","name":"Acc\u00e8s Beaut\u00e9","description":"Achat de produits de beaut\u00e9 en ligne","potentialAction":[{"@type":"SearchAction","target":{"@type":"EntryPoint","urlTemplate":"https:\/\/accesbeaute.ca\/en\/?s={search_term_string}"},"query-input":{"@type":"PropertyValueSpecification","valueRequired":true,"valueName":"search_term_string"}}],"inLanguage":"en-US"}]}},"_links":{"self":[{"href":"https:\/\/accesbeaute.ca\/en\/wp-json\/wp\/v2\/product\/6466","targetHints":{"allow":["GET"]}}],"collection":[{"href":"https:\/\/accesbeaute.ca\/en\/wp-json\/wp\/v2\/product"}],"about":[{"href":"https:\/\/accesbeaute.ca\/en\/wp-json\/wp\/v2\/types\/product"}],"wp:featuredmedia":[{"embeddable":true,"href":"https:\/\/accesbeaute.ca\/en\/wp-json\/wp\/v2\/media\/3746"}],"wp:attachment":[{"href":"https:\/\/accesbeaute.ca\/en\/wp-json\/wp\/v2\/media?parent=6466"}],"wp:term":[{"taxonomy":"product_brand","embeddable":true,"href":"https:\/\/accesbeaute.ca\/en\/wp-json\/wp\/v2\/product_brand?post=6466"},{"taxonomy":"product_cat","embeddable":true,"href":"https:\/\/accesbeaute.ca\/en\/wp-json\/wp\/v2\/product_cat?post=6466"},{"taxonomy":"product_tag","embeddable":true,"href":"https:\/\/accesbeaute.ca\/en\/wp-json\/wp\/v2\/product_tag?post=6466"}],"curies":[{"name":"wp","href":"https:\/\/api.w.org\/{rel}","templated":true}]}}