{"id":6467,"date":"2021-10-29T20:26:27","date_gmt":"2021-10-29T20:26:27","guid":{"rendered":"https:\/\/accesbeaute.ca\/achat\/micellar-cleansing-water-bioeffect\/"},"modified":"2026-04-07T00:03:18","modified_gmt":"2026-04-07T00:03:18","slug":"micellar-cleansing-water-bioeffect","status":"publish","type":"product","link":"https:\/\/accesbeaute.ca\/en\/buy\/micellar-cleansing-water-bioeffect\/","title":{"rendered":"Micellar cleansing water- Bioeffect"},"content":{"rendered":"<ul>\n<li style=\"list-style-type: none;\">\n<ul>\n<li>Quickly and easily removes makeup, dirt, and oils<\/li>\n<li>Non-greasy moisturizing formula<\/li>\n<li>With pure Icelandic spring water<\/li>\n<li>Gently tones and cleanses<\/li>\n<li>Suitable for all skin types<\/li>\n<li>Fragrance-, alcohol-, and oil-free<\/li>\n<li>Size: 200 ml \/ 6.76 oz.<\/li>\n<\/ul>\n<\/li>\n<\/ul>\n<div class=\"elementor-element elementor-element-2d2ce1aa elementor-widget elementor-widget-image\" data-id=\"2d2ce1aa\" data-element_type=\"widget\" data-widget_type=\"image.default\">\n<div class=\"elementor-widget-container\">\n<div class=\"elementor-image\">\n<div class=\"product-single__description rte text-center pd-lr-20 pd-lr-50-gtm\">\n<p>MICELLAR CLEANSING WATER is a gentle cleanser that effectively removes sebum, make-up and impurities. Formulated with pure Icelandic water and four moisturizing agents.<\/p>\n<\/div>\n<\/div>\n<\/div>\n<\/div>\n","protected":false},"excerpt":{"rendered":"<hr class=\"ligne-grise\" \/>\n<p><strong>Brand:<\/strong> <a href=\"\/acheter\/bioeffect\">Bioeffect<\/a><\/p>\n<p>Gentle, yet intense, cleansing with pure Icelandic spring water that doesn&#8217;t dry out the skin.<\/p>\n","protected":false},"featured_media":3740,"template":"","meta":{"_et_pb_use_builder":"","_et_pb_old_content":"","_et_gb_content_width":""},"product_brand":[],"product_cat":[192],"product_tag":[],"class_list":{"0":"post-6467","1":"product","2":"type-product","3":"status-publish","4":"has-post-thumbnail","6":"product_cat-demaquillant-et-nettoyant-en","8":"first","9":"instock","10":"taxable","11":"shipping-taxable","12":"purchasable","13":"product-type-simple"},"yoast_head":"<!-- This site is optimized with the Yoast SEO plugin v27.3 - https:\/\/yoast.com\/product\/yoast-seo-wordpress\/ -->\n<title>Micellar cleansing water- Bioeffect  - Achat en ligne<\/title>\n<meta name=\"description\" content=\"%\" \/>\n<meta name=\"robots\" content=\"index, follow, max-snippet:-1, max-image-preview:large, max-video-preview:-1\" \/>\n<link rel=\"canonical\" href=\"https:\/\/accesbeaute.ca\/en\/buy\/micellar-cleansing-water-bioeffect\/\" \/>\n<meta property=\"og:locale\" content=\"en_US\" \/>\n<meta property=\"og:type\" content=\"article\" \/>\n<meta property=\"og:title\" content=\"Micellar cleansing water- Bioeffect  - Achat en ligne\" \/>\n<meta property=\"og:description\" content=\"%\" \/>\n<meta property=\"og:url\" content=\"https:\/\/accesbeaute.ca\/en\/buy\/micellar-cleansing-water-bioeffect\/\" \/>\n<meta property=\"og:site_name\" content=\"Acc\u00e8s Beaut\u00e9\" \/>\n<meta property=\"article:modified_time\" content=\"2026-04-07T00:03:18+00:00\" \/>\n<meta property=\"og:image\" content=\"https:\/\/accesbeaute.ca\/wp-content\/uploads\/2021\/10\/eau-micellaire-bioeffect.jpg\" \/>\n\t<meta property=\"og:image:width\" content=\"1000\" \/>\n\t<meta property=\"og:image:height\" content=\"1000\" \/>\n\t<meta property=\"og:image:type\" content=\"image\/jpeg\" \/>\n<meta name=\"twitter:card\" content=\"summary_large_image\" \/>\n<script type=\"application\/ld+json\" class=\"yoast-schema-graph\">{\"@context\":\"https:\\\/\\\/schema.org\",\"@graph\":[{\"@type\":\"WebPage\",\"@id\":\"https:\\\/\\\/accesbeaute.ca\\\/en\\\/buy\\\/micellar-cleansing-water-bioeffect\\\/\",\"url\":\"https:\\\/\\\/accesbeaute.ca\\\/en\\\/buy\\\/micellar-cleansing-water-bioeffect\\\/\",\"name\":\"Micellar cleansing water- Bioeffect - Achat en ligne\",\"isPartOf\":{\"@id\":\"https:\\\/\\\/accesbeaute.ca\\\/en\\\/#website\"},\"primaryImageOfPage\":{\"@id\":\"https:\\\/\\\/accesbeaute.ca\\\/en\\\/buy\\\/micellar-cleansing-water-bioeffect\\\/#primaryimage\"},\"image\":{\"@id\":\"https:\\\/\\\/accesbeaute.ca\\\/en\\\/buy\\\/micellar-cleansing-water-bioeffect\\\/#primaryimage\"},\"thumbnailUrl\":\"https:\\\/\\\/accesbeaute.ca\\\/wp-content\\\/uploads\\\/2021\\\/10\\\/eau-micellaire-bioeffect.jpg\",\"datePublished\":\"2021-10-29T20:26:27+00:00\",\"dateModified\":\"2026-04-07T00:03:18+00:00\",\"description\":\"%\",\"breadcrumb\":{\"@id\":\"https:\\\/\\\/accesbeaute.ca\\\/en\\\/buy\\\/micellar-cleansing-water-bioeffect\\\/#breadcrumb\"},\"inLanguage\":\"en-US\",\"potentialAction\":[{\"@type\":\"ReadAction\",\"target\":[\"https:\\\/\\\/accesbeaute.ca\\\/en\\\/buy\\\/micellar-cleansing-water-bioeffect\\\/\"]}]},{\"@type\":\"ImageObject\",\"inLanguage\":\"en-US\",\"@id\":\"https:\\\/\\\/accesbeaute.ca\\\/en\\\/buy\\\/micellar-cleansing-water-bioeffect\\\/#primaryimage\",\"url\":\"https:\\\/\\\/accesbeaute.ca\\\/wp-content\\\/uploads\\\/2021\\\/10\\\/eau-micellaire-bioeffect.jpg\",\"contentUrl\":\"https:\\\/\\\/accesbeaute.ca\\\/wp-content\\\/uploads\\\/2021\\\/10\\\/eau-micellaire-bioeffect.jpg\",\"width\":1000,\"height\":1000},{\"@type\":\"BreadcrumbList\",\"@id\":\"https:\\\/\\\/accesbeaute.ca\\\/en\\\/buy\\\/micellar-cleansing-water-bioeffect\\\/#breadcrumb\",\"itemListElement\":[{\"@type\":\"ListItem\",\"position\":1,\"name\":\"Accueil\",\"item\":\"https:\\\/\\\/accesbeaute.ca\\\/en\\\/\"},{\"@type\":\"ListItem\",\"position\":2,\"name\":\"Boutique\",\"item\":\"https:\\\/\\\/accesbeaute.ca\\\/boutique\\\/\"},{\"@type\":\"ListItem\",\"position\":3,\"name\":\"D\u00e9maquillants et nettoyants\",\"item\":\"https:\\\/\\\/accesbeaute.ca\\\/en\\\/acheter\\\/demaquillant-et-nettoyant-en\\\/\"},{\"@type\":\"ListItem\",\"position\":4,\"name\":\"Micellar cleansing water- Bioeffect\"}]},{\"@type\":\"WebSite\",\"@id\":\"https:\\\/\\\/accesbeaute.ca\\\/en\\\/#website\",\"url\":\"https:\\\/\\\/accesbeaute.ca\\\/en\\\/\",\"name\":\"Acc\u00e8s Beaut\u00e9\",\"description\":\"Achat de produits de beaut\u00e9 en ligne\",\"potentialAction\":[{\"@type\":\"SearchAction\",\"target\":{\"@type\":\"EntryPoint\",\"urlTemplate\":\"https:\\\/\\\/accesbeaute.ca\\\/en\\\/?s={search_term_string}\"},\"query-input\":{\"@type\":\"PropertyValueSpecification\",\"valueRequired\":true,\"valueName\":\"search_term_string\"}}],\"inLanguage\":\"en-US\"}]}<\/script>\n<!-- \/ Yoast SEO plugin. -->","yoast_head_json":{"title":"Micellar cleansing water- Bioeffect  - Achat en ligne","description":"%","robots":{"index":"index","follow":"follow","max-snippet":"max-snippet:-1","max-image-preview":"max-image-preview:large","max-video-preview":"max-video-preview:-1"},"canonical":"https:\/\/accesbeaute.ca\/en\/buy\/micellar-cleansing-water-bioeffect\/","og_locale":"en_US","og_type":"article","og_title":"Micellar cleansing water- Bioeffect  - Achat en ligne","og_description":"%","og_url":"https:\/\/accesbeaute.ca\/en\/buy\/micellar-cleansing-water-bioeffect\/","og_site_name":"Acc\u00e8s Beaut\u00e9","article_modified_time":"2026-04-07T00:03:18+00:00","og_image":[{"width":1000,"height":1000,"url":"https:\/\/accesbeaute.ca\/wp-content\/uploads\/2021\/10\/eau-micellaire-bioeffect.jpg","type":"image\/jpeg"}],"twitter_card":"summary_large_image","schema":{"@context":"https:\/\/schema.org","@graph":[{"@type":"WebPage","@id":"https:\/\/accesbeaute.ca\/en\/buy\/micellar-cleansing-water-bioeffect\/","url":"https:\/\/accesbeaute.ca\/en\/buy\/micellar-cleansing-water-bioeffect\/","name":"Micellar cleansing water- Bioeffect - Achat en ligne","isPartOf":{"@id":"https:\/\/accesbeaute.ca\/en\/#website"},"primaryImageOfPage":{"@id":"https:\/\/accesbeaute.ca\/en\/buy\/micellar-cleansing-water-bioeffect\/#primaryimage"},"image":{"@id":"https:\/\/accesbeaute.ca\/en\/buy\/micellar-cleansing-water-bioeffect\/#primaryimage"},"thumbnailUrl":"https:\/\/accesbeaute.ca\/wp-content\/uploads\/2021\/10\/eau-micellaire-bioeffect.jpg","datePublished":"2021-10-29T20:26:27+00:00","dateModified":"2026-04-07T00:03:18+00:00","description":"%","breadcrumb":{"@id":"https:\/\/accesbeaute.ca\/en\/buy\/micellar-cleansing-water-bioeffect\/#breadcrumb"},"inLanguage":"en-US","potentialAction":[{"@type":"ReadAction","target":["https:\/\/accesbeaute.ca\/en\/buy\/micellar-cleansing-water-bioeffect\/"]}]},{"@type":"ImageObject","inLanguage":"en-US","@id":"https:\/\/accesbeaute.ca\/en\/buy\/micellar-cleansing-water-bioeffect\/#primaryimage","url":"https:\/\/accesbeaute.ca\/wp-content\/uploads\/2021\/10\/eau-micellaire-bioeffect.jpg","contentUrl":"https:\/\/accesbeaute.ca\/wp-content\/uploads\/2021\/10\/eau-micellaire-bioeffect.jpg","width":1000,"height":1000},{"@type":"BreadcrumbList","@id":"https:\/\/accesbeaute.ca\/en\/buy\/micellar-cleansing-water-bioeffect\/#breadcrumb","itemListElement":[{"@type":"ListItem","position":1,"name":"Accueil","item":"https:\/\/accesbeaute.ca\/en\/"},{"@type":"ListItem","position":2,"name":"Boutique","item":"https:\/\/accesbeaute.ca\/boutique\/"},{"@type":"ListItem","position":3,"name":"D\u00e9maquillants et nettoyants","item":"https:\/\/accesbeaute.ca\/en\/acheter\/demaquillant-et-nettoyant-en\/"},{"@type":"ListItem","position":4,"name":"Micellar cleansing water- Bioeffect"}]},{"@type":"WebSite","@id":"https:\/\/accesbeaute.ca\/en\/#website","url":"https:\/\/accesbeaute.ca\/en\/","name":"Acc\u00e8s Beaut\u00e9","description":"Achat de produits de beaut\u00e9 en ligne","potentialAction":[{"@type":"SearchAction","target":{"@type":"EntryPoint","urlTemplate":"https:\/\/accesbeaute.ca\/en\/?s={search_term_string}"},"query-input":{"@type":"PropertyValueSpecification","valueRequired":true,"valueName":"search_term_string"}}],"inLanguage":"en-US"}]}},"_links":{"self":[{"href":"https:\/\/accesbeaute.ca\/en\/wp-json\/wp\/v2\/product\/6467","targetHints":{"allow":["GET"]}}],"collection":[{"href":"https:\/\/accesbeaute.ca\/en\/wp-json\/wp\/v2\/product"}],"about":[{"href":"https:\/\/accesbeaute.ca\/en\/wp-json\/wp\/v2\/types\/product"}],"wp:featuredmedia":[{"embeddable":true,"href":"https:\/\/accesbeaute.ca\/en\/wp-json\/wp\/v2\/media\/3740"}],"wp:attachment":[{"href":"https:\/\/accesbeaute.ca\/en\/wp-json\/wp\/v2\/media?parent=6467"}],"wp:term":[{"taxonomy":"product_brand","embeddable":true,"href":"https:\/\/accesbeaute.ca\/en\/wp-json\/wp\/v2\/product_brand?post=6467"},{"taxonomy":"product_cat","embeddable":true,"href":"https:\/\/accesbeaute.ca\/en\/wp-json\/wp\/v2\/product_cat?post=6467"},{"taxonomy":"product_tag","embeddable":true,"href":"https:\/\/accesbeaute.ca\/en\/wp-json\/wp\/v2\/product_tag?post=6467"}],"curies":[{"name":"wp","href":"https:\/\/api.w.org\/{rel}","templated":true}]}}