{"id":6469,"date":"2023-01-27T20:21:37","date_gmt":"2023-01-27T20:21:37","guid":{"rendered":"https:\/\/accesbeaute.ca\/achat\/lifting-eyes-smoothing-treatment-crows-feet-wrinkles-matis\/"},"modified":"2023-01-27T20:21:37","modified_gmt":"2023-01-27T20:21:37","slug":"lifting-eyes-smoothing-treatment-crows-feet-wrinkles-matis","status":"publish","type":"product","link":"https:\/\/accesbeaute.ca\/en\/buy\/lifting-eyes-smoothing-treatment-crows-feet-wrinkles-matis\/","title":{"rendered":"Lifting-Eyes \u2013 Smoothing treatment, crow&#8217;s feet wrinkles &#8211; Matis"},"content":{"rendered":"<ul>\n<li>Eye contour care<\/li>\n<li>Size: 15 ml<\/li>\n<\/ul>\n<p>The formula&#8217;s main ingredient which is matcha green tea relaxes the eye contour. It also includes a combination of specific ingredients to smooth the wrinkles and fine lines of crow&#8217;s feet to give a more youthful appearance and more toned skin.<\/p>\n","protected":false},"excerpt":{"rendered":"<hr class=\"ligne-grise\" \/>\n<p><strong>Brand:<\/strong> <a href=\"\/acheter\/matis\">Matis<\/a><\/p>\n<p>This treatment specially formulated for the eye area, helps tone the skin around the eyes.<\/p>\n","protected":false},"featured_media":6852,"template":"","meta":{"_et_pb_use_builder":"","_et_pb_old_content":"","_et_gb_content_width":""},"product_brand":[],"product_cat":[227,218,219],"product_tag":[],"class_list":{"0":"post-6469","1":"product","2":"type-product","3":"status-publish","4":"has-post-thumbnail","6":"product_cat-produits-pour-soins-des-yeux","7":"product_cat-soins-cremes-antirides","8":"product_cat-soins-anti-age","10":"first","11":"instock","12":"taxable","13":"shipping-taxable","14":"purchasable","15":"product-type-simple"},"yoast_head":"<!-- This site is optimized with the Yoast SEO plugin v27.3 - https:\/\/yoast.com\/product\/yoast-seo-wordpress\/ -->\n<title>Lifting-Eyes \u2013 Smoothing treatment, crow&#039;s feet wrinkles - Matis  - Achat en ligne<\/title>\n<meta name=\"description\" content=\"%\" \/>\n<meta name=\"robots\" content=\"index, follow, max-snippet:-1, max-image-preview:large, max-video-preview:-1\" \/>\n<link rel=\"canonical\" href=\"https:\/\/accesbeaute.ca\/en\/buy\/lifting-eyes-smoothing-treatment-crows-feet-wrinkles-matis\/\" \/>\n<meta property=\"og:locale\" content=\"en_US\" \/>\n<meta property=\"og:type\" content=\"article\" \/>\n<meta property=\"og:title\" content=\"Lifting-Eyes \u2013 Smoothing treatment, crow&#039;s feet wrinkles - Matis  - Achat en ligne\" \/>\n<meta property=\"og:description\" content=\"%\" \/>\n<meta property=\"og:url\" content=\"https:\/\/accesbeaute.ca\/en\/buy\/lifting-eyes-smoothing-treatment-crows-feet-wrinkles-matis\/\" \/>\n<meta property=\"og:site_name\" content=\"Acc\u00e8s Beaut\u00e9\" \/>\n<meta property=\"og:image\" content=\"https:\/\/accesbeaute.ca\/wp-content\/uploads\/2023\/01\/LIFTING-Eyes-2.webp\" \/>\n\t<meta property=\"og:image:width\" content=\"1080\" \/>\n\t<meta property=\"og:image:height\" content=\"1080\" \/>\n\t<meta property=\"og:image:type\" content=\"image\/webp\" \/>\n<meta name=\"twitter:card\" content=\"summary_large_image\" \/>\n<script type=\"application\/ld+json\" class=\"yoast-schema-graph\">{\"@context\":\"https:\\\/\\\/schema.org\",\"@graph\":[{\"@type\":\"WebPage\",\"@id\":\"https:\\\/\\\/accesbeaute.ca\\\/en\\\/buy\\\/lifting-eyes-smoothing-treatment-crows-feet-wrinkles-matis\\\/\",\"url\":\"https:\\\/\\\/accesbeaute.ca\\\/en\\\/buy\\\/lifting-eyes-smoothing-treatment-crows-feet-wrinkles-matis\\\/\",\"name\":\"Lifting-Eyes \u2013 Smoothing treatment, crow's feet wrinkles - Matis - Achat en ligne\",\"isPartOf\":{\"@id\":\"https:\\\/\\\/accesbeaute.ca\\\/en\\\/#website\"},\"primaryImageOfPage\":{\"@id\":\"https:\\\/\\\/accesbeaute.ca\\\/en\\\/buy\\\/lifting-eyes-smoothing-treatment-crows-feet-wrinkles-matis\\\/#primaryimage\"},\"image\":{\"@id\":\"https:\\\/\\\/accesbeaute.ca\\\/en\\\/buy\\\/lifting-eyes-smoothing-treatment-crows-feet-wrinkles-matis\\\/#primaryimage\"},\"thumbnailUrl\":\"https:\\\/\\\/accesbeaute.ca\\\/wp-content\\\/uploads\\\/2023\\\/01\\\/LIFTING-Eyes-2.webp\",\"datePublished\":\"2023-01-27T20:21:37+00:00\",\"description\":\"%\",\"breadcrumb\":{\"@id\":\"https:\\\/\\\/accesbeaute.ca\\\/en\\\/buy\\\/lifting-eyes-smoothing-treatment-crows-feet-wrinkles-matis\\\/#breadcrumb\"},\"inLanguage\":\"en-US\",\"potentialAction\":[{\"@type\":\"ReadAction\",\"target\":[\"https:\\\/\\\/accesbeaute.ca\\\/en\\\/buy\\\/lifting-eyes-smoothing-treatment-crows-feet-wrinkles-matis\\\/\"]}]},{\"@type\":\"ImageObject\",\"inLanguage\":\"en-US\",\"@id\":\"https:\\\/\\\/accesbeaute.ca\\\/en\\\/buy\\\/lifting-eyes-smoothing-treatment-crows-feet-wrinkles-matis\\\/#primaryimage\",\"url\":\"https:\\\/\\\/accesbeaute.ca\\\/wp-content\\\/uploads\\\/2023\\\/01\\\/LIFTING-Eyes-2.webp\",\"contentUrl\":\"https:\\\/\\\/accesbeaute.ca\\\/wp-content\\\/uploads\\\/2023\\\/01\\\/LIFTING-Eyes-2.webp\",\"width\":1080,\"height\":1080},{\"@type\":\"BreadcrumbList\",\"@id\":\"https:\\\/\\\/accesbeaute.ca\\\/en\\\/buy\\\/lifting-eyes-smoothing-treatment-crows-feet-wrinkles-matis\\\/#breadcrumb\",\"itemListElement\":[{\"@type\":\"ListItem\",\"position\":1,\"name\":\"Accueil\",\"item\":\"https:\\\/\\\/accesbeaute.ca\\\/en\\\/\"},{\"@type\":\"ListItem\",\"position\":2,\"name\":\"Boutique\",\"item\":\"https:\\\/\\\/accesbeaute.ca\\\/boutique\\\/\"},{\"@type\":\"ListItem\",\"position\":3,\"name\":\"Produits pour soins des yeux\",\"item\":\"https:\\\/\\\/accesbeaute.ca\\\/en\\\/acheter\\\/produits-pour-soins-des-yeux\\\/\"},{\"@type\":\"ListItem\",\"position\":4,\"name\":\"Lifting-Eyes \u2013 Smoothing treatment, crow&rsquo;s feet wrinkles &#8211; Matis\"}]},{\"@type\":\"WebSite\",\"@id\":\"https:\\\/\\\/accesbeaute.ca\\\/en\\\/#website\",\"url\":\"https:\\\/\\\/accesbeaute.ca\\\/en\\\/\",\"name\":\"Acc\u00e8s Beaut\u00e9\",\"description\":\"Achat de produits de beaut\u00e9 en ligne\",\"potentialAction\":[{\"@type\":\"SearchAction\",\"target\":{\"@type\":\"EntryPoint\",\"urlTemplate\":\"https:\\\/\\\/accesbeaute.ca\\\/en\\\/?s={search_term_string}\"},\"query-input\":{\"@type\":\"PropertyValueSpecification\",\"valueRequired\":true,\"valueName\":\"search_term_string\"}}],\"inLanguage\":\"en-US\"}]}<\/script>\n<!-- \/ Yoast SEO plugin. -->","yoast_head_json":{"title":"Lifting-Eyes \u2013 Smoothing treatment, crow's feet wrinkles - Matis  - Achat en ligne","description":"%","robots":{"index":"index","follow":"follow","max-snippet":"max-snippet:-1","max-image-preview":"max-image-preview:large","max-video-preview":"max-video-preview:-1"},"canonical":"https:\/\/accesbeaute.ca\/en\/buy\/lifting-eyes-smoothing-treatment-crows-feet-wrinkles-matis\/","og_locale":"en_US","og_type":"article","og_title":"Lifting-Eyes \u2013 Smoothing treatment, crow's feet wrinkles - Matis  - Achat en ligne","og_description":"%","og_url":"https:\/\/accesbeaute.ca\/en\/buy\/lifting-eyes-smoothing-treatment-crows-feet-wrinkles-matis\/","og_site_name":"Acc\u00e8s Beaut\u00e9","og_image":[{"width":1080,"height":1080,"url":"https:\/\/accesbeaute.ca\/wp-content\/uploads\/2023\/01\/LIFTING-Eyes-2.webp","type":"image\/webp"}],"twitter_card":"summary_large_image","schema":{"@context":"https:\/\/schema.org","@graph":[{"@type":"WebPage","@id":"https:\/\/accesbeaute.ca\/en\/buy\/lifting-eyes-smoothing-treatment-crows-feet-wrinkles-matis\/","url":"https:\/\/accesbeaute.ca\/en\/buy\/lifting-eyes-smoothing-treatment-crows-feet-wrinkles-matis\/","name":"Lifting-Eyes \u2013 Smoothing treatment, crow's feet wrinkles - Matis - Achat en ligne","isPartOf":{"@id":"https:\/\/accesbeaute.ca\/en\/#website"},"primaryImageOfPage":{"@id":"https:\/\/accesbeaute.ca\/en\/buy\/lifting-eyes-smoothing-treatment-crows-feet-wrinkles-matis\/#primaryimage"},"image":{"@id":"https:\/\/accesbeaute.ca\/en\/buy\/lifting-eyes-smoothing-treatment-crows-feet-wrinkles-matis\/#primaryimage"},"thumbnailUrl":"https:\/\/accesbeaute.ca\/wp-content\/uploads\/2023\/01\/LIFTING-Eyes-2.webp","datePublished":"2023-01-27T20:21:37+00:00","description":"%","breadcrumb":{"@id":"https:\/\/accesbeaute.ca\/en\/buy\/lifting-eyes-smoothing-treatment-crows-feet-wrinkles-matis\/#breadcrumb"},"inLanguage":"en-US","potentialAction":[{"@type":"ReadAction","target":["https:\/\/accesbeaute.ca\/en\/buy\/lifting-eyes-smoothing-treatment-crows-feet-wrinkles-matis\/"]}]},{"@type":"ImageObject","inLanguage":"en-US","@id":"https:\/\/accesbeaute.ca\/en\/buy\/lifting-eyes-smoothing-treatment-crows-feet-wrinkles-matis\/#primaryimage","url":"https:\/\/accesbeaute.ca\/wp-content\/uploads\/2023\/01\/LIFTING-Eyes-2.webp","contentUrl":"https:\/\/accesbeaute.ca\/wp-content\/uploads\/2023\/01\/LIFTING-Eyes-2.webp","width":1080,"height":1080},{"@type":"BreadcrumbList","@id":"https:\/\/accesbeaute.ca\/en\/buy\/lifting-eyes-smoothing-treatment-crows-feet-wrinkles-matis\/#breadcrumb","itemListElement":[{"@type":"ListItem","position":1,"name":"Accueil","item":"https:\/\/accesbeaute.ca\/en\/"},{"@type":"ListItem","position":2,"name":"Boutique","item":"https:\/\/accesbeaute.ca\/boutique\/"},{"@type":"ListItem","position":3,"name":"Produits pour soins des yeux","item":"https:\/\/accesbeaute.ca\/en\/acheter\/produits-pour-soins-des-yeux\/"},{"@type":"ListItem","position":4,"name":"Lifting-Eyes \u2013 Smoothing treatment, crow&rsquo;s feet wrinkles &#8211; Matis"}]},{"@type":"WebSite","@id":"https:\/\/accesbeaute.ca\/en\/#website","url":"https:\/\/accesbeaute.ca\/en\/","name":"Acc\u00e8s Beaut\u00e9","description":"Achat de produits de beaut\u00e9 en ligne","potentialAction":[{"@type":"SearchAction","target":{"@type":"EntryPoint","urlTemplate":"https:\/\/accesbeaute.ca\/en\/?s={search_term_string}"},"query-input":{"@type":"PropertyValueSpecification","valueRequired":true,"valueName":"search_term_string"}}],"inLanguage":"en-US"}]}},"_links":{"self":[{"href":"https:\/\/accesbeaute.ca\/en\/wp-json\/wp\/v2\/product\/6469","targetHints":{"allow":["GET"]}}],"collection":[{"href":"https:\/\/accesbeaute.ca\/en\/wp-json\/wp\/v2\/product"}],"about":[{"href":"https:\/\/accesbeaute.ca\/en\/wp-json\/wp\/v2\/types\/product"}],"wp:featuredmedia":[{"embeddable":true,"href":"https:\/\/accesbeaute.ca\/en\/wp-json\/wp\/v2\/media\/6852"}],"wp:attachment":[{"href":"https:\/\/accesbeaute.ca\/en\/wp-json\/wp\/v2\/media?parent=6469"}],"wp:term":[{"taxonomy":"product_brand","embeddable":true,"href":"https:\/\/accesbeaute.ca\/en\/wp-json\/wp\/v2\/product_brand?post=6469"},{"taxonomy":"product_cat","embeddable":true,"href":"https:\/\/accesbeaute.ca\/en\/wp-json\/wp\/v2\/product_cat?post=6469"},{"taxonomy":"product_tag","embeddable":true,"href":"https:\/\/accesbeaute.ca\/en\/wp-json\/wp\/v2\/product_tag?post=6469"}],"curies":[{"name":"wp","href":"https:\/\/api.w.org\/{rel}","templated":true}]}}