{"id":6472,"date":"2022-10-07T12:57:56","date_gmt":"2022-10-07T12:57:56","guid":{"rendered":"https:\/\/accesbeaute.ca\/achat\/cell-skin-universal-cream-youth-capital-protection-matis\/"},"modified":"2022-10-07T12:57:56","modified_gmt":"2022-10-07T12:57:56","slug":"cell-skin-universal-cream-youth-capital-protection-matis","status":"publish","type":"product","link":"https:\/\/accesbeaute.ca\/en\/buy\/cell-skin-universal-cream-youth-capital-protection-matis\/","title":{"rendered":"Cell-Skin \u2013 Universal Cream, youth capital protection  &#8211; Matis"},"content":{"rendered":"<ul>\n<li>Protective and preventive anti-aging cream<\/li>\n<li>Improves skin firmness, suppleness and softness<\/li>\n<li>Moisturizes, nourishes and revitalizes combination skin<\/li>\n<li>Helps maintain youthfulness for a long time<\/li>\n<li>Combats the 3 causes of premature aging<\/li>\n<li>Combination of 2 exclusive complexes<\/li>\n<li>Restores skin cell metabolism<\/li>\n<li>Stimulates the synthesis of longevity proteins<\/li>\n<li>Limits oxidation caused by free radicals<\/li>\n<li>Protects against fibrous lesions that accentuate wrinkles<\/li>\n<li>Suitable for normal to combination skin from age 25<\/li>\n<li>Size: 50 ml<\/li>\n<\/ul>\n<p>Its lightweight yet soothing texture allows its extracts to quickly deliver their full benefits to the skin. The formula is based on rose stem cells combined with Edelweiss, flower extract, improves the appearance of the skin. Two other extracts complement the formula, helping to visibly reduce and smoothe out wrinkles, as well as improve the skin&#8217;s elasticity. The complexion is given an instant oxygen boost, the skin is firmed and wrinkles are smoothed. Every day, the skin is more beautiful. Dermatologically tested.<\/p>\n","protected":false},"excerpt":{"rendered":"<hr class=\"ligne-grise\" \/>\n<p><strong>Brand:<\/strong> <a href=\"\/acheter\/matis\">Matis<\/a><\/p>\n<p>This day and night cream helps to reduce the look of aging.<\/p>\n","protected":false},"featured_media":4458,"template":"","meta":{"_et_pb_use_builder":"","_et_pb_old_content":"","_et_gb_content_width":""},"product_brand":[],"product_cat":[218,219,196],"product_tag":[],"class_list":{"0":"post-6472","1":"product","2":"type-product","3":"status-publish","4":"has-post-thumbnail","6":"product_cat-soins-cremes-antirides","7":"product_cat-soins-anti-age","8":"product_cat-soins-revitalisants-pour-le-visage-en","10":"first","11":"instock","12":"taxable","13":"shipping-taxable","14":"purchasable","15":"product-type-simple"},"yoast_head":"<!-- This site is optimized with the Yoast SEO plugin v27.3 - https:\/\/yoast.com\/product\/yoast-seo-wordpress\/ -->\n<title>Cell-Skin \u2013 Universal Cream, youth capital protection - Matis  - Achat en ligne<\/title>\n<meta name=\"description\" content=\"%\" \/>\n<meta name=\"robots\" content=\"index, follow, max-snippet:-1, max-image-preview:large, max-video-preview:-1\" \/>\n<link rel=\"canonical\" href=\"https:\/\/accesbeaute.ca\/en\/buy\/cell-skin-universal-cream-youth-capital-protection-matis\/\" \/>\n<meta property=\"og:locale\" content=\"en_US\" \/>\n<meta property=\"og:type\" content=\"article\" \/>\n<meta property=\"og:title\" content=\"Cell-Skin \u2013 Universal Cream, youth capital protection - Matis  - Achat en ligne\" \/>\n<meta property=\"og:description\" content=\"%\" \/>\n<meta property=\"og:url\" content=\"https:\/\/accesbeaute.ca\/en\/buy\/cell-skin-universal-cream-youth-capital-protection-matis\/\" \/>\n<meta property=\"og:site_name\" content=\"Acc\u00e8s Beaut\u00e9\" \/>\n<meta property=\"og:image\" content=\"https:\/\/accesbeaute.ca\/wp-content\/uploads\/2022\/10\/cell-skin-matis.jpg\" \/>\n\t<meta property=\"og:image:width\" content=\"922\" \/>\n\t<meta property=\"og:image:height\" content=\"922\" \/>\n\t<meta property=\"og:image:type\" content=\"image\/jpeg\" \/>\n<meta name=\"twitter:card\" content=\"summary_large_image\" \/>\n<meta name=\"twitter:label1\" content=\"Est. reading time\" \/>\n\t<meta name=\"twitter:data1\" content=\"1 minute\" \/>\n<script type=\"application\/ld+json\" class=\"yoast-schema-graph\">{\"@context\":\"https:\\\/\\\/schema.org\",\"@graph\":[{\"@type\":\"WebPage\",\"@id\":\"https:\\\/\\\/accesbeaute.ca\\\/en\\\/buy\\\/cell-skin-universal-cream-youth-capital-protection-matis\\\/\",\"url\":\"https:\\\/\\\/accesbeaute.ca\\\/en\\\/buy\\\/cell-skin-universal-cream-youth-capital-protection-matis\\\/\",\"name\":\"Cell-Skin \u2013 Universal Cream, youth capital protection - Matis - Achat en ligne\",\"isPartOf\":{\"@id\":\"https:\\\/\\\/accesbeaute.ca\\\/en\\\/#website\"},\"primaryImageOfPage\":{\"@id\":\"https:\\\/\\\/accesbeaute.ca\\\/en\\\/buy\\\/cell-skin-universal-cream-youth-capital-protection-matis\\\/#primaryimage\"},\"image\":{\"@id\":\"https:\\\/\\\/accesbeaute.ca\\\/en\\\/buy\\\/cell-skin-universal-cream-youth-capital-protection-matis\\\/#primaryimage\"},\"thumbnailUrl\":\"https:\\\/\\\/accesbeaute.ca\\\/wp-content\\\/uploads\\\/2022\\\/10\\\/cell-skin-matis.jpg\",\"datePublished\":\"2022-10-07T12:57:56+00:00\",\"description\":\"%\",\"breadcrumb\":{\"@id\":\"https:\\\/\\\/accesbeaute.ca\\\/en\\\/buy\\\/cell-skin-universal-cream-youth-capital-protection-matis\\\/#breadcrumb\"},\"inLanguage\":\"en-US\",\"potentialAction\":[{\"@type\":\"ReadAction\",\"target\":[\"https:\\\/\\\/accesbeaute.ca\\\/en\\\/buy\\\/cell-skin-universal-cream-youth-capital-protection-matis\\\/\"]}]},{\"@type\":\"ImageObject\",\"inLanguage\":\"en-US\",\"@id\":\"https:\\\/\\\/accesbeaute.ca\\\/en\\\/buy\\\/cell-skin-universal-cream-youth-capital-protection-matis\\\/#primaryimage\",\"url\":\"https:\\\/\\\/accesbeaute.ca\\\/wp-content\\\/uploads\\\/2022\\\/10\\\/cell-skin-matis.jpg\",\"contentUrl\":\"https:\\\/\\\/accesbeaute.ca\\\/wp-content\\\/uploads\\\/2022\\\/10\\\/cell-skin-matis.jpg\",\"width\":922,\"height\":922},{\"@type\":\"BreadcrumbList\",\"@id\":\"https:\\\/\\\/accesbeaute.ca\\\/en\\\/buy\\\/cell-skin-universal-cream-youth-capital-protection-matis\\\/#breadcrumb\",\"itemListElement\":[{\"@type\":\"ListItem\",\"position\":1,\"name\":\"Accueil\",\"item\":\"https:\\\/\\\/accesbeaute.ca\\\/en\\\/\"},{\"@type\":\"ListItem\",\"position\":2,\"name\":\"Boutique\",\"item\":\"https:\\\/\\\/accesbeaute.ca\\\/boutique\\\/\"},{\"@type\":\"ListItem\",\"position\":3,\"name\":\"Soins &amp; Cr\u00e8mes antirides\",\"item\":\"https:\\\/\\\/accesbeaute.ca\\\/en\\\/acheter\\\/soins-cremes-antirides\\\/\"},{\"@type\":\"ListItem\",\"position\":4,\"name\":\"Cell-Skin \u2013 Universal Cream, youth capital protection &#8211; Matis\"}]},{\"@type\":\"WebSite\",\"@id\":\"https:\\\/\\\/accesbeaute.ca\\\/en\\\/#website\",\"url\":\"https:\\\/\\\/accesbeaute.ca\\\/en\\\/\",\"name\":\"Acc\u00e8s Beaut\u00e9\",\"description\":\"Achat de produits de beaut\u00e9 en ligne\",\"potentialAction\":[{\"@type\":\"SearchAction\",\"target\":{\"@type\":\"EntryPoint\",\"urlTemplate\":\"https:\\\/\\\/accesbeaute.ca\\\/en\\\/?s={search_term_string}\"},\"query-input\":{\"@type\":\"PropertyValueSpecification\",\"valueRequired\":true,\"valueName\":\"search_term_string\"}}],\"inLanguage\":\"en-US\"}]}<\/script>\n<!-- \/ Yoast SEO plugin. -->","yoast_head_json":{"title":"Cell-Skin \u2013 Universal Cream, youth capital protection - Matis  - Achat en ligne","description":"%","robots":{"index":"index","follow":"follow","max-snippet":"max-snippet:-1","max-image-preview":"max-image-preview:large","max-video-preview":"max-video-preview:-1"},"canonical":"https:\/\/accesbeaute.ca\/en\/buy\/cell-skin-universal-cream-youth-capital-protection-matis\/","og_locale":"en_US","og_type":"article","og_title":"Cell-Skin \u2013 Universal Cream, youth capital protection - Matis  - Achat en ligne","og_description":"%","og_url":"https:\/\/accesbeaute.ca\/en\/buy\/cell-skin-universal-cream-youth-capital-protection-matis\/","og_site_name":"Acc\u00e8s Beaut\u00e9","og_image":[{"width":922,"height":922,"url":"https:\/\/accesbeaute.ca\/wp-content\/uploads\/2022\/10\/cell-skin-matis.jpg","type":"image\/jpeg"}],"twitter_card":"summary_large_image","twitter_misc":{"Est. reading time":"1 minute"},"schema":{"@context":"https:\/\/schema.org","@graph":[{"@type":"WebPage","@id":"https:\/\/accesbeaute.ca\/en\/buy\/cell-skin-universal-cream-youth-capital-protection-matis\/","url":"https:\/\/accesbeaute.ca\/en\/buy\/cell-skin-universal-cream-youth-capital-protection-matis\/","name":"Cell-Skin \u2013 Universal Cream, youth capital protection - Matis - Achat en ligne","isPartOf":{"@id":"https:\/\/accesbeaute.ca\/en\/#website"},"primaryImageOfPage":{"@id":"https:\/\/accesbeaute.ca\/en\/buy\/cell-skin-universal-cream-youth-capital-protection-matis\/#primaryimage"},"image":{"@id":"https:\/\/accesbeaute.ca\/en\/buy\/cell-skin-universal-cream-youth-capital-protection-matis\/#primaryimage"},"thumbnailUrl":"https:\/\/accesbeaute.ca\/wp-content\/uploads\/2022\/10\/cell-skin-matis.jpg","datePublished":"2022-10-07T12:57:56+00:00","description":"%","breadcrumb":{"@id":"https:\/\/accesbeaute.ca\/en\/buy\/cell-skin-universal-cream-youth-capital-protection-matis\/#breadcrumb"},"inLanguage":"en-US","potentialAction":[{"@type":"ReadAction","target":["https:\/\/accesbeaute.ca\/en\/buy\/cell-skin-universal-cream-youth-capital-protection-matis\/"]}]},{"@type":"ImageObject","inLanguage":"en-US","@id":"https:\/\/accesbeaute.ca\/en\/buy\/cell-skin-universal-cream-youth-capital-protection-matis\/#primaryimage","url":"https:\/\/accesbeaute.ca\/wp-content\/uploads\/2022\/10\/cell-skin-matis.jpg","contentUrl":"https:\/\/accesbeaute.ca\/wp-content\/uploads\/2022\/10\/cell-skin-matis.jpg","width":922,"height":922},{"@type":"BreadcrumbList","@id":"https:\/\/accesbeaute.ca\/en\/buy\/cell-skin-universal-cream-youth-capital-protection-matis\/#breadcrumb","itemListElement":[{"@type":"ListItem","position":1,"name":"Accueil","item":"https:\/\/accesbeaute.ca\/en\/"},{"@type":"ListItem","position":2,"name":"Boutique","item":"https:\/\/accesbeaute.ca\/boutique\/"},{"@type":"ListItem","position":3,"name":"Soins &amp; Cr\u00e8mes antirides","item":"https:\/\/accesbeaute.ca\/en\/acheter\/soins-cremes-antirides\/"},{"@type":"ListItem","position":4,"name":"Cell-Skin \u2013 Universal Cream, youth capital protection &#8211; Matis"}]},{"@type":"WebSite","@id":"https:\/\/accesbeaute.ca\/en\/#website","url":"https:\/\/accesbeaute.ca\/en\/","name":"Acc\u00e8s Beaut\u00e9","description":"Achat de produits de beaut\u00e9 en ligne","potentialAction":[{"@type":"SearchAction","target":{"@type":"EntryPoint","urlTemplate":"https:\/\/accesbeaute.ca\/en\/?s={search_term_string}"},"query-input":{"@type":"PropertyValueSpecification","valueRequired":true,"valueName":"search_term_string"}}],"inLanguage":"en-US"}]}},"_links":{"self":[{"href":"https:\/\/accesbeaute.ca\/en\/wp-json\/wp\/v2\/product\/6472","targetHints":{"allow":["GET"]}}],"collection":[{"href":"https:\/\/accesbeaute.ca\/en\/wp-json\/wp\/v2\/product"}],"about":[{"href":"https:\/\/accesbeaute.ca\/en\/wp-json\/wp\/v2\/types\/product"}],"wp:featuredmedia":[{"embeddable":true,"href":"https:\/\/accesbeaute.ca\/en\/wp-json\/wp\/v2\/media\/4458"}],"wp:attachment":[{"href":"https:\/\/accesbeaute.ca\/en\/wp-json\/wp\/v2\/media?parent=6472"}],"wp:term":[{"taxonomy":"product_brand","embeddable":true,"href":"https:\/\/accesbeaute.ca\/en\/wp-json\/wp\/v2\/product_brand?post=6472"},{"taxonomy":"product_cat","embeddable":true,"href":"https:\/\/accesbeaute.ca\/en\/wp-json\/wp\/v2\/product_cat?post=6472"},{"taxonomy":"product_tag","embeddable":true,"href":"https:\/\/accesbeaute.ca\/en\/wp-json\/wp\/v2\/product_tag?post=6472"}],"curies":[{"name":"wp","href":"https:\/\/api.w.org\/{rel}","templated":true}]}}