{"id":6473,"date":"2022-10-07T12:41:37","date_gmt":"2022-10-07T12:41:37","guid":{"rendered":"https:\/\/accesbeaute.ca\/achat\/relax-eyes-anti-fatigue-treatment-dark-circles-and-bags-matis\/"},"modified":"2026-04-07T00:03:17","modified_gmt":"2026-04-07T00:03:17","slug":"relax-eyes-anti-fatigue-treatment-dark-circles-and-bags-matis","status":"publish","type":"product","link":"https:\/\/accesbeaute.ca\/en\/buy\/relax-eyes-anti-fatigue-treatment-dark-circles-and-bags-matis\/","title":{"rendered":"Relax-Eyes \u2013 Anti-fatigue treatment, dark circles and bags &#8211; Matis"},"content":{"rendered":"<ul>\n<li>Eye contour care<\/li>\n<li>Ideal for people who have several aging factors<\/li>\n<li>Size: 15 ml<\/li>\n<\/ul>\n<p>It combines a peptide to improve the appearance of dark circles and puffiness, and a firming extract. Match tea water relaxes the eye area. Mango butter hydrates the eye contour. Its gel-cream texture provides a soothing cool sensation.<\/p>\n<p>Visible results<br \/>100% Moisturized eye contour<br \/>91% Pockets decongested<br \/>91% Dark circles less visible<br \/>86% More relaxed look<\/p>\n","protected":false},"excerpt":{"rendered":"<hr class=\"ligne-grise\" \/>\n<p><strong>Brand:<\/strong> <a href=\"\/acheter\/matis\">Matis<\/a><\/p>\n<p>This anti-fatigue treatment, which is suitable for the fine and sensitive skin around the eye, will put the twinkle back in your eye and tone down signs of fatigue.\u00a0<\/p>\n","protected":false},"featured_media":6848,"template":"","meta":{"_et_pb_use_builder":"","_et_pb_old_content":"","_et_gb_content_width":""},"product_brand":[],"product_cat":[226,227,218,219],"product_tag":[],"class_list":{"0":"post-6473","1":"product","2":"type-product","3":"status-publish","4":"has-post-thumbnail","6":"product_cat-produits-pour-poches-et-cernes","7":"product_cat-produits-pour-soins-des-yeux","8":"product_cat-soins-cremes-antirides","9":"product_cat-soins-anti-age","11":"first","12":"instock","13":"taxable","14":"shipping-taxable","15":"purchasable","16":"product-type-simple"},"yoast_head":"<!-- This site is optimized with the Yoast SEO plugin v27.3 - https:\/\/yoast.com\/product\/yoast-seo-wordpress\/ -->\n<title>Relax-Eyes \u2013 Anti-fatigue treatment, dark circles and bags - Matis  - Achat en ligne<\/title>\n<meta name=\"description\" content=\"%\" \/>\n<meta name=\"robots\" content=\"index, follow, max-snippet:-1, max-image-preview:large, max-video-preview:-1\" \/>\n<link rel=\"canonical\" href=\"https:\/\/accesbeaute.ca\/en\/buy\/relax-eyes-anti-fatigue-treatment-dark-circles-and-bags-matis\/\" \/>\n<meta property=\"og:locale\" content=\"en_US\" \/>\n<meta property=\"og:type\" content=\"article\" \/>\n<meta property=\"og:title\" content=\"Relax-Eyes \u2013 Anti-fatigue treatment, dark circles and bags - Matis  - Achat en ligne\" \/>\n<meta property=\"og:description\" content=\"%\" \/>\n<meta property=\"og:url\" content=\"https:\/\/accesbeaute.ca\/en\/buy\/relax-eyes-anti-fatigue-treatment-dark-circles-and-bags-matis\/\" \/>\n<meta property=\"og:site_name\" content=\"Acc\u00e8s Beaut\u00e9\" \/>\n<meta property=\"article:modified_time\" content=\"2026-04-07T00:03:17+00:00\" \/>\n<meta property=\"og:image\" content=\"https:\/\/accesbeaute.ca\/wp-content\/uploads\/2022\/10\/relax-eyes-matis.jpg\" \/>\n\t<meta property=\"og:image:width\" content=\"664\" \/>\n\t<meta property=\"og:image:height\" content=\"664\" \/>\n\t<meta property=\"og:image:type\" content=\"image\/jpeg\" \/>\n<meta name=\"twitter:card\" content=\"summary_large_image\" \/>\n<script type=\"application\/ld+json\" class=\"yoast-schema-graph\">{\"@context\":\"https:\\\/\\\/schema.org\",\"@graph\":[{\"@type\":\"WebPage\",\"@id\":\"https:\\\/\\\/accesbeaute.ca\\\/en\\\/buy\\\/relax-eyes-anti-fatigue-treatment-dark-circles-and-bags-matis\\\/\",\"url\":\"https:\\\/\\\/accesbeaute.ca\\\/en\\\/buy\\\/relax-eyes-anti-fatigue-treatment-dark-circles-and-bags-matis\\\/\",\"name\":\"Relax-Eyes \u2013 Anti-fatigue treatment, dark circles and bags - Matis - Achat en ligne\",\"isPartOf\":{\"@id\":\"https:\\\/\\\/accesbeaute.ca\\\/en\\\/#website\"},\"primaryImageOfPage\":{\"@id\":\"https:\\\/\\\/accesbeaute.ca\\\/en\\\/buy\\\/relax-eyes-anti-fatigue-treatment-dark-circles-and-bags-matis\\\/#primaryimage\"},\"image\":{\"@id\":\"https:\\\/\\\/accesbeaute.ca\\\/en\\\/buy\\\/relax-eyes-anti-fatigue-treatment-dark-circles-and-bags-matis\\\/#primaryimage\"},\"thumbnailUrl\":\"https:\\\/\\\/accesbeaute.ca\\\/wp-content\\\/uploads\\\/2022\\\/10\\\/MatisRelaxEyes.webp\",\"datePublished\":\"2022-10-07T12:41:37+00:00\",\"dateModified\":\"2026-04-07T00:03:17+00:00\",\"description\":\"%\",\"breadcrumb\":{\"@id\":\"https:\\\/\\\/accesbeaute.ca\\\/en\\\/buy\\\/relax-eyes-anti-fatigue-treatment-dark-circles-and-bags-matis\\\/#breadcrumb\"},\"inLanguage\":\"en-US\",\"potentialAction\":[{\"@type\":\"ReadAction\",\"target\":[\"https:\\\/\\\/accesbeaute.ca\\\/en\\\/buy\\\/relax-eyes-anti-fatigue-treatment-dark-circles-and-bags-matis\\\/\"]}]},{\"@type\":\"ImageObject\",\"inLanguage\":\"en-US\",\"@id\":\"https:\\\/\\\/accesbeaute.ca\\\/en\\\/buy\\\/relax-eyes-anti-fatigue-treatment-dark-circles-and-bags-matis\\\/#primaryimage\",\"url\":\"https:\\\/\\\/accesbeaute.ca\\\/wp-content\\\/uploads\\\/2022\\\/10\\\/MatisRelaxEyes.webp\",\"contentUrl\":\"https:\\\/\\\/accesbeaute.ca\\\/wp-content\\\/uploads\\\/2022\\\/10\\\/MatisRelaxEyes.webp\",\"width\":900,\"height\":900},{\"@type\":\"BreadcrumbList\",\"@id\":\"https:\\\/\\\/accesbeaute.ca\\\/en\\\/buy\\\/relax-eyes-anti-fatigue-treatment-dark-circles-and-bags-matis\\\/#breadcrumb\",\"itemListElement\":[{\"@type\":\"ListItem\",\"position\":1,\"name\":\"Accueil\",\"item\":\"https:\\\/\\\/accesbeaute.ca\\\/en\\\/\"},{\"@type\":\"ListItem\",\"position\":2,\"name\":\"Boutique\",\"item\":\"https:\\\/\\\/accesbeaute.ca\\\/boutique\\\/\"},{\"@type\":\"ListItem\",\"position\":3,\"name\":\"Produits pour poches et cernes\",\"item\":\"https:\\\/\\\/accesbeaute.ca\\\/en\\\/acheter\\\/produits-pour-poches-et-cernes\\\/\"},{\"@type\":\"ListItem\",\"position\":4,\"name\":\"Relax-Eyes \u2013 Anti-fatigue treatment, dark circles and bags &#8211; Matis\"}]},{\"@type\":\"WebSite\",\"@id\":\"https:\\\/\\\/accesbeaute.ca\\\/en\\\/#website\",\"url\":\"https:\\\/\\\/accesbeaute.ca\\\/en\\\/\",\"name\":\"Acc\u00e8s Beaut\u00e9\",\"description\":\"Achat de produits de beaut\u00e9 en ligne\",\"potentialAction\":[{\"@type\":\"SearchAction\",\"target\":{\"@type\":\"EntryPoint\",\"urlTemplate\":\"https:\\\/\\\/accesbeaute.ca\\\/en\\\/?s={search_term_string}\"},\"query-input\":{\"@type\":\"PropertyValueSpecification\",\"valueRequired\":true,\"valueName\":\"search_term_string\"}}],\"inLanguage\":\"en-US\"}]}<\/script>\n<!-- \/ Yoast SEO plugin. -->","yoast_head_json":{"title":"Relax-Eyes \u2013 Anti-fatigue treatment, dark circles and bags - Matis  - Achat en ligne","description":"%","robots":{"index":"index","follow":"follow","max-snippet":"max-snippet:-1","max-image-preview":"max-image-preview:large","max-video-preview":"max-video-preview:-1"},"canonical":"https:\/\/accesbeaute.ca\/en\/buy\/relax-eyes-anti-fatigue-treatment-dark-circles-and-bags-matis\/","og_locale":"en_US","og_type":"article","og_title":"Relax-Eyes \u2013 Anti-fatigue treatment, dark circles and bags - Matis  - Achat en ligne","og_description":"%","og_url":"https:\/\/accesbeaute.ca\/en\/buy\/relax-eyes-anti-fatigue-treatment-dark-circles-and-bags-matis\/","og_site_name":"Acc\u00e8s Beaut\u00e9","article_modified_time":"2026-04-07T00:03:17+00:00","og_image":[{"width":664,"height":664,"url":"https:\/\/accesbeaute.ca\/wp-content\/uploads\/2022\/10\/relax-eyes-matis.jpg","type":"image\/jpeg"}],"twitter_card":"summary_large_image","schema":{"@context":"https:\/\/schema.org","@graph":[{"@type":"WebPage","@id":"https:\/\/accesbeaute.ca\/en\/buy\/relax-eyes-anti-fatigue-treatment-dark-circles-and-bags-matis\/","url":"https:\/\/accesbeaute.ca\/en\/buy\/relax-eyes-anti-fatigue-treatment-dark-circles-and-bags-matis\/","name":"Relax-Eyes \u2013 Anti-fatigue treatment, dark circles and bags - Matis - Achat en ligne","isPartOf":{"@id":"https:\/\/accesbeaute.ca\/en\/#website"},"primaryImageOfPage":{"@id":"https:\/\/accesbeaute.ca\/en\/buy\/relax-eyes-anti-fatigue-treatment-dark-circles-and-bags-matis\/#primaryimage"},"image":{"@id":"https:\/\/accesbeaute.ca\/en\/buy\/relax-eyes-anti-fatigue-treatment-dark-circles-and-bags-matis\/#primaryimage"},"thumbnailUrl":"https:\/\/accesbeaute.ca\/wp-content\/uploads\/2022\/10\/MatisRelaxEyes.webp","datePublished":"2022-10-07T12:41:37+00:00","dateModified":"2026-04-07T00:03:17+00:00","description":"%","breadcrumb":{"@id":"https:\/\/accesbeaute.ca\/en\/buy\/relax-eyes-anti-fatigue-treatment-dark-circles-and-bags-matis\/#breadcrumb"},"inLanguage":"en-US","potentialAction":[{"@type":"ReadAction","target":["https:\/\/accesbeaute.ca\/en\/buy\/relax-eyes-anti-fatigue-treatment-dark-circles-and-bags-matis\/"]}]},{"@type":"ImageObject","inLanguage":"en-US","@id":"https:\/\/accesbeaute.ca\/en\/buy\/relax-eyes-anti-fatigue-treatment-dark-circles-and-bags-matis\/#primaryimage","url":"https:\/\/accesbeaute.ca\/wp-content\/uploads\/2022\/10\/MatisRelaxEyes.webp","contentUrl":"https:\/\/accesbeaute.ca\/wp-content\/uploads\/2022\/10\/MatisRelaxEyes.webp","width":900,"height":900},{"@type":"BreadcrumbList","@id":"https:\/\/accesbeaute.ca\/en\/buy\/relax-eyes-anti-fatigue-treatment-dark-circles-and-bags-matis\/#breadcrumb","itemListElement":[{"@type":"ListItem","position":1,"name":"Accueil","item":"https:\/\/accesbeaute.ca\/en\/"},{"@type":"ListItem","position":2,"name":"Boutique","item":"https:\/\/accesbeaute.ca\/boutique\/"},{"@type":"ListItem","position":3,"name":"Produits pour poches et cernes","item":"https:\/\/accesbeaute.ca\/en\/acheter\/produits-pour-poches-et-cernes\/"},{"@type":"ListItem","position":4,"name":"Relax-Eyes \u2013 Anti-fatigue treatment, dark circles and bags &#8211; Matis"}]},{"@type":"WebSite","@id":"https:\/\/accesbeaute.ca\/en\/#website","url":"https:\/\/accesbeaute.ca\/en\/","name":"Acc\u00e8s Beaut\u00e9","description":"Achat de produits de beaut\u00e9 en ligne","potentialAction":[{"@type":"SearchAction","target":{"@type":"EntryPoint","urlTemplate":"https:\/\/accesbeaute.ca\/en\/?s={search_term_string}"},"query-input":{"@type":"PropertyValueSpecification","valueRequired":true,"valueName":"search_term_string"}}],"inLanguage":"en-US"}]}},"_links":{"self":[{"href":"https:\/\/accesbeaute.ca\/en\/wp-json\/wp\/v2\/product\/6473","targetHints":{"allow":["GET"]}}],"collection":[{"href":"https:\/\/accesbeaute.ca\/en\/wp-json\/wp\/v2\/product"}],"about":[{"href":"https:\/\/accesbeaute.ca\/en\/wp-json\/wp\/v2\/types\/product"}],"wp:featuredmedia":[{"embeddable":true,"href":"https:\/\/accesbeaute.ca\/en\/wp-json\/wp\/v2\/media\/6848"}],"wp:attachment":[{"href":"https:\/\/accesbeaute.ca\/en\/wp-json\/wp\/v2\/media?parent=6473"}],"wp:term":[{"taxonomy":"product_brand","embeddable":true,"href":"https:\/\/accesbeaute.ca\/en\/wp-json\/wp\/v2\/product_brand?post=6473"},{"taxonomy":"product_cat","embeddable":true,"href":"https:\/\/accesbeaute.ca\/en\/wp-json\/wp\/v2\/product_cat?post=6473"},{"taxonomy":"product_tag","embeddable":true,"href":"https:\/\/accesbeaute.ca\/en\/wp-json\/wp\/v2\/product_tag?post=6473"}],"curies":[{"name":"wp","href":"https:\/\/api.w.org\/{rel}","templated":true}]}}