{"id":6474,"date":"2022-05-09T13:52:53","date_gmt":"2022-05-09T13:52:53","guid":{"rendered":"https:\/\/accesbeaute.ca\/achat\/glow-serum-radiance-revealing-serum-matis\/"},"modified":"2022-05-09T13:52:53","modified_gmt":"2022-05-09T13:52:53","slug":"glow-serum-radiance-revealing-serum-matis","status":"publish","type":"product","link":"https:\/\/accesbeaute.ca\/en\/buy\/glow-serum-radiance-revealing-serum-matis\/","title":{"rendered":"Glow-Serum &#8211; Radiance revealing serum &#8211; Matis"},"content":{"rendered":"<ul>\n<li>Radiance revealing serum<\/li>\n<li>Brightens the complexion<\/li>\n<li>The ideal treatment during periods of stress or fatigue<\/li>\n<li>Size: 30 ml<\/li>\n<\/ul>\n<p>At the heart of the formula, the high molecular weight hyaluronic acid with plumping and moisturizing properties, is combined with optimized Vitamin C renowned to unify the complexion and to revive its radiance. This serum also contains a specific ingredient citroflavonoid-based and Vitamin C to enhance radiance. Dermatologically tested.<\/p>\n","protected":false},"excerpt":{"rendered":"<hr class=\"ligne-grise\" \/>\n<p><strong>Brand:<\/strong> <a href=\"\/acheter\/matis\">Matis<\/a><\/p>\n<p>This radiance revealing serum\u2019s silky texture forms a light layer over the skin.<\/p>\n","protected":false},"featured_media":4215,"template":"","meta":{"_et_pb_use_builder":"","_et_pb_old_content":"","_et_gb_content_width":""},"product_brand":[],"product_cat":[191,195],"product_tag":[],"class_list":{"0":"post-6474","1":"product","2":"type-product","3":"status-publish","4":"has-post-thumbnail","6":"product_cat-produits-de-beaute-pour-tout-type-de-peau-en","7":"product_cat-produit-de-beaute-teint-terne-en","9":"first","10":"instock","11":"taxable","12":"shipping-taxable","13":"purchasable","14":"product-type-simple"},"yoast_head":"<!-- This site is optimized with the Yoast SEO plugin v27.3 - https:\/\/yoast.com\/product\/yoast-seo-wordpress\/ -->\n<title>Glow-Serum - Radiance revealing serum - Matis  - Achat en ligne<\/title>\n<meta name=\"description\" content=\"%\" \/>\n<meta name=\"robots\" content=\"index, follow, max-snippet:-1, max-image-preview:large, max-video-preview:-1\" \/>\n<link rel=\"canonical\" href=\"https:\/\/accesbeaute.ca\/en\/buy\/glow-serum-radiance-revealing-serum-matis\/\" \/>\n<meta property=\"og:locale\" content=\"en_US\" \/>\n<meta property=\"og:type\" content=\"article\" \/>\n<meta property=\"og:title\" content=\"Glow-Serum - Radiance revealing serum - Matis  - Achat en ligne\" \/>\n<meta property=\"og:description\" content=\"%\" \/>\n<meta property=\"og:url\" content=\"https:\/\/accesbeaute.ca\/en\/buy\/glow-serum-radiance-revealing-serum-matis\/\" \/>\n<meta property=\"og:site_name\" content=\"Acc\u00e8s Beaut\u00e9\" \/>\n<meta property=\"og:image\" content=\"https:\/\/accesbeaute.ca\/wp-content\/uploads\/2022\/05\/glow-serum-matis.jpg\" \/>\n\t<meta property=\"og:image:width\" content=\"832\" \/>\n\t<meta property=\"og:image:height\" content=\"832\" \/>\n\t<meta property=\"og:image:type\" content=\"image\/jpeg\" \/>\n<meta name=\"twitter:card\" content=\"summary_large_image\" \/>\n<script type=\"application\/ld+json\" class=\"yoast-schema-graph\">{\"@context\":\"https:\\\/\\\/schema.org\",\"@graph\":[{\"@type\":\"WebPage\",\"@id\":\"https:\\\/\\\/accesbeaute.ca\\\/en\\\/buy\\\/glow-serum-radiance-revealing-serum-matis\\\/\",\"url\":\"https:\\\/\\\/accesbeaute.ca\\\/en\\\/buy\\\/glow-serum-radiance-revealing-serum-matis\\\/\",\"name\":\"Glow-Serum - Radiance revealing serum - Matis - Achat en ligne\",\"isPartOf\":{\"@id\":\"https:\\\/\\\/accesbeaute.ca\\\/en\\\/#website\"},\"primaryImageOfPage\":{\"@id\":\"https:\\\/\\\/accesbeaute.ca\\\/en\\\/buy\\\/glow-serum-radiance-revealing-serum-matis\\\/#primaryimage\"},\"image\":{\"@id\":\"https:\\\/\\\/accesbeaute.ca\\\/en\\\/buy\\\/glow-serum-radiance-revealing-serum-matis\\\/#primaryimage\"},\"thumbnailUrl\":\"https:\\\/\\\/accesbeaute.ca\\\/wp-content\\\/uploads\\\/2022\\\/05\\\/glow-serum-matis.jpg\",\"datePublished\":\"2022-05-09T13:52:53+00:00\",\"description\":\"%\",\"breadcrumb\":{\"@id\":\"https:\\\/\\\/accesbeaute.ca\\\/en\\\/buy\\\/glow-serum-radiance-revealing-serum-matis\\\/#breadcrumb\"},\"inLanguage\":\"en-US\",\"potentialAction\":[{\"@type\":\"ReadAction\",\"target\":[\"https:\\\/\\\/accesbeaute.ca\\\/en\\\/buy\\\/glow-serum-radiance-revealing-serum-matis\\\/\"]}]},{\"@type\":\"ImageObject\",\"inLanguage\":\"en-US\",\"@id\":\"https:\\\/\\\/accesbeaute.ca\\\/en\\\/buy\\\/glow-serum-radiance-revealing-serum-matis\\\/#primaryimage\",\"url\":\"https:\\\/\\\/accesbeaute.ca\\\/wp-content\\\/uploads\\\/2022\\\/05\\\/glow-serum-matis.jpg\",\"contentUrl\":\"https:\\\/\\\/accesbeaute.ca\\\/wp-content\\\/uploads\\\/2022\\\/05\\\/glow-serum-matis.jpg\",\"width\":832,\"height\":832},{\"@type\":\"BreadcrumbList\",\"@id\":\"https:\\\/\\\/accesbeaute.ca\\\/en\\\/buy\\\/glow-serum-radiance-revealing-serum-matis\\\/#breadcrumb\",\"itemListElement\":[{\"@type\":\"ListItem\",\"position\":1,\"name\":\"Accueil\",\"item\":\"https:\\\/\\\/accesbeaute.ca\\\/en\\\/\"},{\"@type\":\"ListItem\",\"position\":2,\"name\":\"Boutique\",\"item\":\"https:\\\/\\\/accesbeaute.ca\\\/boutique\\\/\"},{\"@type\":\"ListItem\",\"position\":3,\"name\":\"Produits de beaut\u00e9 pour tout type de peau\",\"item\":\"https:\\\/\\\/accesbeaute.ca\\\/en\\\/acheter\\\/produits-de-beaute-pour-tout-type-de-peau-en\\\/\"},{\"@type\":\"ListItem\",\"position\":4,\"name\":\"Glow-Serum &#8211; Radiance revealing serum &#8211; Matis\"}]},{\"@type\":\"WebSite\",\"@id\":\"https:\\\/\\\/accesbeaute.ca\\\/en\\\/#website\",\"url\":\"https:\\\/\\\/accesbeaute.ca\\\/en\\\/\",\"name\":\"Acc\u00e8s Beaut\u00e9\",\"description\":\"Achat de produits de beaut\u00e9 en ligne\",\"potentialAction\":[{\"@type\":\"SearchAction\",\"target\":{\"@type\":\"EntryPoint\",\"urlTemplate\":\"https:\\\/\\\/accesbeaute.ca\\\/en\\\/?s={search_term_string}\"},\"query-input\":{\"@type\":\"PropertyValueSpecification\",\"valueRequired\":true,\"valueName\":\"search_term_string\"}}],\"inLanguage\":\"en-US\"}]}<\/script>\n<!-- \/ Yoast SEO plugin. -->","yoast_head_json":{"title":"Glow-Serum - Radiance revealing serum - Matis  - Achat en ligne","description":"%","robots":{"index":"index","follow":"follow","max-snippet":"max-snippet:-1","max-image-preview":"max-image-preview:large","max-video-preview":"max-video-preview:-1"},"canonical":"https:\/\/accesbeaute.ca\/en\/buy\/glow-serum-radiance-revealing-serum-matis\/","og_locale":"en_US","og_type":"article","og_title":"Glow-Serum - Radiance revealing serum - Matis  - Achat en ligne","og_description":"%","og_url":"https:\/\/accesbeaute.ca\/en\/buy\/glow-serum-radiance-revealing-serum-matis\/","og_site_name":"Acc\u00e8s Beaut\u00e9","og_image":[{"width":832,"height":832,"url":"https:\/\/accesbeaute.ca\/wp-content\/uploads\/2022\/05\/glow-serum-matis.jpg","type":"image\/jpeg"}],"twitter_card":"summary_large_image","schema":{"@context":"https:\/\/schema.org","@graph":[{"@type":"WebPage","@id":"https:\/\/accesbeaute.ca\/en\/buy\/glow-serum-radiance-revealing-serum-matis\/","url":"https:\/\/accesbeaute.ca\/en\/buy\/glow-serum-radiance-revealing-serum-matis\/","name":"Glow-Serum - Radiance revealing serum - Matis - Achat en ligne","isPartOf":{"@id":"https:\/\/accesbeaute.ca\/en\/#website"},"primaryImageOfPage":{"@id":"https:\/\/accesbeaute.ca\/en\/buy\/glow-serum-radiance-revealing-serum-matis\/#primaryimage"},"image":{"@id":"https:\/\/accesbeaute.ca\/en\/buy\/glow-serum-radiance-revealing-serum-matis\/#primaryimage"},"thumbnailUrl":"https:\/\/accesbeaute.ca\/wp-content\/uploads\/2022\/05\/glow-serum-matis.jpg","datePublished":"2022-05-09T13:52:53+00:00","description":"%","breadcrumb":{"@id":"https:\/\/accesbeaute.ca\/en\/buy\/glow-serum-radiance-revealing-serum-matis\/#breadcrumb"},"inLanguage":"en-US","potentialAction":[{"@type":"ReadAction","target":["https:\/\/accesbeaute.ca\/en\/buy\/glow-serum-radiance-revealing-serum-matis\/"]}]},{"@type":"ImageObject","inLanguage":"en-US","@id":"https:\/\/accesbeaute.ca\/en\/buy\/glow-serum-radiance-revealing-serum-matis\/#primaryimage","url":"https:\/\/accesbeaute.ca\/wp-content\/uploads\/2022\/05\/glow-serum-matis.jpg","contentUrl":"https:\/\/accesbeaute.ca\/wp-content\/uploads\/2022\/05\/glow-serum-matis.jpg","width":832,"height":832},{"@type":"BreadcrumbList","@id":"https:\/\/accesbeaute.ca\/en\/buy\/glow-serum-radiance-revealing-serum-matis\/#breadcrumb","itemListElement":[{"@type":"ListItem","position":1,"name":"Accueil","item":"https:\/\/accesbeaute.ca\/en\/"},{"@type":"ListItem","position":2,"name":"Boutique","item":"https:\/\/accesbeaute.ca\/boutique\/"},{"@type":"ListItem","position":3,"name":"Produits de beaut\u00e9 pour tout type de peau","item":"https:\/\/accesbeaute.ca\/en\/acheter\/produits-de-beaute-pour-tout-type-de-peau-en\/"},{"@type":"ListItem","position":4,"name":"Glow-Serum &#8211; Radiance revealing serum &#8211; Matis"}]},{"@type":"WebSite","@id":"https:\/\/accesbeaute.ca\/en\/#website","url":"https:\/\/accesbeaute.ca\/en\/","name":"Acc\u00e8s Beaut\u00e9","description":"Achat de produits de beaut\u00e9 en ligne","potentialAction":[{"@type":"SearchAction","target":{"@type":"EntryPoint","urlTemplate":"https:\/\/accesbeaute.ca\/en\/?s={search_term_string}"},"query-input":{"@type":"PropertyValueSpecification","valueRequired":true,"valueName":"search_term_string"}}],"inLanguage":"en-US"}]}},"_links":{"self":[{"href":"https:\/\/accesbeaute.ca\/en\/wp-json\/wp\/v2\/product\/6474","targetHints":{"allow":["GET"]}}],"collection":[{"href":"https:\/\/accesbeaute.ca\/en\/wp-json\/wp\/v2\/product"}],"about":[{"href":"https:\/\/accesbeaute.ca\/en\/wp-json\/wp\/v2\/types\/product"}],"wp:featuredmedia":[{"embeddable":true,"href":"https:\/\/accesbeaute.ca\/en\/wp-json\/wp\/v2\/media\/4215"}],"wp:attachment":[{"href":"https:\/\/accesbeaute.ca\/en\/wp-json\/wp\/v2\/media?parent=6474"}],"wp:term":[{"taxonomy":"product_brand","embeddable":true,"href":"https:\/\/accesbeaute.ca\/en\/wp-json\/wp\/v2\/product_brand?post=6474"},{"taxonomy":"product_cat","embeddable":true,"href":"https:\/\/accesbeaute.ca\/en\/wp-json\/wp\/v2\/product_cat?post=6474"},{"taxonomy":"product_tag","embeddable":true,"href":"https:\/\/accesbeaute.ca\/en\/wp-json\/wp\/v2\/product_tag?post=6474"}],"curies":[{"name":"wp","href":"https:\/\/api.w.org\/{rel}","templated":true}]}}